{"id":3490,"date":"2026-01-07T15:01:57","date_gmt":"2026-01-07T15:01:57","guid":{"rendered":"https:\/\/festivalmusicajove.com\/?page_id=3490"},"modified":"2026-01-14T20:08:56","modified_gmt":"2026-01-14T20:08:56","slug":"lets-sing-2","status":"publish","type":"page","link":"https:\/\/festivalmusicajove.com\/es\/lets-sing-2\/","title":{"rendered":"Let's sing!"},"content":{"rendered":"<div   class='avia-fullscreen-slider main_color   avia-builder-el-0  el_before_av_one_full  avia-builder-el-first  container_wrap fullsize'  ><div  class='avia-slideshow av-mkegedtc-c854ee41f5bfbace59f701d12bc60c28 avia-slideshow-extra_large av_fullscreen avia-slide-slider av-slideshow-ui av-control-default av-slideshow-manual av-loop-once av-loop-manual-endless av-default-height-applied   avia-slideshow-1' data-slideshow-options=\"{&quot;animation&quot;:&quot;slide&quot;,&quot;autoplay&quot;:false,&quot;loop_autoplay&quot;:&quot;once&quot;,&quot;interval&quot;:5,&quot;loop_manual&quot;:&quot;manual-endless&quot;,&quot;autoplay_stopper&quot;:false,&quot;noNavigation&quot;:false,&quot;bg_slider&quot;:true,&quot;keep_padding&quot;:false,&quot;hoverpause&quot;:false,&quot;show_slide_delay&quot;:0,&quot;slide_height&quot;:&quot;100&quot;,&quot;image_attachment&quot;:&quot;&quot;}\"  itemprop=\"image\" itemscope=\"itemscope\" itemtype=\"https:\/\/schema.org\/ImageObject\" ><ul class='avia-slideshow-inner' style='padding-bottom: 56.222547584187%;'><li style='background-position:center center;' data-img-url='https:\/\/festivalmusicajove.com\/wp-content\/uploads\/2026\/01\/Anadir-un-subtitulo.png' class='avia-slideshow-slide av-mkegedtc-c854ee41f5bfbace59f701d12bc60c28__0  av-single-slide slide-1 slide-odd'><div data-rel='slideshow-1' class='avia-slide-wrap'   ><\/div><\/li><\/ul><\/div><\/div><div id='after_full_slider_1'  class='main_color av_default_container_wrap container_wrap fullsize'  ><div class='container av-section-cont-open' ><div class='template-page content  av-content-full alpha units'><div class='post-entry post-entry-type-page post-entry-3490'><div class='entry-content-wrapper clearfix'>\n<div class='flex_column av-61frph-0dedca1f4c4628db8f8063a0d24c7684 av_one_full  avia-builder-el-1  el_after_av_fullscreen  el_before_av_one_third  avia-builder-el-first  first flex_column_div'     ><p>\n<style type=\"text\/css\" data-created_by=\"avia_inline_auto\" id=\"style-css-av-m5l9jox3-f17347b0e8ce6f7a69646f213b07b9a6\">\n#top .av-special-heading.av-m5l9jox3-f17347b0e8ce6f7a69646f213b07b9a6{\npadding-bottom:10px;\n}\nbody .av-special-heading.av-m5l9jox3-f17347b0e8ce6f7a69646f213b07b9a6 .av-special-heading-tag .heading-char{\nfont-size:25px;\n}\n.av-special-heading.av-m5l9jox3-f17347b0e8ce6f7a69646f213b07b9a6 .av-subheading{\nfont-size:15px;\n}\n<\/style>\n<div  class='av-special-heading av-m5l9jox3-f17347b0e8ce6f7a69646f213b07b9a6 av-special-heading-h2 blockquote modern-quote modern-centered  avia-builder-el-2  el_before_av_textblock  avia-builder-el-first'><h2 class='av-special-heading-tag'  itemprop=\"headline\"  >Informaci\u00f3n de la actividad<\/h2><div class=\"special-heading-border\"><div class=\"special-heading-inner-border\"><\/div><\/div><\/div><br \/>\n\n<style type=\"text\/css\" data-created_by=\"avia_inline_auto\" id=\"style-css-av-m5l9l50j-2f152922ab9a748767024d135e148437\">\n#top .av_textblock_section.av-m5l9l50j-2f152922ab9a748767024d135e148437 .avia_textblock{\nfont-size:19px;\n}\n<\/style>\n<section  class='av_textblock_section av-m5l9l50j-2f152922ab9a748767024d135e148437'  itemscope=\"itemscope\" itemtype=\"https:\/\/schema.org\/CreativeWork\" ><div class='avia_textblock'  itemprop=\"text\" ><p>El aprendizaje del ser humano va ligado desde tiempos inmemoriales a las canciones, a las rimas, a los versos y los cuentos, todos transmitidos de generaci\u00f3n en generaci\u00f3n de manera oral y an\u00f3nima\u2026<br \/>\nSin darnos cuenta, desde el balanceo de la cuna hasta los juegos de palmas, se va ense\u00f1ando a los ni\u00f1os la lengua, los ritmos, la entonaci\u00f3n, e incluso la cultura y las tradiciones\u2026<br \/>\nLas abuelas con sus refranes, las madres con las canciones de cuna, los abuelos con los cuentos\u2026<br \/>\nEs una cosa que no se tendr\u00eda que perder, porque son momentos maravillosos compartidos\u2026<br \/>\nEn este taller, os acerco a mi lengua materna, el ingl\u00e9s, porque jug\u00e1is, cant\u00e1is, y compart\u00eds con vuestro ni\u00f1o aprendiendo juntos una nueva lengua.<\/p>\n<\/div><\/section><\/p><\/div>\n<div class='flex_column_table av-45cf91-dc5b3960f83c59d5446a33b15db9ff49 sc-av_one_third av-equal-height-column-flextable'><div class='flex_column av-45cf91-dc5b3960f83c59d5446a33b15db9ff49 av_one_third  avia-builder-el-4  el_after_av_one_full  el_before_av_one_third  first flex_column_table_cell av-equal-height-column av-align-top column-top-margin'     ><p><article  class='iconbox iconbox_top av-m5no1mfx-58d6d3fdca92a7ef0313af66d19f8b2a  avia-builder-el-5  el_before_av_hr  avia-builder-el-first  main_color'  itemscope=\"itemscope\" itemtype=\"https:\/\/schema.org\/CreativeWork\" ><div class=\"iconbox_content\"><header class=\"entry-content-header\"><div class=\"iconbox_icon heading-color\" aria-hidden='true' data-av_icon='\ue81e' data-av_iconfont='entypo-fontello'><\/div><h3 class='iconbox_content_title'  itemprop=\"headline\" >Edad recomendada<\/h3><\/header><div class='iconbox_content_container'  itemprop=\"text\" ><p>de 18 a 36 meses<\/p>\n<\/div><\/div><footer class=\"entry-footer\"><\/footer><\/article><br \/>\n\n<style type=\"text\/css\" data-created_by=\"avia_inline_auto\" id=\"style-css-av-m5noblb0-72892938d9c2c1f0686b09b724da5585\">\n#top .hr.hr-invisible.av-m5noblb0-72892938d9c2c1f0686b09b724da5585{\nheight:10px;\n}\n<\/style>\n<div  class='hr av-m5noblb0-72892938d9c2c1f0686b09b724da5585 hr-invisible  avia-builder-el-6  el_after_av_icon_box  el_before_av_icon_box'><span class='hr-inner'><span class=\"hr-inner-style\"><\/span><\/span><\/div><br \/>\n<article  class='iconbox iconbox_top av-24pz00-504d4aade0f646417bd43325962c7f8a  avia-builder-el-7  el_after_av_hr  avia-builder-el-last  main_color'  itemscope=\"itemscope\" itemtype=\"https:\/\/schema.org\/CreativeWork\" ><div class=\"iconbox_content\"><header class=\"entry-content-header\"><div class=\"iconbox_icon heading-color\" aria-hidden='true' data-av_icon='\ue81e' data-av_iconfont='entypo-fontello'><\/div><h3 class='iconbox_content_title'  itemprop=\"headline\" >Espacio<\/h3><\/header><div class='iconbox_content_container'  itemprop=\"text\" ><p>Patronato Municipal de M\u00fasica (aula 3)<br \/>\nc\/ Pere Franc\u00e9s<\/p>\n<\/div><\/div><footer class=\"entry-footer\"><\/footer><\/article><\/p><\/div>\n<div class='av-flex-placeholder'><\/div><div class='flex_column av-2vqmb9-505b90b037a213b4d0698606f86c51f4 av_one_third  avia-builder-el-8  el_after_av_one_third  el_before_av_one_third  flex_column_table_cell av-equal-height-column av-align-top column-top-margin'     ><p><article  class='iconbox iconbox_top av-7qo7e8-24e0991782d6cefef639a5f700c0e14c  avia-builder-el-9  el_before_av_hr  avia-builder-el-first  main_color'  itemscope=\"itemscope\" itemtype=\"https:\/\/schema.org\/CreativeWork\" ><div class=\"iconbox_content\"><header class=\"entry-content-header\"><div class=\"iconbox_icon heading-color\" aria-hidden='true' data-av_icon='\ue81e' data-av_iconfont='entypo-fontello'><\/div><h3 class='iconbox_content_title'  itemprop=\"headline\" >\u00bfCu\u00e1ndo?<\/h3><\/header><div class='iconbox_content_container'  itemprop=\"text\" ><p>Domingo 18 de enero<\/p>\n<\/div><\/div><footer class=\"entry-footer\"><\/footer><\/article><br \/>\n\n<style type=\"text\/css\" data-created_by=\"avia_inline_auto\" id=\"style-css-av-dcldc-12ec1a250242b44d43a5a93fca8473dd\">\n#top .hr.hr-invisible.av-dcldc-12ec1a250242b44d43a5a93fca8473dd{\nheight:10px;\n}\n<\/style>\n<div  class='hr av-dcldc-12ec1a250242b44d43a5a93fca8473dd hr-invisible  avia-builder-el-10  el_after_av_icon_box  el_before_av_icon_box'><span class='hr-inner'><span class=\"hr-inner-style\"><\/span><\/span><\/div><br \/>\n<article  class='iconbox iconbox_top av-m5no55wx-11cd21bee4c2f17e5544a430c2f1eea4  avia-builder-el-11  el_after_av_hr  avia-builder-el-last  main_color'  itemscope=\"itemscope\" itemtype=\"https:\/\/schema.org\/CreativeWork\" ><div class=\"iconbox_content\"><header class=\"entry-content-header\"><div class=\"iconbox_icon heading-color\" aria-hidden='true' data-av_icon='\ue81e' data-av_iconfont='entypo-fontello'><\/div><h3 class='iconbox_content_title'  itemprop=\"headline\" >Precio<\/h3><\/header><div class='iconbox_content_container'  itemprop=\"text\" ><p>Actividad gratuita<\/p>\n<\/div><\/div><footer class=\"entry-footer\"><\/footer><\/article><\/p><\/div>\n<div class='av-flex-placeholder'><\/div><div class='flex_column av-3pbfn9-91d249afcfe173f905d11b442dc36251 av_one_third  avia-builder-el-12  el_after_av_one_third  el_before_av_hr  flex_column_table_cell av-equal-height-column av-align-top column-top-margin'     ><article  class='iconbox iconbox_top av-6idzf4-b03fbfec9c6a0cc0f16f3196d72c3005  avia-builder-el-13  el_before_av_hr  avia-builder-el-first  main_color'  itemscope=\"itemscope\" itemtype=\"https:\/\/schema.org\/CreativeWork\" ><div class=\"iconbox_content\"><header class=\"entry-content-header\"><div class=\"iconbox_icon heading-color\" aria-hidden='true' data-av_icon='\ue81e' data-av_iconfont='entypo-fontello'><\/div><h3 class='iconbox_content_title'  itemprop=\"headline\" >Horario<\/h3><\/header><div class='iconbox_content_container'  itemprop=\"text\" ><p style=\"text-align: center;\">11h (turno 1)<br \/>\n12h (turno 2)<\/p>\n<\/div><\/div><footer class=\"entry-footer\"><\/footer><\/article><br \/>\n\n<style type=\"text\/css\" data-created_by=\"avia_inline_auto\" id=\"style-css-av-2xmkf4-90b2fc5072b8b5e3e127647c92770ef0\">\n#top .hr.hr-invisible.av-2xmkf4-90b2fc5072b8b5e3e127647c92770ef0{\nheight:10px;\n}\n<\/style>\n<div  class='hr av-2xmkf4-90b2fc5072b8b5e3e127647c92770ef0 hr-invisible  avia-builder-el-14  el_after_av_icon_box  avia-builder-el-last'><span class='hr-inner'><span class=\"hr-inner-style\"><\/span><\/span><\/div><\/p><\/div><\/div><!--close column table wrapper. Autoclose: 1 -->\n<div  class='hr av-3xa8gd-6a9fab97f4841d90c15f315195223a7b hr-default  avia-builder-el-15  el_after_av_one_third  el_before_av_one_full'><span class='hr-inner'><span class=\"hr-inner-style\"><\/span><\/span><\/div>\n<div class='flex_column av-43tzdh-a937fd1e65db6b3162837c9bc10d5f27 av_one_full  avia-builder-el-16  el_after_av_hr  el_before_av_one_fourth  first flex_column_div'     ><style type=\"text\/css\" data-created_by=\"avia_inline_auto\" id=\"style-css-av-m5l9ko83-866db96dfa27774370f01677900d6049\">\n#top .av-special-heading.av-m5l9ko83-866db96dfa27774370f01677900d6049{\npadding-bottom:10px;\n}\nbody .av-special-heading.av-m5l9ko83-866db96dfa27774370f01677900d6049 .av-special-heading-tag .heading-char{\nfont-size:25px;\n}\n.av-special-heading.av-m5l9ko83-866db96dfa27774370f01677900d6049 .av-subheading{\nfont-size:15px;\n}\n<\/style>\n<div  class='av-special-heading av-m5l9ko83-866db96dfa27774370f01677900d6049 av-special-heading-h1 blockquote modern-quote modern-centered  avia-builder-el-17  avia-builder-el-no-sibling'><h1 class='av-special-heading-tag'  itemprop=\"headline\"  >Artista<\/h1><div class=\"special-heading-border\"><div class=\"special-heading-inner-border\"><\/div><\/div><\/div><\/div>\n<div class='flex_column av-92cm4t-4fe5059573be62ca896213fd8da86bb5 av_one_fourth  avia-builder-el-18  el_after_av_one_full  el_before_av_one_half  first flex_column_div column-top-margin'     ><\/div>\n<div class='flex_column av-71nl65-2e26ca8c3ddf3fd5abb64a4c00455d61 av_one_half  avia-builder-el-19  el_after_av_one_fourth  el_before_av_one_fourth  flex_column_div column-top-margin'     ><section  class='avia-team-member av-mk2wi4qu-ac10b688ae37169d328350f7e72ee8f3  avia-builder-el-20  avia-builder-el-no-sibling'  itemscope=\"itemscope\" itemtype=\"https:\/\/schema.org\/Person\" ><div class=\"team-img-container\"><img decoding=\"async\" class='wp-image-3502 avia-img-lazy-loading-not-3502 avia_image avia_image_team' src=\"https:\/\/festivalmusicajove.com\/wp-content\/uploads\/2026\/01\/2025.-Histories-equip-Musica-Jove-2.png\" alt=''  itemprop=\"image\"   height=\"1920\" width=\"1080\" srcset=\"https:\/\/festivalmusicajove.com\/wp-content\/uploads\/2026\/01\/2025.-Histories-equip-Musica-Jove-2.png 1080w, https:\/\/festivalmusicajove.com\/wp-content\/uploads\/2026\/01\/2025.-Histories-equip-Musica-Jove-2-169x300.png 169w, https:\/\/festivalmusicajove.com\/wp-content\/uploads\/2026\/01\/2025.-Histories-equip-Musica-Jove-2-579x1030.png 579w, https:\/\/festivalmusicajove.com\/wp-content\/uploads\/2026\/01\/2025.-Histories-equip-Musica-Jove-2-768x1365.png 768w, https:\/\/festivalmusicajove.com\/wp-content\/uploads\/2026\/01\/2025.-Histories-equip-Musica-Jove-2-864x1536.png 864w, https:\/\/festivalmusicajove.com\/wp-content\/uploads\/2026\/01\/2025.-Histories-equip-Musica-Jove-2-7x12.png 7w, https:\/\/festivalmusicajove.com\/wp-content\/uploads\/2026\/01\/2025.-Histories-equip-Musica-Jove-2-844x1500.png 844w, https:\/\/festivalmusicajove.com\/wp-content\/uploads\/2026\/01\/2025.-Histories-equip-Musica-Jove-2-397x705.png 397w\" sizes=\"(max-width: 1080px) 100vw, 1080px\" \/><\/div><span class='hidden team-member-affiliation'  itemprop=\"affiliation\" >Festival M\u00fasica Jove<\/span><\/section><\/div>\n<div class='flex_column av-5ojr71-2c816ce6a217925f1e673ef407088c70 av_one_fourth  avia-builder-el-21  el_after_av_one_half  el_before_av_hr  flex_column_div column-top-margin'     ><\/div>\n<div  class='hr av-34suvh-6dd6f65157490d13dfd19b6019833a4d hr-default  avia-builder-el-22  el_after_av_one_fourth  el_before_av_one_third'><span class='hr-inner'><span class=\"hr-inner-style\"><\/span><\/span><\/div>\n<div class='flex_column av-2ofmpx-056834c35c60675eff7f19dd6ccbdc45 av_one_third  avia-builder-el-23  el_after_av_hr  el_before_av_one_third  first flex_column_div'     ><\/div>\n<div class='flex_column av-6gq6it-7a7a12274f540497409e2a7e4269224d av_one_third  avia-builder-el-24  el_after_av_one_third  el_before_av_one_third  flex_column_div'     ><\/div><div class='flex_column av-9aufm-d0f33d3b10aacfe74939e80ff3ff7bc3 av_one_third  avia-builder-el-25  el_after_av_one_third  el_before_av_hr  flex_column_div'     ><\/div><\/p>\n<div  class='hr av-2uupct-f596923cef562cc4119c2528f2dfde5d hr-default  avia-builder-el-26  el_after_av_one_third  el_before_av_button'><span class='hr-inner'><span class=\"hr-inner-style\"><\/span><\/span><\/div>\n<div  class='avia-button-wrap av-m5la4raa-9c075af7ae209aaf9086a07efe5c9cf1-wrap avia-button-center  avia-builder-el-27  el_after_av_hr  avia-builder-el-last' ><a href='https:\/\/festivalmusicajove.com\/es\/programacio-2026\/'  class='avia-button av-m5la4raa-9c075af7ae209aaf9086a07efe5c9cf1 avia-icon_select-no avia-size-small avia-position-center avia-color-theme-color-subtle' ><span class='avia_iconbox_title' >volver a programaci\u00f3n<\/span><\/a><\/div>","protected":false},"excerpt":{"rendered":"","protected":false},"author":2,"featured_media":3492,"parent":0,"menu_order":0,"comment_status":"closed","ping_status":"closed","template":"","meta":{"footnotes":""},"class_list":["post-3490","page","type-page","status-publish","has-post-thumbnail","hentry"],"yoast_head":"<!-- This site is optimized with the Yoast SEO plugin v23.7 - https:\/\/yoast.com\/wordpress\/plugins\/seo\/ -->\n<title>Let&#039;s sing! - Festival M\u00fasica Jove<\/title>\n<meta name=\"robots\" content=\"index, follow, max-snippet:-1, max-image-preview:large, max-video-preview:-1\" \/>\n<link rel=\"canonical\" href=\"https:\/\/festivalmusicajove.com\/es\/lets-sing-2\/\" \/>\n<meta property=\"og:locale\" content=\"es_ES\" \/>\n<meta property=\"og:type\" content=\"article\" \/>\n<meta property=\"og:title\" content=\"Let&#039;s sing! - Festival M\u00fasica Jove\" \/>\n<meta property=\"og:url\" content=\"https:\/\/festivalmusicajove.com\/es\/lets-sing-2\/\" \/>\n<meta property=\"og:site_name\" content=\"Festival M\u00fasica Jove\" \/>\n<meta property=\"article:modified_time\" content=\"2026-01-14T20:08:56+00:00\" \/>\n<meta property=\"og:image\" content=\"https:\/\/festivalmusicajove.com\/wp-content\/uploads\/2026\/01\/Lets-sing-1.png\" \/>\n\t<meta property=\"og:image:width\" content=\"1786\" \/>\n\t<meta property=\"og:image:height\" content=\"2526\" \/>\n\t<meta property=\"og:image:type\" content=\"image\/png\" \/>\n<meta name=\"twitter:card\" content=\"summary_large_image\" \/>\n<meta name=\"twitter:label1\" content=\"Tiempo de lectura\" \/>\n\t<meta name=\"twitter:data1\" content=\"10 minutos\" \/>\n<script type=\"application\/ld+json\" class=\"yoast-schema-graph\">{\"@context\":\"https:\/\/schema.org\",\"@graph\":[{\"@type\":\"WebPage\",\"@id\":\"https:\/\/festivalmusicajove.com\/lets-sing-2\/\",\"url\":\"https:\/\/festivalmusicajove.com\/lets-sing-2\/\",\"name\":\"Let's sing! - Festival M\u00fasica Jove\",\"isPartOf\":{\"@id\":\"https:\/\/festivalmusicajove.com\/#website\"},\"primaryImageOfPage\":{\"@id\":\"https:\/\/festivalmusicajove.com\/lets-sing-2\/#primaryimage\"},\"image\":{\"@id\":\"https:\/\/festivalmusicajove.com\/lets-sing-2\/#primaryimage\"},\"thumbnailUrl\":\"https:\/\/festivalmusicajove.com\/wp-content\/uploads\/2026\/01\/Lets-sing-1.png\",\"datePublished\":\"2026-01-07T15:01:57+00:00\",\"dateModified\":\"2026-01-14T20:08:56+00:00\",\"breadcrumb\":{\"@id\":\"https:\/\/festivalmusicajove.com\/lets-sing-2\/#breadcrumb\"},\"inLanguage\":\"es\",\"potentialAction\":[{\"@type\":\"ReadAction\",\"target\":[\"https:\/\/festivalmusicajove.com\/lets-sing-2\/\"]}]},{\"@type\":\"ImageObject\",\"inLanguage\":\"es\",\"@id\":\"https:\/\/festivalmusicajove.com\/lets-sing-2\/#primaryimage\",\"url\":\"https:\/\/festivalmusicajove.com\/wp-content\/uploads\/2026\/01\/Lets-sing-1.png\",\"contentUrl\":\"https:\/\/festivalmusicajove.com\/wp-content\/uploads\/2026\/01\/Lets-sing-1.png\",\"width\":1786,\"height\":2526},{\"@type\":\"BreadcrumbList\",\"@id\":\"https:\/\/festivalmusicajove.com\/lets-sing-2\/#breadcrumb\",\"itemListElement\":[{\"@type\":\"ListItem\",\"position\":1,\"name\":\"Portada\",\"item\":\"https:\/\/festivalmusicajove.com\/\"},{\"@type\":\"ListItem\",\"position\":2,\"name\":\"Let&#8217;s sing!\"}]},{\"@type\":\"WebSite\",\"@id\":\"https:\/\/festivalmusicajove.com\/#website\",\"url\":\"https:\/\/festivalmusicajove.com\/\",\"name\":\"Festival M\u00fasica Jove\",\"description\":\"\",\"potentialAction\":[{\"@type\":\"SearchAction\",\"target\":{\"@type\":\"EntryPoint\",\"urlTemplate\":\"https:\/\/festivalmusicajove.com\/?s={search_term_string}\"},\"query-input\":{\"@type\":\"PropertyValueSpecification\",\"valueRequired\":true,\"valueName\":\"search_term_string\"}}],\"inLanguage\":\"es\"}]}<\/script>\n<!-- \/ Yoast SEO plugin. -->","yoast_head_json":{"title":"Let's sing! - Festival M\u00fasica Jove","robots":{"index":"index","follow":"follow","max-snippet":"max-snippet:-1","max-image-preview":"max-image-preview:large","max-video-preview":"max-video-preview:-1"},"canonical":"https:\/\/festivalmusicajove.com\/es\/lets-sing-2\/","og_locale":"es_ES","og_type":"article","og_title":"Let's sing! - Festival M\u00fasica Jove","og_url":"https:\/\/festivalmusicajove.com\/es\/lets-sing-2\/","og_site_name":"Festival M\u00fasica Jove","article_modified_time":"2026-01-14T20:08:56+00:00","og_image":[{"width":1786,"height":2526,"url":"https:\/\/festivalmusicajove.com\/wp-content\/uploads\/2026\/01\/Lets-sing-1.png","type":"image\/png"}],"twitter_card":"summary_large_image","twitter_misc":{"Tiempo de lectura":"10 minutos"},"schema":{"@context":"https:\/\/schema.org","@graph":[{"@type":"WebPage","@id":"https:\/\/festivalmusicajove.com\/lets-sing-2\/","url":"https:\/\/festivalmusicajove.com\/lets-sing-2\/","name":"Let's sing! - Festival M\u00fasica Jove","isPartOf":{"@id":"https:\/\/festivalmusicajove.com\/#website"},"primaryImageOfPage":{"@id":"https:\/\/festivalmusicajove.com\/lets-sing-2\/#primaryimage"},"image":{"@id":"https:\/\/festivalmusicajove.com\/lets-sing-2\/#primaryimage"},"thumbnailUrl":"https:\/\/festivalmusicajove.com\/wp-content\/uploads\/2026\/01\/Lets-sing-1.png","datePublished":"2026-01-07T15:01:57+00:00","dateModified":"2026-01-14T20:08:56+00:00","breadcrumb":{"@id":"https:\/\/festivalmusicajove.com\/lets-sing-2\/#breadcrumb"},"inLanguage":"es","potentialAction":[{"@type":"ReadAction","target":["https:\/\/festivalmusicajove.com\/lets-sing-2\/"]}]},{"@type":"ImageObject","inLanguage":"es","@id":"https:\/\/festivalmusicajove.com\/lets-sing-2\/#primaryimage","url":"https:\/\/festivalmusicajove.com\/wp-content\/uploads\/2026\/01\/Lets-sing-1.png","contentUrl":"https:\/\/festivalmusicajove.com\/wp-content\/uploads\/2026\/01\/Lets-sing-1.png","width":1786,"height":2526},{"@type":"BreadcrumbList","@id":"https:\/\/festivalmusicajove.com\/lets-sing-2\/#breadcrumb","itemListElement":[{"@type":"ListItem","position":1,"name":"Portada","item":"https:\/\/festivalmusicajove.com\/"},{"@type":"ListItem","position":2,"name":"Let&#8217;s sing!"}]},{"@type":"WebSite","@id":"https:\/\/festivalmusicajove.com\/#website","url":"https:\/\/festivalmusicajove.com\/","name":"Festival M\u00fasica Jove","description":"","potentialAction":[{"@type":"SearchAction","target":{"@type":"EntryPoint","urlTemplate":"https:\/\/festivalmusicajove.com\/?s={search_term_string}"},"query-input":{"@type":"PropertyValueSpecification","valueRequired":true,"valueName":"search_term_string"}}],"inLanguage":"es"}]}},"_links":{"self":[{"href":"https:\/\/festivalmusicajove.com\/es\/wp-json\/wp\/v2\/pages\/3490","targetHints":{"allow":["GET"]}}],"collection":[{"href":"https:\/\/festivalmusicajove.com\/es\/wp-json\/wp\/v2\/pages"}],"about":[{"href":"https:\/\/festivalmusicajove.com\/es\/wp-json\/wp\/v2\/types\/page"}],"author":[{"embeddable":true,"href":"https:\/\/festivalmusicajove.com\/es\/wp-json\/wp\/v2\/users\/2"}],"replies":[{"embeddable":true,"href":"https:\/\/festivalmusicajove.com\/es\/wp-json\/wp\/v2\/comments?post=3490"}],"version-history":[{"count":4,"href":"https:\/\/festivalmusicajove.com\/es\/wp-json\/wp\/v2\/pages\/3490\/revisions"}],"predecessor-version":[{"id":3494,"href":"https:\/\/festivalmusicajove.com\/es\/wp-json\/wp\/v2\/pages\/3490\/revisions\/3494"}],"wp:featuredmedia":[{"embeddable":true,"href":"https:\/\/festivalmusicajove.com\/es\/wp-json\/wp\/v2\/media\/3492"}],"wp:attachment":[{"href":"https:\/\/festivalmusicajove.com\/es\/wp-json\/wp\/v2\/media?parent=3490"}],"curies":[{"name":"wp","href":"https:\/\/api.w.org\/{rel}","templated":true}]}}