{"id":3443,"date":"2026-01-06T18:54:13","date_gmt":"2026-01-06T18:54:13","guid":{"rendered":"https:\/\/festivalmusicajove.com\/?page_id=3443"},"modified":"2026-02-27T15:45:06","modified_gmt":"2026-02-27T15:45:06","slug":"bandes-sonores-molen","status":"publish","type":"page","link":"https:\/\/festivalmusicajove.com\/es\/bandes-sonores-molen\/","title":{"rendered":"Les Bandes Sonores molen"},"content":{"rendered":"<div class='flex_column av-61frph-0dedca1f4c4628db8f8063a0d24c7684 av_one_full  avia-builder-el-0  el_before_av_one_third  avia-builder-el-first  first flex_column_div'     ><p>\n<style type=\"text\/css\" data-created_by=\"avia_inline_auto\" id=\"style-css-av-m5l9jox3-f17347b0e8ce6f7a69646f213b07b9a6\">\n#top .av-special-heading.av-m5l9jox3-f17347b0e8ce6f7a69646f213b07b9a6{\npadding-bottom:10px;\n}\nbody .av-special-heading.av-m5l9jox3-f17347b0e8ce6f7a69646f213b07b9a6 .av-special-heading-tag .heading-char{\nfont-size:25px;\n}\n.av-special-heading.av-m5l9jox3-f17347b0e8ce6f7a69646f213b07b9a6 .av-subheading{\nfont-size:15px;\n}\n<\/style>\n<div  class='av-special-heading av-m5l9jox3-f17347b0e8ce6f7a69646f213b07b9a6 av-special-heading-h2 blockquote modern-quote modern-centered  avia-builder-el-1  el_before_av_textblock  avia-builder-el-first'><h2 class='av-special-heading-tag'  itemprop=\"headline\"  >Informaci\u00f3n de la actividad<\/h2><div class=\"special-heading-border\"><div class=\"special-heading-inner-border\"><\/div><\/div><\/div><br \/>\n\n<style type=\"text\/css\" data-created_by=\"avia_inline_auto\" id=\"style-css-av-m5l9l50j-2f152922ab9a748767024d135e148437\">\n#top .av_textblock_section.av-m5l9l50j-2f152922ab9a748767024d135e148437 .avia_textblock{\nfont-size:19px;\n}\n<\/style>\n<section  class='av_textblock_section av-m5l9l50j-2f152922ab9a748767024d135e148437'  itemscope=\"itemscope\" itemtype=\"https:\/\/schema.org\/CreativeWork\" ><div class='avia_textblock'  itemprop=\"text\" ><p>Les bandes sonores ens transporten a llocs fant\u00e0stics, \u00e8pics, realistes, m\u00e0gics, hist\u00f2rics, futuristes i tants altres; ens permeten experimentar emocions i construir imatges. Per\u00f2 tot aix\u00f2 no \u00e9s casualitat: la m\u00fasica i el seu llenguatge en s\u00f3n els responsables. En aquest concert pedag\u00f2gic, de la m\u00e0 d\u2019un senzill quartet vocal amb viol\u00ed, violoncel i piano de cua, emprendrem un viatge a trav\u00e9s de la m\u00fasica de diferents pel\u00b7l\u00edcules, extraient de cadascuna un missatge i una ra\u00f3 per la qual la m\u00fasica \u00e9s tan meravellosa. Tot plegat en un format did\u00e0ctic, din\u00e0mic i participatiu. Concert presentat per Bartomeu Tur.<\/p>\n<p>L\u2019Orquestra i Cor de Cambra Sonora \u00e9s una entitat art\u00edsticomusical d\u2019emprenedoria jove, creada, integrada i gestionada per joves m\u00fasics professionals que es coordinen amb un objectiu com\u00fa: fer de la m\u00fasica un art actual per a tothom i compartir-la amb el context que avui ens envolta. Els perfils que integren Sonora es formen en diferents conservatoris superiors i professionals de Madrid, abastant coneixements molt diversos que afavoreixen la creaci\u00f3 d\u2019un entorn enriquidor de creixement personal i professional.<\/p>\n<p>En els seus darrers projectes, l\u2019Orquestra i Cor de Cambra Sonora ha deixat empremta en espais culturals tan rellevants com el Teatro La Latina, el Teatro Reina Victoria, el Teatro Liceo, el Teatro Zorrilla, el Teatro Ramos Carri\u00f3n, el Teatro Mar\u00edn, el Palau de Congressos de Plas\u00e8ncia, el Teatro Filarm\u00f3nica, les catedrals de Toledo, \u00c0vila, Seg\u00f2via i Madrid, i el Reial Coliseu de Carles III, entre d\u2019altres.<\/p>\n<p>Ha penjat el cartell de \u00absold out\u00bb en les seves experi\u00e8ncies AURUM de m\u00fasica a la llum de les espelmes, amb m\u00e9s de 15.000 espectadors arreu del territori nacional. Tamb\u00e9 ha desenvolupat nombrosos i diversos projectes pedag\u00f2gics, apropant-se a una multitud de nens i joves, el futur de la cultura. Ha col\u00b7laborat amb institucions com la Comunitat de Madrid, el Consell d\u2019Eivissa i nombroses entitats locals i productores privades, obrint-se cam\u00ed en el panorama cultural actual i apostant per la cultura jove.<\/p>\n<\/div><\/section><\/p><\/div><div class='flex_column_table av-45cf91-dc5b3960f83c59d5446a33b15db9ff49 sc-av_one_third av-equal-height-column-flextable'><div class='flex_column av-45cf91-dc5b3960f83c59d5446a33b15db9ff49 av_one_third  avia-builder-el-3  el_after_av_one_full  el_before_av_one_third  first flex_column_table_cell av-equal-height-column av-align-top column-top-margin'     ><p><article  class='iconbox iconbox_top av-m5no1mfx-58d6d3fdca92a7ef0313af66d19f8b2a  avia-builder-el-4  el_before_av_hr  avia-builder-el-first  main_color'  itemscope=\"itemscope\" itemtype=\"https:\/\/schema.org\/CreativeWork\" ><div class=\"iconbox_content\"><header class=\"entry-content-header\"><div class=\"iconbox_icon heading-color\" aria-hidden='true' data-av_icon='\ue81e' data-av_iconfont='entypo-fontello'><\/div><h3 class='iconbox_content_title'  itemprop=\"headline\" >Edad recomendada<\/h3><\/header><div class='iconbox_content_container'  itemprop=\"text\" ><p>a partir de 10 anys<\/p>\n<\/div><\/div><footer class=\"entry-footer\"><\/footer><\/article><br \/>\n\n<style type=\"text\/css\" data-created_by=\"avia_inline_auto\" id=\"style-css-av-m5noblb0-72892938d9c2c1f0686b09b724da5585\">\n#top .hr.hr-invisible.av-m5noblb0-72892938d9c2c1f0686b09b724da5585{\nheight:10px;\n}\n<\/style>\n<div  class='hr av-m5noblb0-72892938d9c2c1f0686b09b724da5585 hr-invisible  avia-builder-el-5  el_after_av_icon_box  el_before_av_icon_box'><span class='hr-inner'><span class=\"hr-inner-style\"><\/span><\/span><\/div><br \/>\n<article  class='iconbox iconbox_top av-24pz00-504d4aade0f646417bd43325962c7f8a  avia-builder-el-6  el_after_av_hr  avia-builder-el-last  main_color'  itemscope=\"itemscope\" itemtype=\"https:\/\/schema.org\/CreativeWork\" ><div class=\"iconbox_content\"><header class=\"entry-content-header\"><div class=\"iconbox_icon heading-color\" aria-hidden='true' data-av_icon='\ue81e' data-av_iconfont='entypo-fontello'><\/div><h3 class='iconbox_content_title'  itemprop=\"headline\" >Espacio<\/h3><\/header><div class='iconbox_content_container'  itemprop=\"text\" ><p>Espai Cultural Can Ventosa<\/p>\n<\/div><\/div><footer class=\"entry-footer\"><\/footer><\/article><\/p><\/div><\/p>\n<div class='av-flex-placeholder'><\/div><div class='flex_column av-2vqmb9-505b90b037a213b4d0698606f86c51f4 av_one_third  avia-builder-el-7  el_after_av_one_third  el_before_av_one_third  flex_column_table_cell av-equal-height-column av-align-top column-top-margin'     ><p><article  class='iconbox iconbox_top av-7qo7e8-24e0991782d6cefef639a5f700c0e14c  avia-builder-el-8  el_before_av_hr  avia-builder-el-first  main_color'  itemscope=\"itemscope\" itemtype=\"https:\/\/schema.org\/CreativeWork\" ><div class=\"iconbox_content\"><header class=\"entry-content-header\"><div class=\"iconbox_icon heading-color\" aria-hidden='true' data-av_icon='\ue81e' data-av_iconfont='entypo-fontello'><\/div><h3 class='iconbox_content_title'  itemprop=\"headline\" >\u00bfCu\u00e1ndo?<\/h3><\/header><div class='iconbox_content_container'  itemprop=\"text\" ><p>Diumenge 22 de mar\u00e7<\/p>\n<\/div><\/div><footer class=\"entry-footer\"><\/footer><\/article><br \/>\n\n<style type=\"text\/css\" data-created_by=\"avia_inline_auto\" id=\"style-css-av-dcldc-12ec1a250242b44d43a5a93fca8473dd\">\n#top .hr.hr-invisible.av-dcldc-12ec1a250242b44d43a5a93fca8473dd{\nheight:10px;\n}\n<\/style>\n<div  class='hr av-dcldc-12ec1a250242b44d43a5a93fca8473dd hr-invisible  avia-builder-el-9  el_after_av_icon_box  el_before_av_icon_box'><span class='hr-inner'><span class=\"hr-inner-style\"><\/span><\/span><\/div><br \/>\n<article  class='iconbox iconbox_top av-m5no55wx-11cd21bee4c2f17e5544a430c2f1eea4  avia-builder-el-10  el_after_av_hr  avia-builder-el-last  main_color'  itemscope=\"itemscope\" itemtype=\"https:\/\/schema.org\/CreativeWork\" ><div class=\"iconbox_content\"><header class=\"entry-content-header\"><div class=\"iconbox_icon heading-color\" aria-hidden='true' data-av_icon='\ue81e' data-av_iconfont='entypo-fontello'><\/div><h3 class='iconbox_content_title'  itemprop=\"headline\" >Precio<\/h3><\/header><div class='iconbox_content_container'  itemprop=\"text\" ><p>5 \u20ac<\/p>\n<\/div><\/div><footer class=\"entry-footer\"><\/footer><\/article><\/p><\/div><div class='av-flex-placeholder'><\/div><div class='flex_column av-3pbfn9-91d249afcfe173f905d11b442dc36251 av_one_third  avia-builder-el-11  el_after_av_one_third  el_before_av_hr  flex_column_table_cell av-equal-height-column av-align-top column-top-margin'     ><p><article  class='iconbox iconbox_top av-6idzf4-b03fbfec9c6a0cc0f16f3196d72c3005  avia-builder-el-12  el_before_av_hr  avia-builder-el-first  main_color'  itemscope=\"itemscope\" itemtype=\"https:\/\/schema.org\/CreativeWork\" ><div class=\"iconbox_content\"><header class=\"entry-content-header\"><div class=\"iconbox_icon heading-color\" aria-hidden='true' data-av_icon='\ue81e' data-av_iconfont='entypo-fontello'><\/div><h3 class='iconbox_content_title'  itemprop=\"headline\" >Horario<\/h3><\/header><div class='iconbox_content_container'  itemprop=\"text\" ><p>de 18 a 19h<\/p>\n<\/div><\/div><footer class=\"entry-footer\"><\/footer><\/article><br \/>\n\n<style type=\"text\/css\" data-created_by=\"avia_inline_auto\" id=\"style-css-av-2xmkf4-90b2fc5072b8b5e3e127647c92770ef0\">\n#top .hr.hr-invisible.av-2xmkf4-90b2fc5072b8b5e3e127647c92770ef0{\nheight:10px;\n}\n<\/style>\n<div  class='hr av-2xmkf4-90b2fc5072b8b5e3e127647c92770ef0 hr-invisible  avia-builder-el-13  el_after_av_icon_box  avia-builder-el-last'><span class='hr-inner'><span class=\"hr-inner-style\"><\/span><\/span><\/div><\/p><\/div><\/div><!--close column table wrapper. Autoclose: 1 --><\/p>\n<div  class='hr av-6yfegg-9914ede54cd8434d7df44352ef707e9a hr-default  avia-builder-el-14  el_after_av_one_third  el_before_av_one_full'><span class='hr-inner'><span class=\"hr-inner-style\"><\/span><\/span><\/div>\n<div class='flex_column av-43tzdh-a937fd1e65db6b3162837c9bc10d5f27 av_one_full  avia-builder-el-15  el_after_av_hr  el_before_av_one_third  first flex_column_div'     ><style type=\"text\/css\" data-created_by=\"avia_inline_auto\" id=\"style-css-av-m5l9ko83-d70d37e17eb8bbd58ee12dbeb8a0c0ad\">\n#top .av-special-heading.av-m5l9ko83-d70d37e17eb8bbd58ee12dbeb8a0c0ad{\npadding-bottom:10px;\n}\nbody .av-special-heading.av-m5l9ko83-d70d37e17eb8bbd58ee12dbeb8a0c0ad .av-special-heading-tag .heading-char{\nfont-size:25px;\n}\n.av-special-heading.av-m5l9ko83-d70d37e17eb8bbd58ee12dbeb8a0c0ad .av-subheading{\nfont-size:15px;\n}\n<\/style>\n<div  class='av-special-heading av-m5l9ko83-d70d37e17eb8bbd58ee12dbeb8a0c0ad av-special-heading-h1 blockquote modern-quote modern-centered  avia-builder-el-16  avia-builder-el-no-sibling'><h1 class='av-special-heading-tag'  itemprop=\"headline\"  >Los artistas<\/h1><div class=\"special-heading-border\"><div class=\"special-heading-inner-border\"><\/div><\/div><\/div><\/div>\n<div class='flex_column av-2ofmpx-056834c35c60675eff7f19dd6ccbdc45 av_one_third  avia-builder-el-17  el_after_av_one_full  el_before_av_one_third  first flex_column_div column-top-margin'     ><\/div>\n<div class='flex_column av-6gq6it-7a7a12274f540497409e2a7e4269224d av_one_third  avia-builder-el-18  el_after_av_one_third  el_before_av_one_third  flex_column_div column-top-margin'     ><style type=\"text\/css\" data-created_by=\"avia_inline_auto\" id=\"style-css-av-mkq0u5bh-80347eae74cc3ebd29e36e401499651b\">\n.avia-image-container.av-mkq0u5bh-80347eae74cc3ebd29e36e401499651b img.avia_image{\nbox-shadow:none;\n}\n.avia-image-container.av-mkq0u5bh-80347eae74cc3ebd29e36e401499651b .av-image-caption-overlay-center{\ncolor:#ffffff;\n}\n<\/style>\n<div  class='avia-image-container av-mkq0u5bh-80347eae74cc3ebd29e36e401499651b av-styling- avia-align-center  avia-builder-el-19  avia-builder-el-no-sibling'   itemprop=\"image\" itemscope=\"itemscope\" itemtype=\"https:\/\/schema.org\/ImageObject\" ><div class=\"avia-image-container-inner\"><div class=\"avia-image-overlay-wrap\"><img decoding=\"async\" class='wp-image-3538 avia-img-lazy-loading-not-3538 avia_image' src=\"https:\/\/festivalmusicajove.com\/wp-content\/uploads\/2026\/01\/FOTO-SONORA_22-MARZO-IBZ.png\" alt='' title='FOTO SONORA_22 MARZO IBZ'  height=\"1920\" width=\"1920\"  itemprop=\"thumbnailUrl\" srcset=\"https:\/\/festivalmusicajove.com\/wp-content\/uploads\/2026\/01\/FOTO-SONORA_22-MARZO-IBZ.png 1920w, https:\/\/festivalmusicajove.com\/wp-content\/uploads\/2026\/01\/FOTO-SONORA_22-MARZO-IBZ-300x300.png 300w, https:\/\/festivalmusicajove.com\/wp-content\/uploads\/2026\/01\/FOTO-SONORA_22-MARZO-IBZ-1030x1030.png 1030w, https:\/\/festivalmusicajove.com\/wp-content\/uploads\/2026\/01\/FOTO-SONORA_22-MARZO-IBZ-80x80.png 80w, https:\/\/festivalmusicajove.com\/wp-content\/uploads\/2026\/01\/FOTO-SONORA_22-MARZO-IBZ-768x768.png 768w, https:\/\/festivalmusicajove.com\/wp-content\/uploads\/2026\/01\/FOTO-SONORA_22-MARZO-IBZ-1536x1536.png 1536w, https:\/\/festivalmusicajove.com\/wp-content\/uploads\/2026\/01\/FOTO-SONORA_22-MARZO-IBZ-12x12.png 12w, https:\/\/festivalmusicajove.com\/wp-content\/uploads\/2026\/01\/FOTO-SONORA_22-MARZO-IBZ-36x36.png 36w, https:\/\/festivalmusicajove.com\/wp-content\/uploads\/2026\/01\/FOTO-SONORA_22-MARZO-IBZ-180x180.png 180w, https:\/\/festivalmusicajove.com\/wp-content\/uploads\/2026\/01\/FOTO-SONORA_22-MARZO-IBZ-1500x1500.png 1500w, https:\/\/festivalmusicajove.com\/wp-content\/uploads\/2026\/01\/FOTO-SONORA_22-MARZO-IBZ-705x705.png 705w\" sizes=\"(max-width: 1920px) 100vw, 1920px\" \/><\/div><\/div><\/div><\/div>\n<div class='flex_column av-9aufm-d0f33d3b10aacfe74939e80ff3ff7bc3 av_one_third  avia-builder-el-20  el_after_av_one_third  el_before_av_hr  flex_column_div column-top-margin'     ><\/div>\n<div  class='hr av-5rmrhs-1c345a2c3247c93eb9ac2762eccd5c3c hr-default  avia-builder-el-21  el_after_av_one_third  el_before_av_one_full'><span class='hr-inner'><span class=\"hr-inner-style\"><\/span><\/span><\/div>\n<div class='flex_column av-4buh6d-e6ec74a7748265fa90cd1081034e96b8 av_one_full  avia-builder-el-22  el_after_av_hr  el_before_av_hr  first flex_column_div'     ><div  class='avia-button-wrap av-m5lq7mvf-197f83c375678e3e4dea28560899841c-wrap avia-button-center  avia-builder-el-23  avia-builder-el-no-sibling' ><a href='https:\/\/culturaentradesonline.eivissa.es\/par-public\/rest\/evento\/id\/7330744'  class='avia-button av-m5lq7mvf-197f83c375678e3e4dea28560899841c avia-icon_select-no avia-size-large avia-position-center avia-color-theme-color' ><span class='avia_iconbox_title' >Comprar Entradas<\/span><\/a><\/div><\/div>\n<div  class='hr av-4k7u28-c0906b210fbecb378012b5a691cddeaf hr-default  avia-builder-el-24  el_after_av_one_full  el_before_av_button'><span class='hr-inner'><span class=\"hr-inner-style\"><\/span><\/span><\/div>\n<div  class='avia-button-wrap av-aepn4-780d3dc829b5c0d343ccb720ab69106a-wrap avia-button-center  avia-builder-el-25  el_after_av_hr  avia-builder-el-last' ><a href='https:\/\/festivalmusicajove.com\/es\/'  class='avia-button av-aepn4-780d3dc829b5c0d343ccb720ab69106a avia-icon_select-no avia-size-small avia-position-center avia-color-theme-color-subtle' ><span class='avia_iconbox_title' >volver a programaci\u00f3n<\/span><\/a><\/div>","protected":false},"excerpt":{"rendered":"","protected":false},"author":2,"featured_media":0,"parent":0,"menu_order":0,"comment_status":"closed","ping_status":"closed","template":"","meta":{"footnotes":""},"class_list":["post-3443","page","type-page","status-publish","hentry"],"yoast_head":"<!-- This site is optimized with the Yoast SEO plugin v23.7 - https:\/\/yoast.com\/wordpress\/plugins\/seo\/ -->\n<title>Les Bandes Sonores molen - Festival M\u00fasica Jove<\/title>\n<meta name=\"robots\" content=\"index, follow, max-snippet:-1, max-image-preview:large, max-video-preview:-1\" \/>\n<link rel=\"canonical\" href=\"https:\/\/festivalmusicajove.com\/es\/bandes-sonores-molen\/\" \/>\n<meta property=\"og:locale\" content=\"es_ES\" \/>\n<meta property=\"og:type\" content=\"article\" \/>\n<meta property=\"og:title\" content=\"Les Bandes Sonores molen - Festival M\u00fasica Jove\" \/>\n<meta property=\"og:url\" content=\"https:\/\/festivalmusicajove.com\/es\/bandes-sonores-molen\/\" \/>\n<meta property=\"og:site_name\" content=\"Festival M\u00fasica Jove\" \/>\n<meta property=\"article:modified_time\" content=\"2026-02-27T15:45:06+00:00\" \/>\n<meta property=\"og:image\" content=\"https:\/\/festivalmusicajove.com\/wp-content\/uploads\/2026\/02\/WhatsApp-Image-2026-02-27-at-4.43.49\u202fp.\u202fm.jpeg\" \/>\n\t<meta property=\"og:image:width\" content=\"1131\" \/>\n\t<meta property=\"og:image:height\" content=\"1600\" \/>\n\t<meta property=\"og:image:type\" content=\"image\/jpeg\" \/>\n<meta name=\"twitter:card\" content=\"summary_large_image\" \/>\n<meta name=\"twitter:label1\" content=\"Tiempo de lectura\" \/>\n\t<meta name=\"twitter:data1\" content=\"9 minutos\" \/>\n<script type=\"application\/ld+json\" class=\"yoast-schema-graph\">{\"@context\":\"https:\/\/schema.org\",\"@graph\":[{\"@type\":\"WebPage\",\"@id\":\"https:\/\/festivalmusicajove.com\/bandes-sonores-molen\/\",\"url\":\"https:\/\/festivalmusicajove.com\/bandes-sonores-molen\/\",\"name\":\"Les Bandes Sonores molen - Festival M\u00fasica Jove\",\"isPartOf\":{\"@id\":\"https:\/\/festivalmusicajove.com\/#website\"},\"datePublished\":\"2026-01-06T18:54:13+00:00\",\"dateModified\":\"2026-02-27T15:45:06+00:00\",\"breadcrumb\":{\"@id\":\"https:\/\/festivalmusicajove.com\/bandes-sonores-molen\/#breadcrumb\"},\"inLanguage\":\"es\",\"potentialAction\":[{\"@type\":\"ReadAction\",\"target\":[\"https:\/\/festivalmusicajove.com\/bandes-sonores-molen\/\"]}]},{\"@type\":\"BreadcrumbList\",\"@id\":\"https:\/\/festivalmusicajove.com\/bandes-sonores-molen\/#breadcrumb\",\"itemListElement\":[{\"@type\":\"ListItem\",\"position\":1,\"name\":\"Portada\",\"item\":\"https:\/\/festivalmusicajove.com\/\"},{\"@type\":\"ListItem\",\"position\":2,\"name\":\"Les Bandes Sonores molen\"}]},{\"@type\":\"WebSite\",\"@id\":\"https:\/\/festivalmusicajove.com\/#website\",\"url\":\"https:\/\/festivalmusicajove.com\/\",\"name\":\"Festival M\u00fasica Jove\",\"description\":\"\",\"potentialAction\":[{\"@type\":\"SearchAction\",\"target\":{\"@type\":\"EntryPoint\",\"urlTemplate\":\"https:\/\/festivalmusicajove.com\/?s={search_term_string}\"},\"query-input\":{\"@type\":\"PropertyValueSpecification\",\"valueRequired\":true,\"valueName\":\"search_term_string\"}}],\"inLanguage\":\"es\"}]}<\/script>\n<!-- \/ Yoast SEO plugin. -->","yoast_head_json":{"title":"Les Bandes Sonores molen - Festival M\u00fasica Jove","robots":{"index":"index","follow":"follow","max-snippet":"max-snippet:-1","max-image-preview":"max-image-preview:large","max-video-preview":"max-video-preview:-1"},"canonical":"https:\/\/festivalmusicajove.com\/es\/bandes-sonores-molen\/","og_locale":"es_ES","og_type":"article","og_title":"Les Bandes Sonores molen - Festival M\u00fasica Jove","og_url":"https:\/\/festivalmusicajove.com\/es\/bandes-sonores-molen\/","og_site_name":"Festival M\u00fasica Jove","article_modified_time":"2026-02-27T15:45:06+00:00","og_image":[{"width":1131,"height":1600,"url":"https:\/\/festivalmusicajove.com\/wp-content\/uploads\/2026\/02\/WhatsApp-Image-2026-02-27-at-4.43.49\u202fp.\u202fm.jpeg","type":"image\/jpeg"}],"twitter_card":"summary_large_image","twitter_misc":{"Tiempo de lectura":"9 minutos"},"schema":{"@context":"https:\/\/schema.org","@graph":[{"@type":"WebPage","@id":"https:\/\/festivalmusicajove.com\/bandes-sonores-molen\/","url":"https:\/\/festivalmusicajove.com\/bandes-sonores-molen\/","name":"Les Bandes Sonores molen - Festival M\u00fasica Jove","isPartOf":{"@id":"https:\/\/festivalmusicajove.com\/#website"},"datePublished":"2026-01-06T18:54:13+00:00","dateModified":"2026-02-27T15:45:06+00:00","breadcrumb":{"@id":"https:\/\/festivalmusicajove.com\/bandes-sonores-molen\/#breadcrumb"},"inLanguage":"es","potentialAction":[{"@type":"ReadAction","target":["https:\/\/festivalmusicajove.com\/bandes-sonores-molen\/"]}]},{"@type":"BreadcrumbList","@id":"https:\/\/festivalmusicajove.com\/bandes-sonores-molen\/#breadcrumb","itemListElement":[{"@type":"ListItem","position":1,"name":"Portada","item":"https:\/\/festivalmusicajove.com\/"},{"@type":"ListItem","position":2,"name":"Les Bandes Sonores molen"}]},{"@type":"WebSite","@id":"https:\/\/festivalmusicajove.com\/#website","url":"https:\/\/festivalmusicajove.com\/","name":"Festival M\u00fasica Jove","description":"","potentialAction":[{"@type":"SearchAction","target":{"@type":"EntryPoint","urlTemplate":"https:\/\/festivalmusicajove.com\/?s={search_term_string}"},"query-input":{"@type":"PropertyValueSpecification","valueRequired":true,"valueName":"search_term_string"}}],"inLanguage":"es"}]}},"_links":{"self":[{"href":"https:\/\/festivalmusicajove.com\/es\/wp-json\/wp\/v2\/pages\/3443","targetHints":{"allow":["GET"]}}],"collection":[{"href":"https:\/\/festivalmusicajove.com\/es\/wp-json\/wp\/v2\/pages"}],"about":[{"href":"https:\/\/festivalmusicajove.com\/es\/wp-json\/wp\/v2\/types\/page"}],"author":[{"embeddable":true,"href":"https:\/\/festivalmusicajove.com\/es\/wp-json\/wp\/v2\/users\/2"}],"replies":[{"embeddable":true,"href":"https:\/\/festivalmusicajove.com\/es\/wp-json\/wp\/v2\/comments?post=3443"}],"version-history":[{"count":7,"href":"https:\/\/festivalmusicajove.com\/es\/wp-json\/wp\/v2\/pages\/3443\/revisions"}],"predecessor-version":[{"id":3552,"href":"https:\/\/festivalmusicajove.com\/es\/wp-json\/wp\/v2\/pages\/3443\/revisions\/3552"}],"wp:attachment":[{"href":"https:\/\/festivalmusicajove.com\/es\/wp-json\/wp\/v2\/media?parent=3443"}],"curies":[{"name":"wp","href":"https:\/\/api.w.org\/{rel}","templated":true}]}}