{"id":3373,"date":"2026-01-06T17:58:12","date_gmt":"2026-01-06T17:58:12","guid":{"rendered":"https:\/\/festivalmusicajove.com\/?page_id=3373"},"modified":"2026-01-06T22:59:42","modified_gmt":"2026-01-06T22:59:42","slug":"taller-bso","status":"publish","type":"page","link":"https:\/\/festivalmusicajove.com\/es\/taller-bso\/","title":{"rendered":"BSO Choir (taller)"},"content":{"rendered":"<div class='flex_column av-61frph-0dedca1f4c4628db8f8063a0d24c7684 av_one_full  avia-builder-el-0  el_before_av_one_third  avia-builder-el-first  first flex_column_div'     ><p>\n<style type=\"text\/css\" data-created_by=\"avia_inline_auto\" id=\"style-css-av-m5l9jox3-f17347b0e8ce6f7a69646f213b07b9a6\">\n#top .av-special-heading.av-m5l9jox3-f17347b0e8ce6f7a69646f213b07b9a6{\npadding-bottom:10px;\n}\nbody .av-special-heading.av-m5l9jox3-f17347b0e8ce6f7a69646f213b07b9a6 .av-special-heading-tag .heading-char{\nfont-size:25px;\n}\n.av-special-heading.av-m5l9jox3-f17347b0e8ce6f7a69646f213b07b9a6 .av-subheading{\nfont-size:15px;\n}\n<\/style>\n<div  class='av-special-heading av-m5l9jox3-f17347b0e8ce6f7a69646f213b07b9a6 av-special-heading-h2 blockquote modern-quote modern-centered  avia-builder-el-1  el_before_av_textblock  avia-builder-el-first'><h2 class='av-special-heading-tag'  itemprop=\"headline\"  >Informaci\u00f3n de la actividad<\/h2><div class=\"special-heading-border\"><div class=\"special-heading-inner-border\"><\/div><\/div><\/div><br \/>\n\n<style type=\"text\/css\" data-created_by=\"avia_inline_auto\" id=\"style-css-av-m5l9l50j-2f152922ab9a748767024d135e148437\">\n#top .av_textblock_section.av-m5l9l50j-2f152922ab9a748767024d135e148437 .avia_textblock{\nfont-size:19px;\n}\n<\/style>\n<section  class='av_textblock_section av-m5l9l50j-2f152922ab9a748767024d135e148437'  itemscope=\"itemscope\" itemtype=\"https:\/\/schema.org\/CreativeWork\" ><div class='avia_textblock'  itemprop=\"text\" ><p>Todos nacemos sin darnos cuenta que tenemos el instrumento m\u00e1s natural que puede existir: nuestra propia voz. El canto sale directamente de nuestro interior y es la m\u00e1s pura expresi\u00f3n del arte que llevamos dentro. En este taller se propone la formaci\u00f3n \u00abexpr\u00e9s\u00bb de un peque\u00f1o coraz\u00f3n mixto para trabajar aspectos pr\u00e1cticos de t\u00e9cnica vocal e interpretar una pincelada de repertorio basado en diferentes bandas sonoras. La propuesta se abre a todos aquellos que tengan ganas de vivir una experiencia colectiva en que no solo descubrir\u00e1n el tesoro art\u00edstico que llevan adentro, sino que tambi\u00e9n crear\u00e1n v\u00ednculos con los compa\u00f1eros con quienes compartir\u00e1n la experiencia. Se recomienda haber participado anteriormente en alguna formaci\u00f3n coral o tener nociones b\u00e1sicas de m\u00fasica.<\/p>\n<\/div><\/section><\/p><\/div>\n<div class='flex_column_table av-45cf91-dc5b3960f83c59d5446a33b15db9ff49 sc-av_one_third av-equal-height-column-flextable'><div class='flex_column av-45cf91-dc5b3960f83c59d5446a33b15db9ff49 av_one_third  avia-builder-el-3  el_after_av_one_full  el_before_av_one_third  first flex_column_table_cell av-equal-height-column av-align-top column-top-margin'     ><p><article  class='iconbox iconbox_top av-m5no1mfx-58d6d3fdca92a7ef0313af66d19f8b2a  avia-builder-el-4  el_before_av_hr  avia-builder-el-first  main_color'  itemscope=\"itemscope\" itemtype=\"https:\/\/schema.org\/CreativeWork\" ><div class=\"iconbox_content\"><header class=\"entry-content-header\"><div class=\"iconbox_icon heading-color\" aria-hidden='true' data-av_icon='\ue81e' data-av_iconfont='entypo-fontello'><\/div><h3 class='iconbox_content_title'  itemprop=\"headline\" >Edad recomendada<\/h3><\/header><div class='iconbox_content_container'  itemprop=\"text\" ><p>de 12 a 18 a\u00f1os<\/p>\n<\/div><\/div><footer class=\"entry-footer\"><\/footer><\/article><br \/>\n\n<style type=\"text\/css\" data-created_by=\"avia_inline_auto\" id=\"style-css-av-m5noblb0-72892938d9c2c1f0686b09b724da5585\">\n#top .hr.hr-invisible.av-m5noblb0-72892938d9c2c1f0686b09b724da5585{\nheight:10px;\n}\n<\/style>\n<div  class='hr av-m5noblb0-72892938d9c2c1f0686b09b724da5585 hr-invisible  avia-builder-el-5  el_after_av_icon_box  el_before_av_icon_box'><span class='hr-inner'><span class=\"hr-inner-style\"><\/span><\/span><\/div><br \/>\n<article  class='iconbox iconbox_top av-24pz00-504d4aade0f646417bd43325962c7f8a  avia-builder-el-6  el_after_av_hr  avia-builder-el-last  main_color'  itemscope=\"itemscope\" itemtype=\"https:\/\/schema.org\/CreativeWork\" ><div class=\"iconbox_content\"><header class=\"entry-content-header\"><div class=\"iconbox_icon heading-color\" aria-hidden='true' data-av_icon='\ue81e' data-av_iconfont='entypo-fontello'><\/div><h3 class='iconbox_content_title'  itemprop=\"headline\" >Espacio<\/h3><\/header><div class='iconbox_content_container'  itemprop=\"text\" ><p>Patronato Municipal de M\u00fasica (aula 3)<br \/>\nc\/ Pere Franc\u00e9s<\/p>\n<\/div><\/div><footer class=\"entry-footer\"><\/footer><\/article><\/p><\/div>\n<div class='av-flex-placeholder'><\/div><div class='flex_column av-2vqmb9-505b90b037a213b4d0698606f86c51f4 av_one_third  avia-builder-el-7  el_after_av_one_third  el_before_av_one_third  flex_column_table_cell av-equal-height-column av-align-top column-top-margin'     ><p><article  class='iconbox iconbox_top av-7qo7e8-24e0991782d6cefef639a5f700c0e14c  avia-builder-el-8  el_before_av_hr  avia-builder-el-first  main_color'  itemscope=\"itemscope\" itemtype=\"https:\/\/schema.org\/CreativeWork\" ><div class=\"iconbox_content\"><header class=\"entry-content-header\"><div class=\"iconbox_icon heading-color\" aria-hidden='true' data-av_icon='\ue81e' data-av_iconfont='entypo-fontello'><\/div><h3 class='iconbox_content_title'  itemprop=\"headline\" >\u00bfCu\u00e1ndo?<\/h3><\/header><div class='iconbox_content_container'  itemprop=\"text\" ><p>Domingo 8 de marzo<\/p>\n<\/div><\/div><footer class=\"entry-footer\"><\/footer><\/article><br \/>\n\n<style type=\"text\/css\" data-created_by=\"avia_inline_auto\" id=\"style-css-av-dcldc-12ec1a250242b44d43a5a93fca8473dd\">\n#top .hr.hr-invisible.av-dcldc-12ec1a250242b44d43a5a93fca8473dd{\nheight:10px;\n}\n<\/style>\n<div  class='hr av-dcldc-12ec1a250242b44d43a5a93fca8473dd hr-invisible  avia-builder-el-9  el_after_av_icon_box  el_before_av_icon_box'><span class='hr-inner'><span class=\"hr-inner-style\"><\/span><\/span><\/div><br \/>\n<article  class='iconbox iconbox_top av-m5no55wx-11cd21bee4c2f17e5544a430c2f1eea4  avia-builder-el-10  el_after_av_hr  avia-builder-el-last  main_color'  itemscope=\"itemscope\" itemtype=\"https:\/\/schema.org\/CreativeWork\" ><div class=\"iconbox_content\"><header class=\"entry-content-header\"><div class=\"iconbox_icon heading-color\" aria-hidden='true' data-av_icon='\ue81e' data-av_iconfont='entypo-fontello'><\/div><h3 class='iconbox_content_title'  itemprop=\"headline\" >Precio<\/h3><\/header><div class='iconbox_content_container'  itemprop=\"text\" ><p>Actividad gratuita<\/p>\n<\/div><\/div><footer class=\"entry-footer\"><\/footer><\/article><\/p><\/div>\n<div class='av-flex-placeholder'><\/div><div class='flex_column av-3pbfn9-91d249afcfe173f905d11b442dc36251 av_one_third  avia-builder-el-11  el_after_av_one_third  el_before_av_hr  flex_column_table_cell av-equal-height-column av-align-top column-top-margin'     ><p><article  class='iconbox iconbox_top av-6idzf4-b03fbfec9c6a0cc0f16f3196d72c3005  avia-builder-el-12  el_before_av_hr  avia-builder-el-first  main_color'  itemscope=\"itemscope\" itemtype=\"https:\/\/schema.org\/CreativeWork\" ><div class=\"iconbox_content\"><header class=\"entry-content-header\"><div class=\"iconbox_icon heading-color\" aria-hidden='true' data-av_icon='\ue81e' data-av_iconfont='entypo-fontello'><\/div><h3 class='iconbox_content_title'  itemprop=\"headline\" >Horario<\/h3><\/header><div class='iconbox_content_container'  itemprop=\"text\" ><p>17 a 18.30h<\/p>\n<\/div><\/div><footer class=\"entry-footer\"><\/footer><\/article><br \/>\n\n<style type=\"text\/css\" data-created_by=\"avia_inline_auto\" id=\"style-css-av-2xmkf4-90b2fc5072b8b5e3e127647c92770ef0\">\n#top .hr.hr-invisible.av-2xmkf4-90b2fc5072b8b5e3e127647c92770ef0{\nheight:10px;\n}\n<\/style>\n<div  class='hr av-2xmkf4-90b2fc5072b8b5e3e127647c92770ef0 hr-invisible  avia-builder-el-13  el_after_av_icon_box  avia-builder-el-last'><span class='hr-inner'><span class=\"hr-inner-style\"><\/span><\/span><\/div><\/p><\/div><\/div><!--close column table wrapper. Autoclose: 1 -->\n<div  class='hr av-3xa8gd-6a9fab97f4841d90c15f315195223a7b hr-default  avia-builder-el-14  el_after_av_one_third  el_before_av_one_full'><span class='hr-inner'><span class=\"hr-inner-style\"><\/span><\/span><\/div>\n<div class='flex_column av-43tzdh-a937fd1e65db6b3162837c9bc10d5f27 av_one_full  avia-builder-el-15  el_after_av_hr  el_before_av_one_fourth  first flex_column_div'     ><style type=\"text\/css\" data-created_by=\"avia_inline_auto\" id=\"style-css-av-m5l9ko83-866db96dfa27774370f01677900d6049\">\n#top .av-special-heading.av-m5l9ko83-866db96dfa27774370f01677900d6049{\npadding-bottom:10px;\n}\nbody .av-special-heading.av-m5l9ko83-866db96dfa27774370f01677900d6049 .av-special-heading-tag .heading-char{\nfont-size:25px;\n}\n.av-special-heading.av-m5l9ko83-866db96dfa27774370f01677900d6049 .av-subheading{\nfont-size:15px;\n}\n<\/style>\n<div  class='av-special-heading av-m5l9ko83-866db96dfa27774370f01677900d6049 av-special-heading-h1 blockquote modern-quote modern-centered  avia-builder-el-16  avia-builder-el-no-sibling'><h1 class='av-special-heading-tag'  itemprop=\"headline\"  >Artista<\/h1><div class=\"special-heading-border\"><div class=\"special-heading-inner-border\"><\/div><\/div><\/div><\/div>\n<div class='flex_column av-92cm4t-4fe5059573be62ca896213fd8da86bb5 av_one_fourth  avia-builder-el-17  el_after_av_one_full  el_before_av_one_half  first flex_column_div column-top-margin'     ><\/div>\n<div class='flex_column av-71nl65-2e26ca8c3ddf3fd5abb64a4c00455d61 av_one_half  avia-builder-el-18  el_after_av_one_fourth  el_before_av_one_fourth  flex_column_div column-top-margin'     ><section  class='avia-team-member av-mk2wi4qu-f0145e3f0c334b70e55e96d9024e1fbe  avia-builder-el-19  avia-builder-el-no-sibling'  itemscope=\"itemscope\" itemtype=\"https:\/\/schema.org\/Person\" ><div class=\"team-img-container\"><img decoding=\"async\" class='wp-image-3384 avia-img-lazy-loading-not-3384 avia_image avia_image_team' src=\"https:\/\/festivalmusicajove.com\/wp-content\/uploads\/2026\/01\/2025.-Histories-equip-Musica-Jove.png\" alt=''  itemprop=\"image\"   height=\"1920\" width=\"1080\" srcset=\"https:\/\/festivalmusicajove.com\/wp-content\/uploads\/2026\/01\/2025.-Histories-equip-Musica-Jove.png 1080w, https:\/\/festivalmusicajove.com\/wp-content\/uploads\/2026\/01\/2025.-Histories-equip-Musica-Jove-169x300.png 169w, https:\/\/festivalmusicajove.com\/wp-content\/uploads\/2026\/01\/2025.-Histories-equip-Musica-Jove-579x1030.png 579w, https:\/\/festivalmusicajove.com\/wp-content\/uploads\/2026\/01\/2025.-Histories-equip-Musica-Jove-768x1365.png 768w, https:\/\/festivalmusicajove.com\/wp-content\/uploads\/2026\/01\/2025.-Histories-equip-Musica-Jove-864x1536.png 864w, https:\/\/festivalmusicajove.com\/wp-content\/uploads\/2026\/01\/2025.-Histories-equip-Musica-Jove-7x12.png 7w, https:\/\/festivalmusicajove.com\/wp-content\/uploads\/2026\/01\/2025.-Histories-equip-Musica-Jove-844x1500.png 844w, https:\/\/festivalmusicajove.com\/wp-content\/uploads\/2026\/01\/2025.-Histories-equip-Musica-Jove-397x705.png 397w\" sizes=\"(max-width: 1080px) 100vw, 1080px\" \/><\/div><span class='hidden team-member-affiliation'  itemprop=\"affiliation\" >Festival M\u00fasica Jove<\/span><\/section><\/div>\n<div class='flex_column av-5ojr71-2c816ce6a217925f1e673ef407088c70 av_one_fourth  avia-builder-el-20  el_after_av_one_half  el_before_av_hr  flex_column_div column-top-margin'     ><\/div>\n<div  class='hr av-34suvh-6dd6f65157490d13dfd19b6019833a4d hr-default  avia-builder-el-21  el_after_av_one_fourth  el_before_av_one_third'><span class='hr-inner'><span class=\"hr-inner-style\"><\/span><\/span><\/div>\n<div class='flex_column av-2ofmpx-056834c35c60675eff7f19dd6ccbdc45 av_one_third  avia-builder-el-22  el_after_av_hr  el_before_av_one_third  first flex_column_div'     ><\/div>\n<div class='flex_column av-6gq6it-7a7a12274f540497409e2a7e4269224d av_one_third  avia-builder-el-23  el_after_av_one_third  el_before_av_one_third  flex_column_div'     ><div  class='avia-button-wrap av-mk2wgf91-e955734db3ea83eb52fa5390bc5341e8-wrap avia-button-center  avia-builder-el-24  avia-builder-el-no-sibling' ><a href='https:\/\/forms.gle\/wq6av5viHWVMxhKD8'  class='avia-button av-mk2wgf91-e955734db3ea83eb52fa5390bc5341e8 avia-icon_select-no avia-size-small avia-position-center avia-color-theme-color' ><span class='avia_iconbox_title' >Inscripci\u00f3n al Taller<\/span><\/a><\/div><\/div>\n<div class='flex_column av-9aufm-d0f33d3b10aacfe74939e80ff3ff7bc3 av_one_third  avia-builder-el-25  el_after_av_one_third  el_before_av_hr  flex_column_div'     ><\/div>\n<div  class='hr av-2uupct-f596923cef562cc4119c2528f2dfde5d hr-default  avia-builder-el-26  el_after_av_one_third  el_before_av_button'><span class='hr-inner'><span class=\"hr-inner-style\"><\/span><\/span><\/div>\n<div  class='avia-button-wrap av-m5la4raa-9c075af7ae209aaf9086a07efe5c9cf1-wrap avia-button-center  avia-builder-el-27  el_after_av_hr  avia-builder-el-last' ><a href='https:\/\/festivalmusicajove.com\/es\/programacio-2026\/'  class='avia-button av-m5la4raa-9c075af7ae209aaf9086a07efe5c9cf1 avia-icon_select-no avia-size-small avia-position-center avia-color-theme-color-subtle' ><span class='avia_iconbox_title' >volver a programaci\u00f3n<\/span><\/a><\/div>","protected":false},"excerpt":{"rendered":"","protected":false},"author":2,"featured_media":3283,"parent":0,"menu_order":0,"comment_status":"closed","ping_status":"closed","template":"","meta":{"footnotes":""},"class_list":["post-3373","page","type-page","status-publish","has-post-thumbnail","hentry"],"yoast_head":"<!-- This site is optimized with the Yoast SEO plugin v23.7 - https:\/\/yoast.com\/wordpress\/plugins\/seo\/ -->\n<title>BSO Choir (taller) - Festival M\u00fasica Jove<\/title>\n<meta name=\"robots\" content=\"index, follow, max-snippet:-1, max-image-preview:large, max-video-preview:-1\" \/>\n<link rel=\"canonical\" href=\"https:\/\/festivalmusicajove.com\/es\/taller-bso\/\" \/>\n<meta property=\"og:locale\" content=\"es_ES\" \/>\n<meta property=\"og:type\" content=\"article\" \/>\n<meta property=\"og:title\" content=\"BSO Choir (taller) - Festival M\u00fasica Jove\" \/>\n<meta property=\"og:url\" content=\"https:\/\/festivalmusicajove.com\/es\/taller-bso\/\" \/>\n<meta property=\"og:site_name\" content=\"Festival M\u00fasica Jove\" \/>\n<meta property=\"article:modified_time\" content=\"2026-01-06T22:59:42+00:00\" \/>\n<meta property=\"og:image\" content=\"https:\/\/festivalmusicajove.com\/wp-content\/uploads\/2026\/01\/BSO-Choir.png\" \/>\n\t<meta property=\"og:image:width\" content=\"1786\" \/>\n\t<meta property=\"og:image:height\" content=\"2526\" \/>\n\t<meta property=\"og:image:type\" content=\"image\/png\" \/>\n<meta name=\"twitter:card\" content=\"summary_large_image\" \/>\n<meta name=\"twitter:label1\" content=\"Tiempo de lectura\" \/>\n\t<meta name=\"twitter:data1\" content=\"10 minutos\" \/>\n<script type=\"application\/ld+json\" class=\"yoast-schema-graph\">{\"@context\":\"https:\/\/schema.org\",\"@graph\":[{\"@type\":\"WebPage\",\"@id\":\"https:\/\/festivalmusicajove.com\/taller-bso\/\",\"url\":\"https:\/\/festivalmusicajove.com\/taller-bso\/\",\"name\":\"BSO Choir (taller) - Festival M\u00fasica Jove\",\"isPartOf\":{\"@id\":\"https:\/\/festivalmusicajove.com\/#website\"},\"primaryImageOfPage\":{\"@id\":\"https:\/\/festivalmusicajove.com\/taller-bso\/#primaryimage\"},\"image\":{\"@id\":\"https:\/\/festivalmusicajove.com\/taller-bso\/#primaryimage\"},\"thumbnailUrl\":\"https:\/\/festivalmusicajove.com\/wp-content\/uploads\/2026\/01\/BSO-Choir.png\",\"datePublished\":\"2026-01-06T17:58:12+00:00\",\"dateModified\":\"2026-01-06T22:59:42+00:00\",\"breadcrumb\":{\"@id\":\"https:\/\/festivalmusicajove.com\/taller-bso\/#breadcrumb\"},\"inLanguage\":\"es\",\"potentialAction\":[{\"@type\":\"ReadAction\",\"target\":[\"https:\/\/festivalmusicajove.com\/taller-bso\/\"]}]},{\"@type\":\"ImageObject\",\"inLanguage\":\"es\",\"@id\":\"https:\/\/festivalmusicajove.com\/taller-bso\/#primaryimage\",\"url\":\"https:\/\/festivalmusicajove.com\/wp-content\/uploads\/2026\/01\/BSO-Choir.png\",\"contentUrl\":\"https:\/\/festivalmusicajove.com\/wp-content\/uploads\/2026\/01\/BSO-Choir.png\",\"width\":1786,\"height\":2526},{\"@type\":\"BreadcrumbList\",\"@id\":\"https:\/\/festivalmusicajove.com\/taller-bso\/#breadcrumb\",\"itemListElement\":[{\"@type\":\"ListItem\",\"position\":1,\"name\":\"Portada\",\"item\":\"https:\/\/festivalmusicajove.com\/\"},{\"@type\":\"ListItem\",\"position\":2,\"name\":\"BSO Choir (taller)\"}]},{\"@type\":\"WebSite\",\"@id\":\"https:\/\/festivalmusicajove.com\/#website\",\"url\":\"https:\/\/festivalmusicajove.com\/\",\"name\":\"Festival M\u00fasica Jove\",\"description\":\"\",\"potentialAction\":[{\"@type\":\"SearchAction\",\"target\":{\"@type\":\"EntryPoint\",\"urlTemplate\":\"https:\/\/festivalmusicajove.com\/?s={search_term_string}\"},\"query-input\":{\"@type\":\"PropertyValueSpecification\",\"valueRequired\":true,\"valueName\":\"search_term_string\"}}],\"inLanguage\":\"es\"}]}<\/script>\n<!-- \/ Yoast SEO plugin. -->","yoast_head_json":{"title":"BSO Choir (taller) - Festival M\u00fasica Jove","robots":{"index":"index","follow":"follow","max-snippet":"max-snippet:-1","max-image-preview":"max-image-preview:large","max-video-preview":"max-video-preview:-1"},"canonical":"https:\/\/festivalmusicajove.com\/es\/taller-bso\/","og_locale":"es_ES","og_type":"article","og_title":"BSO Choir (taller) - Festival M\u00fasica Jove","og_url":"https:\/\/festivalmusicajove.com\/es\/taller-bso\/","og_site_name":"Festival M\u00fasica Jove","article_modified_time":"2026-01-06T22:59:42+00:00","og_image":[{"width":1786,"height":2526,"url":"https:\/\/festivalmusicajove.com\/wp-content\/uploads\/2026\/01\/BSO-Choir.png","type":"image\/png"}],"twitter_card":"summary_large_image","twitter_misc":{"Tiempo de lectura":"10 minutos"},"schema":{"@context":"https:\/\/schema.org","@graph":[{"@type":"WebPage","@id":"https:\/\/festivalmusicajove.com\/taller-bso\/","url":"https:\/\/festivalmusicajove.com\/taller-bso\/","name":"BSO Choir (taller) - Festival M\u00fasica Jove","isPartOf":{"@id":"https:\/\/festivalmusicajove.com\/#website"},"primaryImageOfPage":{"@id":"https:\/\/festivalmusicajove.com\/taller-bso\/#primaryimage"},"image":{"@id":"https:\/\/festivalmusicajove.com\/taller-bso\/#primaryimage"},"thumbnailUrl":"https:\/\/festivalmusicajove.com\/wp-content\/uploads\/2026\/01\/BSO-Choir.png","datePublished":"2026-01-06T17:58:12+00:00","dateModified":"2026-01-06T22:59:42+00:00","breadcrumb":{"@id":"https:\/\/festivalmusicajove.com\/taller-bso\/#breadcrumb"},"inLanguage":"es","potentialAction":[{"@type":"ReadAction","target":["https:\/\/festivalmusicajove.com\/taller-bso\/"]}]},{"@type":"ImageObject","inLanguage":"es","@id":"https:\/\/festivalmusicajove.com\/taller-bso\/#primaryimage","url":"https:\/\/festivalmusicajove.com\/wp-content\/uploads\/2026\/01\/BSO-Choir.png","contentUrl":"https:\/\/festivalmusicajove.com\/wp-content\/uploads\/2026\/01\/BSO-Choir.png","width":1786,"height":2526},{"@type":"BreadcrumbList","@id":"https:\/\/festivalmusicajove.com\/taller-bso\/#breadcrumb","itemListElement":[{"@type":"ListItem","position":1,"name":"Portada","item":"https:\/\/festivalmusicajove.com\/"},{"@type":"ListItem","position":2,"name":"BSO Choir (taller)"}]},{"@type":"WebSite","@id":"https:\/\/festivalmusicajove.com\/#website","url":"https:\/\/festivalmusicajove.com\/","name":"Festival M\u00fasica Jove","description":"","potentialAction":[{"@type":"SearchAction","target":{"@type":"EntryPoint","urlTemplate":"https:\/\/festivalmusicajove.com\/?s={search_term_string}"},"query-input":{"@type":"PropertyValueSpecification","valueRequired":true,"valueName":"search_term_string"}}],"inLanguage":"es"}]}},"_links":{"self":[{"href":"https:\/\/festivalmusicajove.com\/es\/wp-json\/wp\/v2\/pages\/3373","targetHints":{"allow":["GET"]}}],"collection":[{"href":"https:\/\/festivalmusicajove.com\/es\/wp-json\/wp\/v2\/pages"}],"about":[{"href":"https:\/\/festivalmusicajove.com\/es\/wp-json\/wp\/v2\/types\/page"}],"author":[{"embeddable":true,"href":"https:\/\/festivalmusicajove.com\/es\/wp-json\/wp\/v2\/users\/2"}],"replies":[{"embeddable":true,"href":"https:\/\/festivalmusicajove.com\/es\/wp-json\/wp\/v2\/comments?post=3373"}],"version-history":[{"count":12,"href":"https:\/\/festivalmusicajove.com\/es\/wp-json\/wp\/v2\/pages\/3373\/revisions"}],"predecessor-version":[{"id":3543,"href":"https:\/\/festivalmusicajove.com\/es\/wp-json\/wp\/v2\/pages\/3373\/revisions\/3543"}],"wp:featuredmedia":[{"embeddable":true,"href":"https:\/\/festivalmusicajove.com\/es\/wp-json\/wp\/v2\/media\/3283"}],"wp:attachment":[{"href":"https:\/\/festivalmusicajove.com\/es\/wp-json\/wp\/v2\/media?parent=3373"}],"curies":[{"name":"wp","href":"https:\/\/api.w.org\/{rel}","templated":true}]}}