{"id":2699,"date":"2025-01-07T00:58:45","date_gmt":"2025-01-07T00:58:45","guid":{"rendered":"https:\/\/festivalmusicajove.com\/?page_id=2699"},"modified":"2026-01-06T22:56:04","modified_gmt":"2026-01-06T22:56:04","slug":"batucando-2","status":"publish","type":"page","link":"https:\/\/festivalmusicajove.com\/es\/batucando-2\/","title":{"rendered":"Batucando"},"content":{"rendered":"<div class='flex_column av-61frph-0dedca1f4c4628db8f8063a0d24c7684 av_one_full  avia-builder-el-0  el_before_av_one_third  avia-builder-el-first  first flex_column_div'     ><p>\n<style type=\"text\/css\" data-created_by=\"avia_inline_auto\" id=\"style-css-av-m5l9jox3-f17347b0e8ce6f7a69646f213b07b9a6\">\n#top .av-special-heading.av-m5l9jox3-f17347b0e8ce6f7a69646f213b07b9a6{\npadding-bottom:10px;\n}\nbody .av-special-heading.av-m5l9jox3-f17347b0e8ce6f7a69646f213b07b9a6 .av-special-heading-tag .heading-char{\nfont-size:25px;\n}\n.av-special-heading.av-m5l9jox3-f17347b0e8ce6f7a69646f213b07b9a6 .av-subheading{\nfont-size:15px;\n}\n<\/style>\n<div  class='av-special-heading av-m5l9jox3-f17347b0e8ce6f7a69646f213b07b9a6 av-special-heading-h2 blockquote modern-quote modern-centered  avia-builder-el-1  el_before_av_textblock  avia-builder-el-first'><h2 class='av-special-heading-tag'  itemprop=\"headline\"  >Informaci\u00f3n de la actividad<\/h2><div class=\"special-heading-border\"><div class=\"special-heading-inner-border\"><\/div><\/div><\/div><br \/>\n\n<style type=\"text\/css\" data-created_by=\"avia_inline_auto\" id=\"style-css-av-m5l9l50j-2f152922ab9a748767024d135e148437\">\n#top .av_textblock_section.av-m5l9l50j-2f152922ab9a748767024d135e148437 .avia_textblock{\nfont-size:19px;\n}\n<\/style>\n<section  class='av_textblock_section av-m5l9l50j-2f152922ab9a748767024d135e148437'  itemscope=\"itemscope\" itemtype=\"https:\/\/schema.org\/CreativeWork\" ><div class='avia_textblock'  itemprop=\"text\" ><p>Introducci\u00f3n a la Percusi\u00f3n a trav\u00e9s de los ritmos del Carnaval de Brasil. Comenzaremos con ritmos de Salvador de Bahia como el Afox\u00ea o el Samba-Reggae y tambi\u00e9n veremos las Convenciones (denominadas de pregunta y respuesta entre los tambores) m\u00e1s populares de R\u00edo de de Janeiro.<\/p>\n<p>Tendr\u00e1s la opci\u00f3n de elegir ente una variedad de instrumentos de percusi\u00f3n brasile\u00f1a como el sordo, caja, repic, agog\u00f3, tamborim, ganz\u00e1...de manera que puedas elegir uno que se adapte a ti. Hay unos instrumentos que son m\u00e1s f\u00e1ciles de tocar t\u00e9cnicamente que otros, desde la iniciaci\u00f3n a nivel medio, pero siempre comenzaremos desde el m\u00e1s b\u00e1sico para poder tocar todos juntos de manera efectiva.<\/p>\n<p>Para la realizaci\u00f3n de este taller <strong>no es necesario tener conocimientos previos<\/strong>.<\/p>\n<\/div><\/section><\/p><\/div>\n<div class='flex_column_table av-e1zpyz-cfc143a0ac81e6fc633821b943d641ee sc-av_one_third av-equal-height-column-flextable'><div class='flex_column av-e1zpyz-cfc143a0ac81e6fc633821b943d641ee av_one_third  avia-builder-el-3  el_after_av_one_full  el_before_av_one_third  first flex_column_table_cell av-equal-height-column av-align-top column-top-margin'     ><article  class='iconbox iconbox_top av-m5o0fju1-824da735e635c34cb0b0ca6cb5c139bb  avia-builder-el-4  el_before_av_hr  avia-builder-el-first  main_color'  itemscope=\"itemscope\" itemtype=\"https:\/\/schema.org\/CreativeWork\" ><div class=\"iconbox_content\"><header class=\"entry-content-header\"><div class=\"iconbox_icon heading-color\" aria-hidden='true' data-av_icon='\ue81e' data-av_iconfont='entypo-fontello'><\/div><h3 class='iconbox_content_title'  itemprop=\"headline\" >Edad recomendada<\/h3><\/header><div class='iconbox_content_container'  itemprop=\"text\" ><p style=\"text-align: center;\">de 8 a 11 a\u00f1os (grupo 1)<\/p>\n<p style=\"text-align: center;\">a partir de 12 a\u00f1os (grupo 2)<\/p>\n<\/div><\/div><footer class=\"entry-footer\"><\/footer><\/article><br \/>\n\n<style type=\"text\/css\" data-created_by=\"avia_inline_auto\" id=\"style-css-av-bsyu97-3a00172d71a4fbc8767adb7e0b2c3a66\">\n#top .hr.hr-invisible.av-bsyu97-3a00172d71a4fbc8767adb7e0b2c3a66{\nheight:10px;\n}\n<\/style>\n<div  class='hr av-bsyu97-3a00172d71a4fbc8767adb7e0b2c3a66 hr-invisible  avia-builder-el-5  el_after_av_icon_box  el_before_av_icon_box'><span class='hr-inner'><span class=\"hr-inner-style\"><\/span><\/span><\/div><br \/>\n<article  class='iconbox iconbox_top av-m5o0fpvg-e3104e745ca4eb4c0cbb1317c4f70e7c  avia-builder-el-6  el_after_av_hr  avia-builder-el-last  main_color'  itemscope=\"itemscope\" itemtype=\"https:\/\/schema.org\/CreativeWork\" ><div class=\"iconbox_content\"><header class=\"entry-content-header\"><div class=\"iconbox_icon heading-color\" aria-hidden='true' data-av_icon='\ue81e' data-av_iconfont='entypo-fontello'><\/div><h3 class='iconbox_content_title'  itemprop=\"headline\" >Espacio<\/h3><\/header><div class='iconbox_content_container'  itemprop=\"text\" ><p>Patronato Municipal de M\u00fasica (aula 3)<br \/>\nc\/ Pere Franc\u00e9s<\/p>\n<\/div><\/div><footer class=\"entry-footer\"><\/footer><\/article><\/p><\/div><div class='av-flex-placeholder'><\/div><div class='flex_column av-az8vqj-74bc727759a3ed218d05f7cdba0a6f1f av_one_third  avia-builder-el-7  el_after_av_one_third  el_before_av_one_third  flex_column_table_cell av-equal-height-column av-align-top column-top-margin'     ><p><article  class='iconbox iconbox_top av-m5o0g0k8-cf73ea9c7d7af7b5aece70cb8e54dcf8  avia-builder-el-8  el_before_av_hr  avia-builder-el-first  main_color'  itemscope=\"itemscope\" itemtype=\"https:\/\/schema.org\/CreativeWork\" ><div class=\"iconbox_content\"><header class=\"entry-content-header\"><div class=\"iconbox_icon heading-color\" aria-hidden='true' data-av_icon='\ue81e' data-av_iconfont='entypo-fontello'><\/div><h3 class='iconbox_content_title'  itemprop=\"headline\" >\u00bfCu\u00e1ndo?<\/h3><\/header><div class='iconbox_content_container'  itemprop=\"text\" ><p>Domingo 1 de febrero<\/p>\n<\/div><\/div><footer class=\"entry-footer\"><\/footer><\/article><br \/>\n\n<style type=\"text\/css\" data-created_by=\"avia_inline_auto\" id=\"style-css-av-92gvxn-d45d6131769c7cf679b7385f028459cc\">\n#top .hr.hr-invisible.av-92gvxn-d45d6131769c7cf679b7385f028459cc{\nheight:10px;\n}\n<\/style>\n<div  class='hr av-92gvxn-d45d6131769c7cf679b7385f028459cc hr-invisible  avia-builder-el-9  el_after_av_icon_box  el_before_av_icon_box'><span class='hr-inner'><span class=\"hr-inner-style\"><\/span><\/span><\/div><br \/>\n<article  class='iconbox iconbox_top av-m5o0gcre-e8833b5bdebff0111ff53d8cb1c78a9c  avia-builder-el-10  el_after_av_hr  avia-builder-el-last  main_color'  itemscope=\"itemscope\" itemtype=\"https:\/\/schema.org\/CreativeWork\" ><div class=\"iconbox_content\"><header class=\"entry-content-header\"><div class=\"iconbox_icon heading-color\" aria-hidden='true' data-av_icon='\ue81e' data-av_iconfont='entypo-fontello'><\/div><h3 class='iconbox_content_title'  itemprop=\"headline\" >Precio<\/h3><\/header><div class='iconbox_content_container'  itemprop=\"text\" ><p>Actividad gratuita<\/p>\n<\/div><\/div><footer class=\"entry-footer\"><\/footer><\/article><\/p><\/div><\/p>\n<div class='av-flex-placeholder'><\/div><div class='flex_column av-7y5mkb-732696898494e94a899fa0c3dfd42eef av_one_third  avia-builder-el-11  el_after_av_one_third  el_before_av_hr  flex_column_table_cell av-equal-height-column av-align-top column-top-margin'     ><article  class='iconbox iconbox_top av-m5o0g4f2-e5000939719b1e7290fc268d16d5d3f9  avia-builder-el-12  el_before_av_hr  avia-builder-el-first  main_color'  itemscope=\"itemscope\" itemtype=\"https:\/\/schema.org\/CreativeWork\" ><div class=\"iconbox_content\"><header class=\"entry-content-header\"><div class=\"iconbox_icon heading-color\" aria-hidden='true' data-av_icon='\ue81e' data-av_iconfont='entypo-fontello'><\/div><h3 class='iconbox_content_title'  itemprop=\"headline\" >Horario<\/h3><\/header><div class='iconbox_content_container'  itemprop=\"text\" ><p style=\"text-align: center;\">de 17 a 18h (grupo 1)<\/p>\n<p style=\"text-align: center;\">de 18 a 19.30h (grupo 2)<\/p>\n<\/div><\/div><footer class=\"entry-footer\"><\/footer><\/article><br \/>\n\n<style type=\"text\/css\" data-created_by=\"avia_inline_auto\" id=\"style-css-av-63xky3-1534687c706db072ac895188df1047f5\">\n#top .hr.hr-invisible.av-63xky3-1534687c706db072ac895188df1047f5{\nheight:10px;\n}\n<\/style>\n<div  class='hr av-63xky3-1534687c706db072ac895188df1047f5 hr-invisible  avia-builder-el-13  el_after_av_icon_box  avia-builder-el-last'><span class='hr-inner'><span class=\"hr-inner-style\"><\/span><\/span><\/div><\/p><\/div><\/div><!--close column table wrapper. Autoclose: 1 -->\n<div  class='hr av-3316or-f22cbcd86d244190b212a5088eb55e10 hr-default  avia-builder-el-14  el_after_av_one_third  el_before_av_one_full'><span class='hr-inner'><span class=\"hr-inner-style\"><\/span><\/span><\/div>\n<div class='flex_column av-43tzdh-a937fd1e65db6b3162837c9bc10d5f27 av_one_full  avia-builder-el-15  el_after_av_hr  el_before_av_one_fourth  first flex_column_div'     ><style type=\"text\/css\" data-created_by=\"avia_inline_auto\" id=\"style-css-av-m5l9ko83-7f4284e2c7403849f7fa69d803b947cf\">\n#top .av-special-heading.av-m5l9ko83-7f4284e2c7403849f7fa69d803b947cf{\npadding-bottom:10px;\n}\nbody .av-special-heading.av-m5l9ko83-7f4284e2c7403849f7fa69d803b947cf .av-special-heading-tag .heading-char{\nfont-size:25px;\n}\n.av-special-heading.av-m5l9ko83-7f4284e2c7403849f7fa69d803b947cf .av-subheading{\nfont-size:15px;\n}\n<\/style>\n<div  class='av-special-heading av-m5l9ko83-7f4284e2c7403849f7fa69d803b947cf av-special-heading-h2 blockquote modern-quote modern-centered  avia-builder-el-16  avia-builder-el-no-sibling'><h2 class='av-special-heading-tag'  itemprop=\"headline\"  >Artista<\/h2><div class=\"special-heading-border\"><div class=\"special-heading-inner-border\"><\/div><\/div><\/div><\/div>\n<div class='flex_column av-6gq6it-ea2e5ac0b7bc0ef816385a0977ce83b4 av_one_fourth  avia-builder-el-17  el_after_av_one_full  el_before_av_one_half  first flex_column_div column-top-margin'     ><\/div>\n<div class='flex_column av-2ofmpx-e0f2d5dab6bcfa230e6555dec8ee8519 av_one_half  avia-builder-el-18  el_after_av_one_fourth  el_before_av_one_fourth  flex_column_div column-top-margin'     ><section  class='avia-team-member av-m5l9qkvq-77b090793320628a0a8ef410772da7f4  avia-builder-el-19  avia-builder-el-no-sibling'  itemscope=\"itemscope\" itemtype=\"https:\/\/schema.org\/Person\" ><div class=\"team-img-container\"><img decoding=\"async\" class='wp-image-2595 avia-img-lazy-loading-not-2595 avia_image avia_image_team' src=\"https:\/\/festivalmusicajove.com\/wp-content\/uploads\/2025\/01\/David-Romano.jpg\" alt=''  itemprop=\"image\"   height=\"1920\" width=\"1080\" srcset=\"https:\/\/festivalmusicajove.com\/wp-content\/uploads\/2025\/01\/David-Romano.jpg 1080w, https:\/\/festivalmusicajove.com\/wp-content\/uploads\/2025\/01\/David-Romano-169x300.jpg 169w, https:\/\/festivalmusicajove.com\/wp-content\/uploads\/2025\/01\/David-Romano-579x1030.jpg 579w, https:\/\/festivalmusicajove.com\/wp-content\/uploads\/2025\/01\/David-Romano-768x1365.jpg 768w, https:\/\/festivalmusicajove.com\/wp-content\/uploads\/2025\/01\/David-Romano-864x1536.jpg 864w, https:\/\/festivalmusicajove.com\/wp-content\/uploads\/2025\/01\/David-Romano-7x12.jpg 7w, https:\/\/festivalmusicajove.com\/wp-content\/uploads\/2025\/01\/David-Romano-844x1500.jpg 844w, https:\/\/festivalmusicajove.com\/wp-content\/uploads\/2025\/01\/David-Romano-397x705.jpg 397w\" sizes=\"(max-width: 1080px) 100vw, 1080px\" \/><\/div><span class='hidden team-member-affiliation'  itemprop=\"affiliation\" >Festival M\u00fasica Jove<\/span><\/section><\/div>\n<div class='flex_column av-2cljff-e8dee15db85fbf9688ebf559cf322c2e av_one_fourth  avia-builder-el-20  el_after_av_one_half  el_before_av_hr  flex_column_div column-top-margin'     ><\/div>\n<div  class='hr av-2l4gt7-3df2c3312a89222241794d72a82966ae hr-default  avia-builder-el-21  el_after_av_one_fourth  el_before_av_one_fourth'><span class='hr-inner'><span class=\"hr-inner-style\"><\/span><\/span><\/div>\n<div class='flex_column av-1psaz-413c68e1aeef3899be8dd38a7dd29607 av_one_fourth  avia-builder-el-22  el_after_av_hr  el_before_av_one_half  first flex_column_div'     ><\/div>\n<div class='flex_column av-5n0yt-132a2dea76665ca40c8a590a0411f4fd av_one_half  avia-builder-el-23  el_after_av_one_fourth  el_before_av_one_fourth  flex_column_div'     ><div  class='avia-button-wrap av-mk2wdk0d-9a086db2c958be8067047d89df7abf67-wrap avia-button-center  avia-builder-el-24  avia-builder-el-no-sibling' ><a href='https:\/\/forms.gle\/aKd1BgPoHy9QhS8r6'  class='avia-button av-mk2wdk0d-9a086db2c958be8067047d89df7abf67 avia-icon_select-no avia-size-small avia-position-center avia-color-theme-color' ><span class='avia_iconbox_title' >Inscripci\u00f3n al Taller<\/span><\/a><\/div><\/div>\n<div class='flex_column av-5zxbtx-251a3fbf59b54d1d6ee666b5a9170bcb av_one_fourth  avia-builder-el-25  el_after_av_one_half  el_before_av_hr  flex_column_div'     ><\/div>\n<div  class='hr av-33299n-fce2632fbb32959ae70ef9aa348c547a hr-default  avia-builder-el-26  el_after_av_one_fourth  el_before_av_button'><span class='hr-inner'><span class=\"hr-inner-style\"><\/span><\/span><\/div>\n<div  class='avia-button-wrap av-m5la4raa-9c075af7ae209aaf9086a07efe5c9cf1-wrap avia-button-center  avia-builder-el-27  el_after_av_hr  avia-builder-el-last' ><a href='https:\/\/festivalmusicajove.com\/es\/programacio-2026\/'  class='avia-button av-m5la4raa-9c075af7ae209aaf9086a07efe5c9cf1 avia-icon_select-no avia-size-small avia-position-center avia-color-theme-color-subtle' ><span class='avia_iconbox_title' >volver a programaci\u00f3n<\/span><\/a><\/div>","protected":false},"excerpt":{"rendered":"","protected":false},"author":2,"featured_media":3282,"parent":0,"menu_order":0,"comment_status":"closed","ping_status":"closed","template":"","meta":{"footnotes":""},"class_list":["post-2699","page","type-page","status-publish","has-post-thumbnail","hentry"],"yoast_head":"<!-- This site is optimized with the Yoast SEO plugin v23.7 - https:\/\/yoast.com\/wordpress\/plugins\/seo\/ -->\n<title>Batucando - Festival M\u00fasica Jove<\/title>\n<meta name=\"robots\" content=\"index, follow, max-snippet:-1, max-image-preview:large, max-video-preview:-1\" \/>\n<link rel=\"canonical\" href=\"https:\/\/festivalmusicajove.com\/es\/batucando-2\/\" \/>\n<meta property=\"og:locale\" content=\"es_ES\" \/>\n<meta property=\"og:type\" content=\"article\" \/>\n<meta property=\"og:title\" content=\"Batucando - Festival M\u00fasica Jove\" \/>\n<meta property=\"og:url\" content=\"https:\/\/festivalmusicajove.com\/es\/batucando-2\/\" \/>\n<meta property=\"og:site_name\" content=\"Festival M\u00fasica Jove\" \/>\n<meta property=\"article:modified_time\" content=\"2026-01-06T22:56:04+00:00\" \/>\n<meta property=\"og:image\" content=\"https:\/\/festivalmusicajove.com\/wp-content\/uploads\/2026\/01\/Batucando.png\" \/>\n\t<meta property=\"og:image:width\" content=\"1786\" \/>\n\t<meta property=\"og:image:height\" content=\"2526\" \/>\n\t<meta property=\"og:image:type\" content=\"image\/png\" \/>\n<meta name=\"twitter:card\" content=\"summary_large_image\" \/>\n<meta name=\"twitter:label1\" content=\"Tiempo de lectura\" \/>\n\t<meta name=\"twitter:data1\" content=\"10 minutos\" \/>\n<script type=\"application\/ld+json\" class=\"yoast-schema-graph\">{\"@context\":\"https:\/\/schema.org\",\"@graph\":[{\"@type\":\"WebPage\",\"@id\":\"https:\/\/festivalmusicajove.com\/batucando-2\/\",\"url\":\"https:\/\/festivalmusicajove.com\/batucando-2\/\",\"name\":\"Batucando - Festival M\u00fasica Jove\",\"isPartOf\":{\"@id\":\"https:\/\/festivalmusicajove.com\/#website\"},\"primaryImageOfPage\":{\"@id\":\"https:\/\/festivalmusicajove.com\/batucando-2\/#primaryimage\"},\"image\":{\"@id\":\"https:\/\/festivalmusicajove.com\/batucando-2\/#primaryimage\"},\"thumbnailUrl\":\"https:\/\/festivalmusicajove.com\/wp-content\/uploads\/2026\/01\/Batucando.png\",\"datePublished\":\"2025-01-07T00:58:45+00:00\",\"dateModified\":\"2026-01-06T22:56:04+00:00\",\"breadcrumb\":{\"@id\":\"https:\/\/festivalmusicajove.com\/batucando-2\/#breadcrumb\"},\"inLanguage\":\"es\",\"potentialAction\":[{\"@type\":\"ReadAction\",\"target\":[\"https:\/\/festivalmusicajove.com\/batucando-2\/\"]}]},{\"@type\":\"ImageObject\",\"inLanguage\":\"es\",\"@id\":\"https:\/\/festivalmusicajove.com\/batucando-2\/#primaryimage\",\"url\":\"https:\/\/festivalmusicajove.com\/wp-content\/uploads\/2026\/01\/Batucando.png\",\"contentUrl\":\"https:\/\/festivalmusicajove.com\/wp-content\/uploads\/2026\/01\/Batucando.png\",\"width\":1786,\"height\":2526},{\"@type\":\"BreadcrumbList\",\"@id\":\"https:\/\/festivalmusicajove.com\/batucando-2\/#breadcrumb\",\"itemListElement\":[{\"@type\":\"ListItem\",\"position\":1,\"name\":\"Portada\",\"item\":\"https:\/\/festivalmusicajove.com\/\"},{\"@type\":\"ListItem\",\"position\":2,\"name\":\"Batucando\"}]},{\"@type\":\"WebSite\",\"@id\":\"https:\/\/festivalmusicajove.com\/#website\",\"url\":\"https:\/\/festivalmusicajove.com\/\",\"name\":\"Festival M\u00fasica Jove\",\"description\":\"\",\"potentialAction\":[{\"@type\":\"SearchAction\",\"target\":{\"@type\":\"EntryPoint\",\"urlTemplate\":\"https:\/\/festivalmusicajove.com\/?s={search_term_string}\"},\"query-input\":{\"@type\":\"PropertyValueSpecification\",\"valueRequired\":true,\"valueName\":\"search_term_string\"}}],\"inLanguage\":\"es\"}]}<\/script>\n<!-- \/ Yoast SEO plugin. -->","yoast_head_json":{"title":"Batucando - Festival M\u00fasica Jove","robots":{"index":"index","follow":"follow","max-snippet":"max-snippet:-1","max-image-preview":"max-image-preview:large","max-video-preview":"max-video-preview:-1"},"canonical":"https:\/\/festivalmusicajove.com\/es\/batucando-2\/","og_locale":"es_ES","og_type":"article","og_title":"Batucando - Festival M\u00fasica Jove","og_url":"https:\/\/festivalmusicajove.com\/es\/batucando-2\/","og_site_name":"Festival M\u00fasica Jove","article_modified_time":"2026-01-06T22:56:04+00:00","og_image":[{"width":1786,"height":2526,"url":"https:\/\/festivalmusicajove.com\/wp-content\/uploads\/2026\/01\/Batucando.png","type":"image\/png"}],"twitter_card":"summary_large_image","twitter_misc":{"Tiempo de lectura":"10 minutos"},"schema":{"@context":"https:\/\/schema.org","@graph":[{"@type":"WebPage","@id":"https:\/\/festivalmusicajove.com\/batucando-2\/","url":"https:\/\/festivalmusicajove.com\/batucando-2\/","name":"Batucando - Festival M\u00fasica Jove","isPartOf":{"@id":"https:\/\/festivalmusicajove.com\/#website"},"primaryImageOfPage":{"@id":"https:\/\/festivalmusicajove.com\/batucando-2\/#primaryimage"},"image":{"@id":"https:\/\/festivalmusicajove.com\/batucando-2\/#primaryimage"},"thumbnailUrl":"https:\/\/festivalmusicajove.com\/wp-content\/uploads\/2026\/01\/Batucando.png","datePublished":"2025-01-07T00:58:45+00:00","dateModified":"2026-01-06T22:56:04+00:00","breadcrumb":{"@id":"https:\/\/festivalmusicajove.com\/batucando-2\/#breadcrumb"},"inLanguage":"es","potentialAction":[{"@type":"ReadAction","target":["https:\/\/festivalmusicajove.com\/batucando-2\/"]}]},{"@type":"ImageObject","inLanguage":"es","@id":"https:\/\/festivalmusicajove.com\/batucando-2\/#primaryimage","url":"https:\/\/festivalmusicajove.com\/wp-content\/uploads\/2026\/01\/Batucando.png","contentUrl":"https:\/\/festivalmusicajove.com\/wp-content\/uploads\/2026\/01\/Batucando.png","width":1786,"height":2526},{"@type":"BreadcrumbList","@id":"https:\/\/festivalmusicajove.com\/batucando-2\/#breadcrumb","itemListElement":[{"@type":"ListItem","position":1,"name":"Portada","item":"https:\/\/festivalmusicajove.com\/"},{"@type":"ListItem","position":2,"name":"Batucando"}]},{"@type":"WebSite","@id":"https:\/\/festivalmusicajove.com\/#website","url":"https:\/\/festivalmusicajove.com\/","name":"Festival M\u00fasica Jove","description":"","potentialAction":[{"@type":"SearchAction","target":{"@type":"EntryPoint","urlTemplate":"https:\/\/festivalmusicajove.com\/?s={search_term_string}"},"query-input":{"@type":"PropertyValueSpecification","valueRequired":true,"valueName":"search_term_string"}}],"inLanguage":"es"}]}},"_links":{"self":[{"href":"https:\/\/festivalmusicajove.com\/es\/wp-json\/wp\/v2\/pages\/2699","targetHints":{"allow":["GET"]}}],"collection":[{"href":"https:\/\/festivalmusicajove.com\/es\/wp-json\/wp\/v2\/pages"}],"about":[{"href":"https:\/\/festivalmusicajove.com\/es\/wp-json\/wp\/v2\/types\/page"}],"author":[{"embeddable":true,"href":"https:\/\/festivalmusicajove.com\/es\/wp-json\/wp\/v2\/users\/2"}],"replies":[{"embeddable":true,"href":"https:\/\/festivalmusicajove.com\/es\/wp-json\/wp\/v2\/comments?post=2699"}],"version-history":[{"count":34,"href":"https:\/\/festivalmusicajove.com\/es\/wp-json\/wp\/v2\/pages\/2699\/revisions"}],"predecessor-version":[{"id":3550,"href":"https:\/\/festivalmusicajove.com\/es\/wp-json\/wp\/v2\/pages\/2699\/revisions\/3550"}],"wp:featuredmedia":[{"embeddable":true,"href":"https:\/\/festivalmusicajove.com\/es\/wp-json\/wp\/v2\/media\/3282"}],"wp:attachment":[{"href":"https:\/\/festivalmusicajove.com\/es\/wp-json\/wp\/v2\/media?parent=2699"}],"curies":[{"name":"wp","href":"https:\/\/api.w.org\/{rel}","templated":true}]}}