{"id":2609,"date":"2025-01-06T21:30:50","date_gmt":"2025-01-06T21:30:50","guid":{"rendered":"https:\/\/festivalmusicajove.com\/?page_id=2609"},"modified":"2026-01-06T22:55:50","modified_gmt":"2026-01-06T22:55:50","slug":"canta-3","status":"publish","type":"page","link":"https:\/\/festivalmusicajove.com\/es\/canta-3\/","title":{"rendered":"Taller Canta, canta!"},"content":{"rendered":"<div class='flex_column av-61frph-0dedca1f4c4628db8f8063a0d24c7684 av_one_full  avia-builder-el-0  el_before_av_one_third  avia-builder-el-first  first flex_column_div'     ><p>\n<style type=\"text\/css\" data-created_by=\"avia_inline_auto\" id=\"style-css-av-m5l9jox3-f17347b0e8ce6f7a69646f213b07b9a6\">\n#top .av-special-heading.av-m5l9jox3-f17347b0e8ce6f7a69646f213b07b9a6{\npadding-bottom:10px;\n}\nbody .av-special-heading.av-m5l9jox3-f17347b0e8ce6f7a69646f213b07b9a6 .av-special-heading-tag .heading-char{\nfont-size:25px;\n}\n.av-special-heading.av-m5l9jox3-f17347b0e8ce6f7a69646f213b07b9a6 .av-subheading{\nfont-size:15px;\n}\n<\/style>\n<div  class='av-special-heading av-m5l9jox3-f17347b0e8ce6f7a69646f213b07b9a6 av-special-heading-h2 blockquote modern-quote modern-centered  avia-builder-el-1  el_before_av_textblock  avia-builder-el-first'><h2 class='av-special-heading-tag'  itemprop=\"headline\"  >Informaci\u00f3n de la actividad<\/h2><div class=\"special-heading-border\"><div class=\"special-heading-inner-border\"><\/div><\/div><\/div><br \/>\n\n<style type=\"text\/css\" data-created_by=\"avia_inline_auto\" id=\"style-css-av-m5l9l50j-2f152922ab9a748767024d135e148437\">\n#top .av_textblock_section.av-m5l9l50j-2f152922ab9a748767024d135e148437 .avia_textblock{\nfont-size:19px;\n}\n<\/style>\n<section  class='av_textblock_section av-m5l9l50j-2f152922ab9a748767024d135e148437'  itemscope=\"itemscope\" itemtype=\"https:\/\/schema.org\/CreativeWork\" ><div class='avia_textblock'  itemprop=\"text\" ><p>El taller <strong><em>Canta, canta!<\/em><\/strong>\u00a0est\u00e1 dise\u00f1ado para ni\u00f1os de entre 6 y 11 a\u00f1os, con el objetivo de introducirlos en el mundo de la m\u00fasica y el canto de una manera divertida y educativa. Los participantes explorar\u00e1n diferentes g\u00e9neros musicales y aprender\u00e1n a expresar sus emociones a trav\u00e9s de la voz. A trav\u00e9s de juegos, actividades r\u00edtmicas y t\u00e9cnicas vocales, los ni\u00f1os desarrollar\u00e1n su capacidad de concentraci\u00f3n, coordinaci\u00f3n y creatividad. Adem\u00e1s, y laque los ni\u00f1os podr\u00e1n cantar en conjunto y disfrutar del proceso de crear m\u00fasica colectiva.<\/p>\n<\/div><\/section><\/p><\/div>\n<div class='flex_column_table av-fr7xr5-f47250f8fcbcb51f3c8b60336847ac03 sc-av_one_third av-equal-height-column-flextable'><div class='flex_column av-fr7xr5-f47250f8fcbcb51f3c8b60336847ac03 av_one_third  avia-builder-el-3  el_after_av_one_full  el_before_av_one_third  first flex_column_table_cell av-equal-height-column av-align-top column-top-margin'     ><p><article  class='iconbox iconbox_top av-m5o0q3ww-67be43a8056f58d3ecc90e50b4172247  avia-builder-el-4  el_before_av_hr  avia-builder-el-first  main_color'  itemscope=\"itemscope\" itemtype=\"https:\/\/schema.org\/CreativeWork\" ><div class=\"iconbox_content\"><header class=\"entry-content-header\"><div class=\"iconbox_icon heading-color\" aria-hidden='true' data-av_icon='\ue81e' data-av_iconfont='entypo-fontello'><\/div><h3 class='iconbox_content_title'  itemprop=\"headline\" >Edad recomendada<\/h3><\/header><div class='iconbox_content_container'  itemprop=\"text\" ><p>de 6 a 11 a\u00f1os<\/p>\n<\/div><\/div><footer class=\"entry-footer\"><\/footer><\/article><br \/>\n\n<style type=\"text\/css\" data-created_by=\"avia_inline_auto\" id=\"style-css-av-dpabup-da16ba75ba62e692c436b33995c53185\">\n#top .hr.hr-invisible.av-dpabup-da16ba75ba62e692c436b33995c53185{\nheight:10px;\n}\n<\/style>\n<div  class='hr av-dpabup-da16ba75ba62e692c436b33995c53185 hr-invisible  avia-builder-el-5  el_after_av_icon_box  el_before_av_icon_box'><span class='hr-inner'><span class=\"hr-inner-style\"><\/span><\/span><\/div><br \/>\n<article  class='iconbox iconbox_top av-m5o0q6g4-107d75130a3d4070da4bf35fb0a42d99  avia-builder-el-6  el_after_av_hr  avia-builder-el-last  main_color'  itemscope=\"itemscope\" itemtype=\"https:\/\/schema.org\/CreativeWork\" ><div class=\"iconbox_content\"><header class=\"entry-content-header\"><div class=\"iconbox_icon heading-color\" aria-hidden='true' data-av_icon='\ue81e' data-av_iconfont='entypo-fontello'><\/div><h3 class='iconbox_content_title'  itemprop=\"headline\" >Espacio<\/h3><\/header><div class='iconbox_content_container'  itemprop=\"text\" ><p>Patronato Municipal de M\u00fasica (aula 3)<br \/>\nc\/ Pere Franc\u00e9s<\/p>\n<\/div><\/div><footer class=\"entry-footer\"><\/footer><\/article><\/p><\/div><div class='av-flex-placeholder'><\/div><div class='flex_column av-c4903l-4967442b2e42ef5299cb660e2cb9e35b av_one_third  avia-builder-el-7  el_after_av_one_third  el_before_av_one_third  flex_column_table_cell av-equal-height-column av-align-top column-top-margin'     ><p><article  class='iconbox iconbox_top av-m5o0qeot-76dcf74f9546ffebe2ec31f1e7388ca4  avia-builder-el-8  el_before_av_hr  avia-builder-el-first  main_color'  itemscope=\"itemscope\" itemtype=\"https:\/\/schema.org\/CreativeWork\" ><div class=\"iconbox_content\"><header class=\"entry-content-header\"><div class=\"iconbox_icon heading-color\" aria-hidden='true' data-av_icon='\ue81e' data-av_iconfont='entypo-fontello'><\/div><h3 class='iconbox_content_title'  itemprop=\"headline\" >\u00bfCu\u00e1ndo?<\/h3><\/header><div class='iconbox_content_container'  itemprop=\"text\" ><p>Domingo 8 de marzo<\/p>\n<\/div><\/div><footer class=\"entry-footer\"><\/footer><\/article><br \/>\n\n<style type=\"text\/css\" data-created_by=\"avia_inline_auto\" id=\"style-css-av-b3np9d-e7e4e81ffc11ffc00428bf1040994525\">\n#top .hr.hr-invisible.av-b3np9d-e7e4e81ffc11ffc00428bf1040994525{\nheight:10px;\n}\n<\/style>\n<div  class='hr av-b3np9d-e7e4e81ffc11ffc00428bf1040994525 hr-invisible  avia-builder-el-9  el_after_av_icon_box  el_before_av_icon_box'><span class='hr-inner'><span class=\"hr-inner-style\"><\/span><\/span><\/div><br \/>\n<article  class='iconbox iconbox_top av-m5o0qod0-43acca7085d543af6c2d20735086ac88  avia-builder-el-10  el_after_av_hr  avia-builder-el-last  main_color'  itemscope=\"itemscope\" itemtype=\"https:\/\/schema.org\/CreativeWork\" ><div class=\"iconbox_content\"><header class=\"entry-content-header\"><div class=\"iconbox_icon heading-color\" aria-hidden='true' data-av_icon='\ue81e' data-av_iconfont='entypo-fontello'><\/div><h3 class='iconbox_content_title'  itemprop=\"headline\" >Precio<\/h3><\/header><div class='iconbox_content_container'  itemprop=\"text\" ><p>Actividad Gratuita<\/p>\n<\/div><\/div><footer class=\"entry-footer\"><\/footer><\/article><\/p><\/div><\/p>\n<div class='av-flex-placeholder'><\/div><div class='flex_column av-98dpwh-88b11b341bea1c6be01c62b9b3e8d563 av_one_third  avia-builder-el-11  el_after_av_one_third  el_before_av_hr  flex_column_table_cell av-equal-height-column av-align-top column-top-margin'     ><article  class='iconbox iconbox_top av-m5o0qijp-d8a4cff4e364363587be3247b408c2fc  avia-builder-el-12  el_before_av_hr  avia-builder-el-first  main_color'  itemscope=\"itemscope\" itemtype=\"https:\/\/schema.org\/CreativeWork\" ><div class=\"iconbox_content\"><header class=\"entry-content-header\"><div class=\"iconbox_icon heading-color\" aria-hidden='true' data-av_icon='\ue81e' data-av_iconfont='entypo-fontello'><\/div><h3 class='iconbox_content_title'  itemprop=\"headline\" >Horario<\/h3><\/header><div class='iconbox_content_container'  itemprop=\"text\" ><p style=\"text-align: center;\">de 11 a 12h (turno 2)<\/p>\n<p style=\"text-align: center;\">12.30 a 13.30h (turno 2)<\/p>\n<\/div><\/div><footer class=\"entry-footer\"><\/footer><\/article><br \/>\n\n<style type=\"text\/css\" data-created_by=\"avia_inline_auto\" id=\"style-css-av-7s003l-0681d5bb74d8fb2a2c21ec5e9ca9bd48\">\n#top .hr.hr-invisible.av-7s003l-0681d5bb74d8fb2a2c21ec5e9ca9bd48{\nheight:10px;\n}\n<\/style>\n<div  class='hr av-7s003l-0681d5bb74d8fb2a2c21ec5e9ca9bd48 hr-invisible  avia-builder-el-13  el_after_av_icon_box  avia-builder-el-last'><span class='hr-inner'><span class=\"hr-inner-style\"><\/span><\/span><\/div><\/p><\/div><\/div><!--close column table wrapper. Autoclose: 1 --><div  class='hr av-4sru1t-705afc9397b30205d1bb7c636f04fff7 hr-default  avia-builder-el-14  el_after_av_one_third  el_before_av_one_full'><span class='hr-inner'><span class=\"hr-inner-style\"><\/span><\/span><\/div><\/p>\n<div class='flex_column av-43tzdh-a937fd1e65db6b3162837c9bc10d5f27 av_one_full  avia-builder-el-15  el_after_av_hr  el_before_av_one_fourth  first flex_column_div'     ><style type=\"text\/css\" data-created_by=\"avia_inline_auto\" id=\"style-css-av-m5l9ko83-7f4284e2c7403849f7fa69d803b947cf\">\n#top .av-special-heading.av-m5l9ko83-7f4284e2c7403849f7fa69d803b947cf{\npadding-bottom:10px;\n}\nbody .av-special-heading.av-m5l9ko83-7f4284e2c7403849f7fa69d803b947cf .av-special-heading-tag .heading-char{\nfont-size:25px;\n}\n.av-special-heading.av-m5l9ko83-7f4284e2c7403849f7fa69d803b947cf .av-subheading{\nfont-size:15px;\n}\n<\/style>\n<div  class='av-special-heading av-m5l9ko83-7f4284e2c7403849f7fa69d803b947cf av-special-heading-h2 blockquote modern-quote modern-centered  avia-builder-el-16  avia-builder-el-no-sibling'><h2 class='av-special-heading-tag'  itemprop=\"headline\"  >Artista<\/h2><div class=\"special-heading-border\"><div class=\"special-heading-inner-border\"><\/div><\/div><\/div><\/div>\n<div class='flex_column av-2ofmpx-056834c35c60675eff7f19dd6ccbdc45 av_one_fourth  avia-builder-el-17  el_after_av_one_full  el_before_av_one_half  first flex_column_div column-top-margin'     ><\/div>\n<div class='flex_column av-1x9es2-5194c3c1e59d467324af8c1ef5f7c6d2 av_one_half  avia-builder-el-18  el_after_av_one_fourth  el_before_av_one_fourth  flex_column_div column-top-margin'     ><section  class='avia-team-member av-m5lisrar-6ee343e30bf00d08e0a682ad6156caf2  avia-builder-el-19  avia-builder-el-no-sibling'  itemscope=\"itemscope\" itemtype=\"https:\/\/schema.org\/Person\" ><div class=\"team-img-container\"><img decoding=\"async\" class='wp-image-2445 avia-img-lazy-loading-not-2445 avia_image avia_image_team' src=\"https:\/\/festivalmusicajove.com\/wp-content\/uploads\/2025\/01\/Lucia-Herranz.jpg\" alt=''  itemprop=\"image\"   height=\"1920\" width=\"1080\" srcset=\"https:\/\/festivalmusicajove.com\/wp-content\/uploads\/2025\/01\/Lucia-Herranz.jpg 1080w, https:\/\/festivalmusicajove.com\/wp-content\/uploads\/2025\/01\/Lucia-Herranz-169x300.jpg 169w, https:\/\/festivalmusicajove.com\/wp-content\/uploads\/2025\/01\/Lucia-Herranz-579x1030.jpg 579w, https:\/\/festivalmusicajove.com\/wp-content\/uploads\/2025\/01\/Lucia-Herranz-768x1365.jpg 768w, https:\/\/festivalmusicajove.com\/wp-content\/uploads\/2025\/01\/Lucia-Herranz-864x1536.jpg 864w, https:\/\/festivalmusicajove.com\/wp-content\/uploads\/2025\/01\/Lucia-Herranz-7x12.jpg 7w, https:\/\/festivalmusicajove.com\/wp-content\/uploads\/2025\/01\/Lucia-Herranz-844x1500.jpg 844w, https:\/\/festivalmusicajove.com\/wp-content\/uploads\/2025\/01\/Lucia-Herranz-397x705.jpg 397w\" sizes=\"(max-width: 1080px) 100vw, 1080px\" \/><\/div><span class='hidden team-member-affiliation'  itemprop=\"affiliation\" >Festival M\u00fasica Jove<\/span><\/section><\/div>\n<div class='flex_column av-6gq6it-7a7a12274f540497409e2a7e4269224d av_one_fourth  avia-builder-el-20  el_after_av_one_half  el_before_av_hr  flex_column_div column-top-margin'     ><\/div>\n<div  class='hr av-12mwh-417033ab5eca223621e9a584a3d6e22b hr-default  avia-builder-el-21  el_after_av_one_fourth  el_before_av_one_fourth'><span class='hr-inner'><span class=\"hr-inner-style\"><\/span><\/span><\/div>\n<div class='flex_column av-6lrig1-972c74423cee93a4a59799b9365287dc av_one_fourth  avia-builder-el-22  el_after_av_hr  el_before_av_one_half  first flex_column_div'     ><\/div>\n<div class='flex_column av-5n0yt-132a2dea76665ca40c8a590a0411f4fd av_one_half  avia-builder-el-23  el_after_av_one_fourth  el_before_av_one_fourth  flex_column_div'     ><div  class='avia-button-wrap av-mk2x4ssq-e38139a1b87b8d5b9298add3d04aaf92-wrap avia-button-center  avia-builder-el-24  avia-builder-el-no-sibling' ><a href='https:\/\/forms.gle\/B8dK2MqU2fJLxynu7'  class='avia-button av-mk2x4ssq-e38139a1b87b8d5b9298add3d04aaf92 avia-icon_select-no avia-size-small avia-position-center avia-color-theme-color' ><span class='avia_iconbox_title' >Inscripci\u00f3n al Taller<\/span><\/a><\/div><\/div>\n<div class='flex_column av-4c39oh-43b23fb2807174587ef5bddeff3850a3 av_one_fourth  avia-builder-el-25  el_after_av_one_half  el_before_av_hr  flex_column_div'     ><\/div>\n<div  class='hr av-2z5v6p-088da83265fd2cf860901244ba4de13c hr-default  avia-builder-el-26  el_after_av_one_fourth  el_before_av_button'><span class='hr-inner'><span class=\"hr-inner-style\"><\/span><\/span><\/div>\n<div  class='avia-button-wrap av-m5la4raa-9c075af7ae209aaf9086a07efe5c9cf1-wrap avia-button-center  avia-builder-el-27  el_after_av_hr  avia-builder-el-last' ><a href='https:\/\/festivalmusicajove.com\/es\/programacio-2026\/'  class='avia-button av-m5la4raa-9c075af7ae209aaf9086a07efe5c9cf1 avia-icon_select-no avia-size-small avia-position-center avia-color-theme-color-subtle' ><span class='avia_iconbox_title' >volver a programaci\u00f3n<\/span><\/a><\/div>","protected":false},"excerpt":{"rendered":"","protected":false},"author":2,"featured_media":3284,"parent":0,"menu_order":0,"comment_status":"closed","ping_status":"closed","template":"","meta":{"footnotes":""},"class_list":["post-2609","page","type-page","status-publish","has-post-thumbnail","hentry"],"yoast_head":"<!-- This site is optimized with the Yoast SEO plugin v23.7 - https:\/\/yoast.com\/wordpress\/plugins\/seo\/ -->\n<title>Taller Canta, canta! - Festival M\u00fasica Jove<\/title>\n<meta name=\"robots\" content=\"index, follow, max-snippet:-1, max-image-preview:large, max-video-preview:-1\" \/>\n<link rel=\"canonical\" href=\"https:\/\/festivalmusicajove.com\/es\/canta-3\/\" \/>\n<meta property=\"og:locale\" content=\"es_ES\" \/>\n<meta property=\"og:type\" content=\"article\" \/>\n<meta property=\"og:title\" content=\"Taller Canta, canta! - Festival M\u00fasica Jove\" \/>\n<meta property=\"og:url\" content=\"https:\/\/festivalmusicajove.com\/es\/canta-3\/\" \/>\n<meta property=\"og:site_name\" content=\"Festival M\u00fasica Jove\" \/>\n<meta property=\"article:modified_time\" content=\"2026-01-06T22:55:50+00:00\" \/>\n<meta property=\"og:image\" content=\"https:\/\/festivalmusicajove.com\/wp-content\/uploads\/2026\/01\/Canta-Canta.png\" \/>\n\t<meta property=\"og:image:width\" content=\"1786\" \/>\n\t<meta property=\"og:image:height\" content=\"2526\" \/>\n\t<meta property=\"og:image:type\" content=\"image\/png\" \/>\n<meta name=\"twitter:card\" content=\"summary_large_image\" \/>\n<meta name=\"twitter:label1\" content=\"Tiempo de lectura\" \/>\n\t<meta name=\"twitter:data1\" content=\"10 minutos\" \/>\n<script type=\"application\/ld+json\" class=\"yoast-schema-graph\">{\"@context\":\"https:\/\/schema.org\",\"@graph\":[{\"@type\":\"WebPage\",\"@id\":\"https:\/\/festivalmusicajove.com\/canta-3\/\",\"url\":\"https:\/\/festivalmusicajove.com\/canta-3\/\",\"name\":\"Taller Canta, canta! - Festival M\u00fasica Jove\",\"isPartOf\":{\"@id\":\"https:\/\/festivalmusicajove.com\/#website\"},\"primaryImageOfPage\":{\"@id\":\"https:\/\/festivalmusicajove.com\/canta-3\/#primaryimage\"},\"image\":{\"@id\":\"https:\/\/festivalmusicajove.com\/canta-3\/#primaryimage\"},\"thumbnailUrl\":\"https:\/\/festivalmusicajove.com\/wp-content\/uploads\/2026\/01\/Canta-Canta.png\",\"datePublished\":\"2025-01-06T21:30:50+00:00\",\"dateModified\":\"2026-01-06T22:55:50+00:00\",\"breadcrumb\":{\"@id\":\"https:\/\/festivalmusicajove.com\/canta-3\/#breadcrumb\"},\"inLanguage\":\"es\",\"potentialAction\":[{\"@type\":\"ReadAction\",\"target\":[\"https:\/\/festivalmusicajove.com\/canta-3\/\"]}]},{\"@type\":\"ImageObject\",\"inLanguage\":\"es\",\"@id\":\"https:\/\/festivalmusicajove.com\/canta-3\/#primaryimage\",\"url\":\"https:\/\/festivalmusicajove.com\/wp-content\/uploads\/2026\/01\/Canta-Canta.png\",\"contentUrl\":\"https:\/\/festivalmusicajove.com\/wp-content\/uploads\/2026\/01\/Canta-Canta.png\",\"width\":1786,\"height\":2526},{\"@type\":\"BreadcrumbList\",\"@id\":\"https:\/\/festivalmusicajove.com\/canta-3\/#breadcrumb\",\"itemListElement\":[{\"@type\":\"ListItem\",\"position\":1,\"name\":\"Portada\",\"item\":\"https:\/\/festivalmusicajove.com\/\"},{\"@type\":\"ListItem\",\"position\":2,\"name\":\"Taller Canta, canta!\"}]},{\"@type\":\"WebSite\",\"@id\":\"https:\/\/festivalmusicajove.com\/#website\",\"url\":\"https:\/\/festivalmusicajove.com\/\",\"name\":\"Festival M\u00fasica Jove\",\"description\":\"\",\"potentialAction\":[{\"@type\":\"SearchAction\",\"target\":{\"@type\":\"EntryPoint\",\"urlTemplate\":\"https:\/\/festivalmusicajove.com\/?s={search_term_string}\"},\"query-input\":{\"@type\":\"PropertyValueSpecification\",\"valueRequired\":true,\"valueName\":\"search_term_string\"}}],\"inLanguage\":\"es\"}]}<\/script>\n<!-- \/ Yoast SEO plugin. -->","yoast_head_json":{"title":"Taller Canta, canta! - Festival M\u00fasica Jove","robots":{"index":"index","follow":"follow","max-snippet":"max-snippet:-1","max-image-preview":"max-image-preview:large","max-video-preview":"max-video-preview:-1"},"canonical":"https:\/\/festivalmusicajove.com\/es\/canta-3\/","og_locale":"es_ES","og_type":"article","og_title":"Taller Canta, canta! - Festival M\u00fasica Jove","og_url":"https:\/\/festivalmusicajove.com\/es\/canta-3\/","og_site_name":"Festival M\u00fasica Jove","article_modified_time":"2026-01-06T22:55:50+00:00","og_image":[{"width":1786,"height":2526,"url":"https:\/\/festivalmusicajove.com\/wp-content\/uploads\/2026\/01\/Canta-Canta.png","type":"image\/png"}],"twitter_card":"summary_large_image","twitter_misc":{"Tiempo de lectura":"10 minutos"},"schema":{"@context":"https:\/\/schema.org","@graph":[{"@type":"WebPage","@id":"https:\/\/festivalmusicajove.com\/canta-3\/","url":"https:\/\/festivalmusicajove.com\/canta-3\/","name":"Taller Canta, canta! - Festival M\u00fasica Jove","isPartOf":{"@id":"https:\/\/festivalmusicajove.com\/#website"},"primaryImageOfPage":{"@id":"https:\/\/festivalmusicajove.com\/canta-3\/#primaryimage"},"image":{"@id":"https:\/\/festivalmusicajove.com\/canta-3\/#primaryimage"},"thumbnailUrl":"https:\/\/festivalmusicajove.com\/wp-content\/uploads\/2026\/01\/Canta-Canta.png","datePublished":"2025-01-06T21:30:50+00:00","dateModified":"2026-01-06T22:55:50+00:00","breadcrumb":{"@id":"https:\/\/festivalmusicajove.com\/canta-3\/#breadcrumb"},"inLanguage":"es","potentialAction":[{"@type":"ReadAction","target":["https:\/\/festivalmusicajove.com\/canta-3\/"]}]},{"@type":"ImageObject","inLanguage":"es","@id":"https:\/\/festivalmusicajove.com\/canta-3\/#primaryimage","url":"https:\/\/festivalmusicajove.com\/wp-content\/uploads\/2026\/01\/Canta-Canta.png","contentUrl":"https:\/\/festivalmusicajove.com\/wp-content\/uploads\/2026\/01\/Canta-Canta.png","width":1786,"height":2526},{"@type":"BreadcrumbList","@id":"https:\/\/festivalmusicajove.com\/canta-3\/#breadcrumb","itemListElement":[{"@type":"ListItem","position":1,"name":"Portada","item":"https:\/\/festivalmusicajove.com\/"},{"@type":"ListItem","position":2,"name":"Taller Canta, canta!"}]},{"@type":"WebSite","@id":"https:\/\/festivalmusicajove.com\/#website","url":"https:\/\/festivalmusicajove.com\/","name":"Festival M\u00fasica Jove","description":"","potentialAction":[{"@type":"SearchAction","target":{"@type":"EntryPoint","urlTemplate":"https:\/\/festivalmusicajove.com\/?s={search_term_string}"},"query-input":{"@type":"PropertyValueSpecification","valueRequired":true,"valueName":"search_term_string"}}],"inLanguage":"es"}]}},"_links":{"self":[{"href":"https:\/\/festivalmusicajove.com\/es\/wp-json\/wp\/v2\/pages\/2609","targetHints":{"allow":["GET"]}}],"collection":[{"href":"https:\/\/festivalmusicajove.com\/es\/wp-json\/wp\/v2\/pages"}],"about":[{"href":"https:\/\/festivalmusicajove.com\/es\/wp-json\/wp\/v2\/types\/page"}],"author":[{"embeddable":true,"href":"https:\/\/festivalmusicajove.com\/es\/wp-json\/wp\/v2\/users\/2"}],"replies":[{"embeddable":true,"href":"https:\/\/festivalmusicajove.com\/es\/wp-json\/wp\/v2\/comments?post=2609"}],"version-history":[{"count":16,"href":"https:\/\/festivalmusicajove.com\/es\/wp-json\/wp\/v2\/pages\/2609\/revisions"}],"predecessor-version":[{"id":3547,"href":"https:\/\/festivalmusicajove.com\/es\/wp-json\/wp\/v2\/pages\/2609\/revisions\/3547"}],"wp:featuredmedia":[{"embeddable":true,"href":"https:\/\/festivalmusicajove.com\/es\/wp-json\/wp\/v2\/media\/3284"}],"wp:attachment":[{"href":"https:\/\/festivalmusicajove.com\/es\/wp-json\/wp\/v2\/media?parent=2609"}],"curies":[{"name":"wp","href":"https:\/\/api.w.org\/{rel}","templated":true}]}}