{"id":2576,"date":"2025-01-06T21:06:05","date_gmt":"2025-01-06T21:06:05","guid":{"rendered":"https:\/\/festivalmusicajove.com\/?page_id=2576"},"modified":"2026-01-19T21:14:08","modified_gmt":"2026-01-19T21:14:08","slug":"petit-vesi","status":"publish","type":"page","link":"https:\/\/festivalmusicajove.com\/es\/petit-vesi\/","title":{"rendered":"El Peque\u00f1o Vecino"},"content":{"rendered":"<div class='flex_column av-61frph-0dedca1f4c4628db8f8063a0d24c7684 av_one_full  avia-builder-el-0  el_before_av_one_third  avia-builder-el-first  first flex_column_div'     ><p>\n<style type=\"text\/css\" data-created_by=\"avia_inline_auto\" id=\"style-css-av-m5l9jox3-f17347b0e8ce6f7a69646f213b07b9a6\">\n#top .av-special-heading.av-m5l9jox3-f17347b0e8ce6f7a69646f213b07b9a6{\npadding-bottom:10px;\n}\nbody .av-special-heading.av-m5l9jox3-f17347b0e8ce6f7a69646f213b07b9a6 .av-special-heading-tag .heading-char{\nfont-size:25px;\n}\n.av-special-heading.av-m5l9jox3-f17347b0e8ce6f7a69646f213b07b9a6 .av-subheading{\nfont-size:15px;\n}\n<\/style>\n<div  class='av-special-heading av-m5l9jox3-f17347b0e8ce6f7a69646f213b07b9a6 av-special-heading-h2 blockquote modern-quote modern-centered  avia-builder-el-1  el_before_av_textblock  avia-builder-el-first'><h2 class='av-special-heading-tag'  itemprop=\"headline\"  >Informaci\u00f3n de la actividad<\/h2><div class=\"special-heading-border\"><div class=\"special-heading-inner-border\"><\/div><\/div><\/div><br \/>\n\n<style type=\"text\/css\" data-created_by=\"avia_inline_auto\" id=\"style-css-av-m5l9l50j-2f152922ab9a748767024d135e148437\">\n#top .av_textblock_section.av-m5l9l50j-2f152922ab9a748767024d135e148437 .avia_textblock{\nfont-size:19px;\n}\n<\/style>\n<section  class='av_textblock_section av-m5l9l50j-2f152922ab9a748767024d135e148437'  itemscope=\"itemscope\" itemtype=\"https:\/\/schema.org\/CreativeWork\" ><div class='avia_textblock'  itemprop=\"text\" ><p><strong>El Peque\u00f1o Vecino<\/strong> es un ni\u00f1o que intenta mantener su rutina y disfrutar de los peque\u00f1os placeres, como cuidar su rosa. Un d\u00eda, pero, un turista se instala en el apartamento del lado, el B612, para pasar ocho d\u00edas de vacaciones muy intensos. El Peque\u00f1o Vecino intentar\u00e1 que el turista aprenda a disfrutar de la vida de otro modo y que tome conciencia del otro cara del turismo de masas.<br \/>\nEste cuento musical se lleva a escena con los dibujos en directo de Toni Tirurit, que interpreta el Peque\u00f1o Vecino, y la m\u00fasica en directo del piano de Joan F. Ballesteros y el sax\u00f3fono de Pere Prieto. Es una versi\u00f3n libre de Principito, la universal obra de Antoine de Saint Exup\u00e9rey, que han escogido como su segundo proyecto m\u00fasico-visual, despu\u00e9s del \u00e9xito del primero, Los Colores de la M\u00fasica (2025).<\/p>\n<\/div><\/section><\/p><\/div>\n<div class='flex_column_table av-45cf91-dc5b3960f83c59d5446a33b15db9ff49 sc-av_one_third av-equal-height-column-flextable'><div class='flex_column av-45cf91-dc5b3960f83c59d5446a33b15db9ff49 av_one_third  avia-builder-el-3  el_after_av_one_full  el_before_av_one_third  first flex_column_table_cell av-equal-height-column av-align-top column-top-margin'     ><p><article  class='iconbox iconbox_top av-m5no1mfx-58d6d3fdca92a7ef0313af66d19f8b2a  avia-builder-el-4  el_before_av_hr  avia-builder-el-first  main_color'  itemscope=\"itemscope\" itemtype=\"https:\/\/schema.org\/CreativeWork\" ><div class=\"iconbox_content\"><header class=\"entry-content-header\"><div class=\"iconbox_icon heading-color\" aria-hidden='true' data-av_icon='\ue81e' data-av_iconfont='entypo-fontello'><\/div><h3 class='iconbox_content_title'  itemprop=\"headline\" >Edad recomendada<\/h3><\/header><div class='iconbox_content_container'  itemprop=\"text\" ><p>a partir de 6 anys<\/p>\n<\/div><\/div><footer class=\"entry-footer\"><\/footer><\/article><br \/>\n\n<style type=\"text\/css\" data-created_by=\"avia_inline_auto\" id=\"style-css-av-m5noblb0-72892938d9c2c1f0686b09b724da5585\">\n#top .hr.hr-invisible.av-m5noblb0-72892938d9c2c1f0686b09b724da5585{\nheight:10px;\n}\n<\/style>\n<div  class='hr av-m5noblb0-72892938d9c2c1f0686b09b724da5585 hr-invisible  avia-builder-el-5  el_after_av_icon_box  el_before_av_icon_box'><span class='hr-inner'><span class=\"hr-inner-style\"><\/span><\/span><\/div><br \/>\n<article  class='iconbox iconbox_top av-24pz00-504d4aade0f646417bd43325962c7f8a  avia-builder-el-6  el_after_av_hr  avia-builder-el-last  main_color'  itemscope=\"itemscope\" itemtype=\"https:\/\/schema.org\/CreativeWork\" ><div class=\"iconbox_content\"><header class=\"entry-content-header\"><div class=\"iconbox_icon heading-color\" aria-hidden='true' data-av_icon='\ue81e' data-av_iconfont='entypo-fontello'><\/div><h3 class='iconbox_content_title'  itemprop=\"headline\" >Espacio<\/h3><\/header><div class='iconbox_content_container'  itemprop=\"text\" ><p>Espai Cultural Can Ventosa<\/p>\n<\/div><\/div><footer class=\"entry-footer\"><\/footer><\/article><\/p><\/div>\n<div class='av-flex-placeholder'><\/div><div class='flex_column av-2vqmb9-505b90b037a213b4d0698606f86c51f4 av_one_third  avia-builder-el-7  el_after_av_one_third  el_before_av_one_third  flex_column_table_cell av-equal-height-column av-align-top column-top-margin'     ><p><article  class='iconbox iconbox_top av-7qo7e8-24e0991782d6cefef639a5f700c0e14c  avia-builder-el-8  el_before_av_hr  avia-builder-el-first  main_color'  itemscope=\"itemscope\" itemtype=\"https:\/\/schema.org\/CreativeWork\" ><div class=\"iconbox_content\"><header class=\"entry-content-header\"><div class=\"iconbox_icon heading-color\" aria-hidden='true' data-av_icon='\ue81e' data-av_iconfont='entypo-fontello'><\/div><h3 class='iconbox_content_title'  itemprop=\"headline\" >\u00bfCu\u00e1ndo?<\/h3><\/header><div class='iconbox_content_container'  itemprop=\"text\" ><p>Domingo 22 de febrero<\/p>\n<\/div><\/div><footer class=\"entry-footer\"><\/footer><\/article><br \/>\n\n<style type=\"text\/css\" data-created_by=\"avia_inline_auto\" id=\"style-css-av-dcldc-12ec1a250242b44d43a5a93fca8473dd\">\n#top .hr.hr-invisible.av-dcldc-12ec1a250242b44d43a5a93fca8473dd{\nheight:10px;\n}\n<\/style>\n<div  class='hr av-dcldc-12ec1a250242b44d43a5a93fca8473dd hr-invisible  avia-builder-el-9  el_after_av_icon_box  el_before_av_icon_box'><span class='hr-inner'><span class=\"hr-inner-style\"><\/span><\/span><\/div><br \/>\n<article  class='iconbox iconbox_top av-m5no55wx-11cd21bee4c2f17e5544a430c2f1eea4  avia-builder-el-10  el_after_av_hr  avia-builder-el-last  main_color'  itemscope=\"itemscope\" itemtype=\"https:\/\/schema.org\/CreativeWork\" ><div class=\"iconbox_content\"><header class=\"entry-content-header\"><div class=\"iconbox_icon heading-color\" aria-hidden='true' data-av_icon='\ue81e' data-av_iconfont='entypo-fontello'><\/div><h3 class='iconbox_content_title'  itemprop=\"headline\" >Precio<\/h3><\/header><div class='iconbox_content_container'  itemprop=\"text\" ><p>5 \u20ac<\/p>\n<\/div><\/div><footer class=\"entry-footer\"><\/footer><\/article><\/p><\/div><div class='av-flex-placeholder'><\/div><div class='flex_column av-3pbfn9-91d249afcfe173f905d11b442dc36251 av_one_third  avia-builder-el-11  el_after_av_one_third  el_before_av_hr  flex_column_table_cell av-equal-height-column av-align-top column-top-margin'     ><p><article  class='iconbox iconbox_top av-6idzf4-b03fbfec9c6a0cc0f16f3196d72c3005  avia-builder-el-12  el_before_av_hr  avia-builder-el-first  main_color'  itemscope=\"itemscope\" itemtype=\"https:\/\/schema.org\/CreativeWork\" ><div class=\"iconbox_content\"><header class=\"entry-content-header\"><div class=\"iconbox_icon heading-color\" aria-hidden='true' data-av_icon='\ue81e' data-av_iconfont='entypo-fontello'><\/div><h3 class='iconbox_content_title'  itemprop=\"headline\" >Horario<\/h3><\/header><div class='iconbox_content_container'  itemprop=\"text\" ><p>de 18 a 19h<\/p>\n<\/div><\/div><footer class=\"entry-footer\"><\/footer><\/article><br \/>\n\n<style type=\"text\/css\" data-created_by=\"avia_inline_auto\" id=\"style-css-av-2xmkf4-90b2fc5072b8b5e3e127647c92770ef0\">\n#top .hr.hr-invisible.av-2xmkf4-90b2fc5072b8b5e3e127647c92770ef0{\nheight:10px;\n}\n<\/style>\n<div  class='hr av-2xmkf4-90b2fc5072b8b5e3e127647c92770ef0 hr-invisible  avia-builder-el-13  el_after_av_icon_box  avia-builder-el-last'><span class='hr-inner'><span class=\"hr-inner-style\"><\/span><\/span><\/div><\/p><\/div><\/div><!--close column table wrapper. Autoclose: 1 --><\/p>\n<div  class='hr av-6yfegg-9914ede54cd8434d7df44352ef707e9a hr-default  avia-builder-el-14  el_after_av_one_third  el_before_av_one_full'><span class='hr-inner'><span class=\"hr-inner-style\"><\/span><\/span><\/div>\n<div class='flex_column av-43tzdh-a937fd1e65db6b3162837c9bc10d5f27 av_one_full  avia-builder-el-15  el_after_av_hr  el_before_av_one_third  first flex_column_div'     ><style type=\"text\/css\" data-created_by=\"avia_inline_auto\" id=\"style-css-av-m5l9ko83-d70d37e17eb8bbd58ee12dbeb8a0c0ad\">\n#top .av-special-heading.av-m5l9ko83-d70d37e17eb8bbd58ee12dbeb8a0c0ad{\npadding-bottom:10px;\n}\nbody .av-special-heading.av-m5l9ko83-d70d37e17eb8bbd58ee12dbeb8a0c0ad .av-special-heading-tag .heading-char{\nfont-size:25px;\n}\n.av-special-heading.av-m5l9ko83-d70d37e17eb8bbd58ee12dbeb8a0c0ad .av-subheading{\nfont-size:15px;\n}\n<\/style>\n<div  class='av-special-heading av-m5l9ko83-d70d37e17eb8bbd58ee12dbeb8a0c0ad av-special-heading-h1 blockquote modern-quote modern-centered  avia-builder-el-16  avia-builder-el-no-sibling'><h1 class='av-special-heading-tag'  itemprop=\"headline\"  >Los artistas<\/h1><div class=\"special-heading-border\"><div class=\"special-heading-inner-border\"><\/div><\/div><\/div><\/div>\n<div class='flex_column av-2ofmpx-056834c35c60675eff7f19dd6ccbdc45 av_one_third  avia-builder-el-17  el_after_av_one_full  el_before_av_one_third  first flex_column_div column-top-margin'     ><section  class='avia-team-member av-m5l9qkvq-1776288b89e2138a05f89f48b25b1ec8  avia-builder-el-18  avia-builder-el-no-sibling'  itemscope=\"itemscope\" itemtype=\"https:\/\/schema.org\/Person\" ><div class=\"team-img-container\"><img decoding=\"async\" class='wp-image-2579 avia-img-lazy-loading-not-2579 avia_image avia_image_team' src=\"https:\/\/festivalmusicajove.com\/wp-content\/uploads\/2025\/01\/Tirurit.png\" alt=''  itemprop=\"image\"   height=\"1920\" width=\"1080\" srcset=\"https:\/\/festivalmusicajove.com\/wp-content\/uploads\/2025\/01\/Tirurit.png 1080w, https:\/\/festivalmusicajove.com\/wp-content\/uploads\/2025\/01\/Tirurit-169x300.png 169w, https:\/\/festivalmusicajove.com\/wp-content\/uploads\/2025\/01\/Tirurit-579x1030.png 579w, https:\/\/festivalmusicajove.com\/wp-content\/uploads\/2025\/01\/Tirurit-768x1365.png 768w, https:\/\/festivalmusicajove.com\/wp-content\/uploads\/2025\/01\/Tirurit-864x1536.png 864w, https:\/\/festivalmusicajove.com\/wp-content\/uploads\/2025\/01\/Tirurit-7x12.png 7w, https:\/\/festivalmusicajove.com\/wp-content\/uploads\/2025\/01\/Tirurit-844x1500.png 844w, https:\/\/festivalmusicajove.com\/wp-content\/uploads\/2025\/01\/Tirurit-397x705.png 397w\" sizes=\"(max-width: 1080px) 100vw, 1080px\" \/><\/div><span class='hidden team-member-affiliation'  itemprop=\"affiliation\" >Festival M\u00fasica Jove<\/span><\/section><\/div>\n<div class='flex_column av-6gq6it-7a7a12274f540497409e2a7e4269224d av_one_third  avia-builder-el-19  el_after_av_one_third  el_before_av_one_third  flex_column_div column-top-margin'     ><section  class='avia-team-member av-3v8p45-ca423e733c4092be98db5443174edc55  avia-builder-el-20  avia-builder-el-no-sibling'  itemscope=\"itemscope\" itemtype=\"https:\/\/schema.org\/Person\" ><div class=\"team-img-container\"><img decoding=\"async\" class='wp-image-2580 avia-img-lazy-loading-not-2580 avia_image avia_image_team' src=\"https:\/\/festivalmusicajove.com\/wp-content\/uploads\/2025\/01\/Pere.png\" alt=''  itemprop=\"image\"   height=\"1920\" width=\"1080\" srcset=\"https:\/\/festivalmusicajove.com\/wp-content\/uploads\/2025\/01\/Pere.png 1080w, https:\/\/festivalmusicajove.com\/wp-content\/uploads\/2025\/01\/Pere-169x300.png 169w, https:\/\/festivalmusicajove.com\/wp-content\/uploads\/2025\/01\/Pere-579x1030.png 579w, https:\/\/festivalmusicajove.com\/wp-content\/uploads\/2025\/01\/Pere-768x1365.png 768w, https:\/\/festivalmusicajove.com\/wp-content\/uploads\/2025\/01\/Pere-864x1536.png 864w, https:\/\/festivalmusicajove.com\/wp-content\/uploads\/2025\/01\/Pere-7x12.png 7w, https:\/\/festivalmusicajove.com\/wp-content\/uploads\/2025\/01\/Pere-844x1500.png 844w, https:\/\/festivalmusicajove.com\/wp-content\/uploads\/2025\/01\/Pere-397x705.png 397w\" sizes=\"(max-width: 1080px) 100vw, 1080px\" \/><\/div><span class='hidden team-member-affiliation'  itemprop=\"affiliation\" >Festival M\u00fasica Jove<\/span><\/section><\/div>\n<div class='flex_column av-9aufm-d0f33d3b10aacfe74939e80ff3ff7bc3 av_one_third  avia-builder-el-21  el_after_av_one_third  el_before_av_hr  flex_column_div column-top-margin'     ><section  class='avia-team-member av-m5lifzxu-f2f122e12188277c1f8625d0af1999c9  avia-builder-el-22  avia-builder-el-no-sibling'  itemscope=\"itemscope\" itemtype=\"https:\/\/schema.org\/Person\" ><div class=\"team-img-container\"><img decoding=\"async\" class='wp-image-2581 avia-img-lazy-loading-not-2581 avia_image avia_image_team' src=\"https:\/\/festivalmusicajove.com\/wp-content\/uploads\/2025\/01\/Juan-F.-Ballesteros.png\" alt=''  itemprop=\"image\"   height=\"1920\" width=\"1080\" srcset=\"https:\/\/festivalmusicajove.com\/wp-content\/uploads\/2025\/01\/Juan-F.-Ballesteros.png 1080w, https:\/\/festivalmusicajove.com\/wp-content\/uploads\/2025\/01\/Juan-F.-Ballesteros-169x300.png 169w, https:\/\/festivalmusicajove.com\/wp-content\/uploads\/2025\/01\/Juan-F.-Ballesteros-579x1030.png 579w, https:\/\/festivalmusicajove.com\/wp-content\/uploads\/2025\/01\/Juan-F.-Ballesteros-768x1365.png 768w, https:\/\/festivalmusicajove.com\/wp-content\/uploads\/2025\/01\/Juan-F.-Ballesteros-864x1536.png 864w, https:\/\/festivalmusicajove.com\/wp-content\/uploads\/2025\/01\/Juan-F.-Ballesteros-7x12.png 7w, https:\/\/festivalmusicajove.com\/wp-content\/uploads\/2025\/01\/Juan-F.-Ballesteros-844x1500.png 844w, https:\/\/festivalmusicajove.com\/wp-content\/uploads\/2025\/01\/Juan-F.-Ballesteros-397x705.png 397w\" sizes=\"(max-width: 1080px) 100vw, 1080px\" \/><\/div><span class='hidden team-member-affiliation'  itemprop=\"affiliation\" >Festival M\u00fasica Jove<\/span><\/section><\/div>\n<div  class='hr av-5rmrhs-1c345a2c3247c93eb9ac2762eccd5c3c hr-default  avia-builder-el-23  el_after_av_one_third  el_before_av_one_full'><span class='hr-inner'><span class=\"hr-inner-style\"><\/span><\/span><\/div>\n<div class='flex_column av-4buh6d-e6ec74a7748265fa90cd1081034e96b8 av_one_full  avia-builder-el-24  el_after_av_hr  el_before_av_hr  first flex_column_div'     ><div  class='avia-button-wrap av-m5lq7mvf-dc5870401b1eacf5a512d7fb8a1fe53c-wrap avia-button-center  avia-builder-el-25  avia-builder-el-no-sibling' ><a href='https:\/\/culturaentradesonline.eivissa.es\/par-public\/rest\/evento\/id\/7330516'  class='avia-button av-m5lq7mvf-dc5870401b1eacf5a512d7fb8a1fe53c avia-icon_select-no avia-size-large avia-position-center avia-color-theme-color' ><span class='avia_iconbox_title' >Comprar Entradas<\/span><\/a><\/div><\/div>\n<div  class='hr av-4k7u28-c0906b210fbecb378012b5a691cddeaf hr-default  avia-builder-el-26  el_after_av_one_full  el_before_av_button'><span class='hr-inner'><span class=\"hr-inner-style\"><\/span><\/span><\/div>\n<div  class='avia-button-wrap av-aepn4-ce1f83c2591bdc758e0740d84a362033-wrap avia-button-center  avia-builder-el-27  el_after_av_hr  avia-builder-el-last' ><a href='https:\/\/festivalmusicajove.com\/es\/programacio-2026\/'  class='avia-button av-aepn4-ce1f83c2591bdc758e0740d84a362033 avia-icon_select-no avia-size-small avia-position-center avia-color-theme-color-subtle' ><span class='avia_iconbox_title' >volver a programaci\u00f3n<\/span><\/a><\/div>","protected":false},"excerpt":{"rendered":"","protected":false},"author":2,"featured_media":3285,"parent":0,"menu_order":0,"comment_status":"closed","ping_status":"closed","template":"","meta":{"footnotes":""},"class_list":["post-2576","page","type-page","status-publish","has-post-thumbnail","hentry"],"yoast_head":"<!-- This site is optimized with the Yoast SEO plugin v23.7 - https:\/\/yoast.com\/wordpress\/plugins\/seo\/ -->\n<title>El Petit Ves\u00ed - Festival M\u00fasica Jove<\/title>\n<meta name=\"robots\" content=\"index, follow, max-snippet:-1, max-image-preview:large, max-video-preview:-1\" \/>\n<link rel=\"canonical\" href=\"https:\/\/festivalmusicajove.com\/es\/petit-vesi\/\" \/>\n<meta property=\"og:locale\" content=\"es_ES\" \/>\n<meta property=\"og:type\" content=\"article\" \/>\n<meta property=\"og:title\" content=\"El Petit Ves\u00ed - Festival M\u00fasica Jove\" \/>\n<meta property=\"og:url\" content=\"https:\/\/festivalmusicajove.com\/es\/petit-vesi\/\" \/>\n<meta property=\"og:site_name\" content=\"Festival M\u00fasica Jove\" \/>\n<meta property=\"article:modified_time\" content=\"2026-01-19T21:14:08+00:00\" \/>\n<meta property=\"og:image\" content=\"https:\/\/festivalmusicajove.com\/wp-content\/uploads\/2026\/01\/El-petit-vesi.png\" \/>\n\t<meta property=\"og:image:width\" content=\"1358\" \/>\n\t<meta property=\"og:image:height\" content=\"1920\" \/>\n\t<meta property=\"og:image:type\" content=\"image\/png\" \/>\n<meta name=\"twitter:card\" content=\"summary_large_image\" \/>\n<meta name=\"twitter:label1\" content=\"Tiempo de lectura\" \/>\n\t<meta name=\"twitter:data1\" content=\"10 minutos\" \/>\n<script type=\"application\/ld+json\" class=\"yoast-schema-graph\">{\"@context\":\"https:\/\/schema.org\",\"@graph\":[{\"@type\":\"WebPage\",\"@id\":\"https:\/\/festivalmusicajove.com\/petit-vesi\/\",\"url\":\"https:\/\/festivalmusicajove.com\/petit-vesi\/\",\"name\":\"El Petit Ves\u00ed - Festival M\u00fasica Jove\",\"isPartOf\":{\"@id\":\"https:\/\/festivalmusicajove.com\/#website\"},\"primaryImageOfPage\":{\"@id\":\"https:\/\/festivalmusicajove.com\/petit-vesi\/#primaryimage\"},\"image\":{\"@id\":\"https:\/\/festivalmusicajove.com\/petit-vesi\/#primaryimage\"},\"thumbnailUrl\":\"https:\/\/festivalmusicajove.com\/wp-content\/uploads\/2026\/01\/El-petit-vesi.png\",\"datePublished\":\"2025-01-06T21:06:05+00:00\",\"dateModified\":\"2026-01-19T21:14:08+00:00\",\"breadcrumb\":{\"@id\":\"https:\/\/festivalmusicajove.com\/petit-vesi\/#breadcrumb\"},\"inLanguage\":\"es\",\"potentialAction\":[{\"@type\":\"ReadAction\",\"target\":[\"https:\/\/festivalmusicajove.com\/petit-vesi\/\"]}]},{\"@type\":\"ImageObject\",\"inLanguage\":\"es\",\"@id\":\"https:\/\/festivalmusicajove.com\/petit-vesi\/#primaryimage\",\"url\":\"https:\/\/festivalmusicajove.com\/wp-content\/uploads\/2026\/01\/El-petit-vesi.png\",\"contentUrl\":\"https:\/\/festivalmusicajove.com\/wp-content\/uploads\/2026\/01\/El-petit-vesi.png\",\"width\":1358,\"height\":1920},{\"@type\":\"BreadcrumbList\",\"@id\":\"https:\/\/festivalmusicajove.com\/petit-vesi\/#breadcrumb\",\"itemListElement\":[{\"@type\":\"ListItem\",\"position\":1,\"name\":\"Portada\",\"item\":\"https:\/\/festivalmusicajove.com\/\"},{\"@type\":\"ListItem\",\"position\":2,\"name\":\"El Petit Ves\u00ed\"}]},{\"@type\":\"WebSite\",\"@id\":\"https:\/\/festivalmusicajove.com\/#website\",\"url\":\"https:\/\/festivalmusicajove.com\/\",\"name\":\"Festival M\u00fasica Jove\",\"description\":\"\",\"potentialAction\":[{\"@type\":\"SearchAction\",\"target\":{\"@type\":\"EntryPoint\",\"urlTemplate\":\"https:\/\/festivalmusicajove.com\/?s={search_term_string}\"},\"query-input\":{\"@type\":\"PropertyValueSpecification\",\"valueRequired\":true,\"valueName\":\"search_term_string\"}}],\"inLanguage\":\"es\"}]}<\/script>\n<!-- \/ Yoast SEO plugin. -->","yoast_head_json":{"title":"El Petit Ves\u00ed - Festival M\u00fasica Jove","robots":{"index":"index","follow":"follow","max-snippet":"max-snippet:-1","max-image-preview":"max-image-preview:large","max-video-preview":"max-video-preview:-1"},"canonical":"https:\/\/festivalmusicajove.com\/es\/petit-vesi\/","og_locale":"es_ES","og_type":"article","og_title":"El Petit Ves\u00ed - Festival M\u00fasica Jove","og_url":"https:\/\/festivalmusicajove.com\/es\/petit-vesi\/","og_site_name":"Festival M\u00fasica Jove","article_modified_time":"2026-01-19T21:14:08+00:00","og_image":[{"width":1358,"height":1920,"url":"https:\/\/festivalmusicajove.com\/wp-content\/uploads\/2026\/01\/El-petit-vesi.png","type":"image\/png"}],"twitter_card":"summary_large_image","twitter_misc":{"Tiempo de lectura":"10 minutos"},"schema":{"@context":"https:\/\/schema.org","@graph":[{"@type":"WebPage","@id":"https:\/\/festivalmusicajove.com\/petit-vesi\/","url":"https:\/\/festivalmusicajove.com\/petit-vesi\/","name":"El Petit Ves\u00ed - Festival M\u00fasica Jove","isPartOf":{"@id":"https:\/\/festivalmusicajove.com\/#website"},"primaryImageOfPage":{"@id":"https:\/\/festivalmusicajove.com\/petit-vesi\/#primaryimage"},"image":{"@id":"https:\/\/festivalmusicajove.com\/petit-vesi\/#primaryimage"},"thumbnailUrl":"https:\/\/festivalmusicajove.com\/wp-content\/uploads\/2026\/01\/El-petit-vesi.png","datePublished":"2025-01-06T21:06:05+00:00","dateModified":"2026-01-19T21:14:08+00:00","breadcrumb":{"@id":"https:\/\/festivalmusicajove.com\/petit-vesi\/#breadcrumb"},"inLanguage":"es","potentialAction":[{"@type":"ReadAction","target":["https:\/\/festivalmusicajove.com\/petit-vesi\/"]}]},{"@type":"ImageObject","inLanguage":"es","@id":"https:\/\/festivalmusicajove.com\/petit-vesi\/#primaryimage","url":"https:\/\/festivalmusicajove.com\/wp-content\/uploads\/2026\/01\/El-petit-vesi.png","contentUrl":"https:\/\/festivalmusicajove.com\/wp-content\/uploads\/2026\/01\/El-petit-vesi.png","width":1358,"height":1920},{"@type":"BreadcrumbList","@id":"https:\/\/festivalmusicajove.com\/petit-vesi\/#breadcrumb","itemListElement":[{"@type":"ListItem","position":1,"name":"Portada","item":"https:\/\/festivalmusicajove.com\/"},{"@type":"ListItem","position":2,"name":"El Petit Ves\u00ed"}]},{"@type":"WebSite","@id":"https:\/\/festivalmusicajove.com\/#website","url":"https:\/\/festivalmusicajove.com\/","name":"Festival M\u00fasica Jove","description":"","potentialAction":[{"@type":"SearchAction","target":{"@type":"EntryPoint","urlTemplate":"https:\/\/festivalmusicajove.com\/?s={search_term_string}"},"query-input":{"@type":"PropertyValueSpecification","valueRequired":true,"valueName":"search_term_string"}}],"inLanguage":"es"}]}},"_links":{"self":[{"href":"https:\/\/festivalmusicajove.com\/es\/wp-json\/wp\/v2\/pages\/2576","targetHints":{"allow":["GET"]}}],"collection":[{"href":"https:\/\/festivalmusicajove.com\/es\/wp-json\/wp\/v2\/pages"}],"about":[{"href":"https:\/\/festivalmusicajove.com\/es\/wp-json\/wp\/v2\/types\/page"}],"author":[{"embeddable":true,"href":"https:\/\/festivalmusicajove.com\/es\/wp-json\/wp\/v2\/users\/2"}],"replies":[{"embeddable":true,"href":"https:\/\/festivalmusicajove.com\/es\/wp-json\/wp\/v2\/comments?post=2576"}],"version-history":[{"count":43,"href":"https:\/\/festivalmusicajove.com\/es\/wp-json\/wp\/v2\/pages\/2576\/revisions"}],"predecessor-version":[{"id":3531,"href":"https:\/\/festivalmusicajove.com\/es\/wp-json\/wp\/v2\/pages\/2576\/revisions\/3531"}],"wp:featuredmedia":[{"embeddable":true,"href":"https:\/\/festivalmusicajove.com\/es\/wp-json\/wp\/v2\/media\/3285"}],"wp:attachment":[{"href":"https:\/\/festivalmusicajove.com\/es\/wp-json\/wp\/v2\/media?parent=2576"}],"curies":[{"name":"wp","href":"https:\/\/api.w.org\/{rel}","templated":true}]}}