{"id":2546,"date":"2025-01-06T20:40:36","date_gmt":"2025-01-06T20:40:36","guid":{"rendered":"https:\/\/festivalmusicajove.com\/?page_id=2546"},"modified":"2026-01-19T21:08:51","modified_gmt":"2026-01-19T21:08:51","slug":"fades-2","status":"publish","type":"page","link":"https:\/\/festivalmusicajove.com\/es\/fades-2\/","title":{"rendered":"Las Hadas de los Sue\u00f1os"},"content":{"rendered":"<div class='flex_column av-61frph-0dedca1f4c4628db8f8063a0d24c7684 av_one_full  avia-builder-el-0  el_before_av_one_third  avia-builder-el-first  first flex_column_div'     ><p>\n<style type=\"text\/css\" data-created_by=\"avia_inline_auto\" id=\"style-css-av-m5l9jox3-f17347b0e8ce6f7a69646f213b07b9a6\">\n#top .av-special-heading.av-m5l9jox3-f17347b0e8ce6f7a69646f213b07b9a6{\npadding-bottom:10px;\n}\nbody .av-special-heading.av-m5l9jox3-f17347b0e8ce6f7a69646f213b07b9a6 .av-special-heading-tag .heading-char{\nfont-size:25px;\n}\n.av-special-heading.av-m5l9jox3-f17347b0e8ce6f7a69646f213b07b9a6 .av-subheading{\nfont-size:15px;\n}\n<\/style>\n<div  class='av-special-heading av-m5l9jox3-f17347b0e8ce6f7a69646f213b07b9a6 av-special-heading-h2 blockquote modern-quote modern-centered  avia-builder-el-1  el_before_av_textblock  avia-builder-el-first'><h2 class='av-special-heading-tag'  itemprop=\"headline\"  >Informaci\u00f3n de la actividad<\/h2><div class=\"special-heading-border\"><div class=\"special-heading-inner-border\"><\/div><\/div><\/div><br \/>\n\n<style type=\"text\/css\" data-created_by=\"avia_inline_auto\" id=\"style-css-av-m5l9l50j-2f152922ab9a748767024d135e148437\">\n#top .av_textblock_section.av-m5l9l50j-2f152922ab9a748767024d135e148437 .avia_textblock{\nfont-size:19px;\n}\n<\/style>\n<section  class='av_textblock_section av-m5l9l50j-2f152922ab9a748767024d135e148437'  itemscope=\"itemscope\" itemtype=\"https:\/\/schema.org\/CreativeWork\" ><div class='avia_textblock'  itemprop=\"text\" ><p>En un rinc\u00f3n m\u00e1gico del universo, existe un lugar llamado <strong>El Valle de los Valores<\/strong>, donde cada estrella, canci\u00f3n y movimiento guarda un mensaje especial. Dos hadas so\u00f1adoras, guiadas por el hada de los Ecos y su m\u00fasica encantada, invitan a los ni\u00f1os a emprender un emocionante viaje lleno de magia, aventuras y descubrimientos.<\/p>\n<p>A lo largo del camino, el p\u00fablico vivir\u00e1 momentos \u00fanicos mientras las hadas, a trav\u00e9s de la danza y la fantas\u00eda, les ense\u00f1an valores esenciales como la amistad, el respeto, la valent\u00eda y la importancia de so\u00f1ar. Cada escena est\u00e1 llena de luz, colores y sonidos que transportan a peque\u00f1os y mayores a mundos on\u00edricos donde aprender se convierte en una experiencia inolvidable.<\/p>\n<p>Con canciones que tocan el coraz\u00f3n y coreograf\u00edas que deslumbran la vista. <strong>Las Hadas de los Sue\u00f1os<\/strong> es m\u00e1s que un concierto, es una invitaci\u00f3n a reflexionar, imaginar y llevar una chispa de esperanza y amor a la vida cotidiana. Un sue\u00f1o compartido que quedar\u00e1 grabado por siempre en los corazones de todos los que se atrevan a entrar en este valle m\u00e1gico.<\/p>\n<\/div><\/section><\/p><\/div>\n<div class='flex_column_table av-eqnpg2-b453f5c5ad3ecb5dcc336b0e8b8c7747 sc-av_one_third av-equal-height-column-flextable'><div class='flex_column av-eqnpg2-b453f5c5ad3ecb5dcc336b0e8b8c7747 av_one_third  avia-builder-el-3  el_after_av_one_full  el_before_av_one_third  first flex_column_table_cell av-equal-height-column av-align-top column-top-margin'     ><p><article  class='iconbox iconbox_top av-m5nyzxyi-20b63cc7f471ef2b62bec7191f345dd3  avia-builder-el-4  el_before_av_hr  avia-builder-el-first  main_color'  itemscope=\"itemscope\" itemtype=\"https:\/\/schema.org\/CreativeWork\" ><div class=\"iconbox_content\"><header class=\"entry-content-header\"><div class=\"iconbox_icon heading-color\" aria-hidden='true' data-av_icon='\ue81e' data-av_iconfont='entypo-fontello'><\/div><h3 class='iconbox_content_title'  itemprop=\"headline\" >Edad recomendada<\/h3><\/header><div class='iconbox_content_container'  itemprop=\"text\" ><p>a partir de 3 anys<\/p>\n<\/div><\/div><footer class=\"entry-footer\"><\/footer><\/article><br \/>\n\n<style type=\"text\/css\" data-created_by=\"avia_inline_auto\" id=\"style-css-av-d4a5ky-c2e78af7585d1ba74ac69c0814bda29d\">\n#top .hr.hr-invisible.av-d4a5ky-c2e78af7585d1ba74ac69c0814bda29d{\nheight:10px;\n}\n<\/style>\n<div  class='hr av-d4a5ky-c2e78af7585d1ba74ac69c0814bda29d hr-invisible  avia-builder-el-5  el_after_av_icon_box  el_before_av_icon_box'><span class='hr-inner'><span class=\"hr-inner-style\"><\/span><\/span><\/div><br \/>\n<article  class='iconbox iconbox_top av-be9fhu-76961255f69d2aed05bf8a6cfff13b48  avia-builder-el-6  el_after_av_hr  avia-builder-el-last  main_color'  itemscope=\"itemscope\" itemtype=\"https:\/\/schema.org\/CreativeWork\" ><div class=\"iconbox_content\"><header class=\"entry-content-header\"><div class=\"iconbox_icon heading-color\" aria-hidden='true' data-av_icon='\ue81e' data-av_iconfont='entypo-fontello'><\/div><h3 class='iconbox_content_title'  itemprop=\"headline\" >Espacio<\/h3><\/header><div class='iconbox_content_container'  itemprop=\"text\" ><p>Espai Cultural Can Ventosa<\/p>\n<\/div><\/div><footer class=\"entry-footer\"><\/footer><\/article><\/p><\/div>\n<div class='av-flex-placeholder'><\/div><div class='flex_column av-9jxb9u-61ea5de5fef7a09ea4049638dcdeb3b0 av_one_third  avia-builder-el-7  el_after_av_one_third  el_before_av_one_third  flex_column_table_cell av-equal-height-column av-align-top column-top-margin'     ><p><article  class='iconbox iconbox_top av-m5nz00fv-b30876be541fdfe5e6722b42afd3b783  avia-builder-el-8  el_before_av_hr  avia-builder-el-first  main_color'  itemscope=\"itemscope\" itemtype=\"https:\/\/schema.org\/CreativeWork\" ><div class=\"iconbox_content\"><header class=\"entry-content-header\"><div class=\"iconbox_icon heading-color\" aria-hidden='true' data-av_icon='\ue81e' data-av_iconfont='entypo-fontello'><\/div><h3 class='iconbox_content_title'  itemprop=\"headline\" >\u00bfCu\u00e1ndo?<\/h3><\/header><div class='iconbox_content_container'  itemprop=\"text\" ><p>Domingo 18 de enero<\/p>\n<\/div><\/div><footer class=\"entry-footer\"><\/footer><\/article><br \/>\n\n<style type=\"text\/css\" data-created_by=\"avia_inline_auto\" id=\"style-css-av-78tude-c7daf60186109437e36b13a097c34a35\">\n#top .hr.hr-invisible.av-78tude-c7daf60186109437e36b13a097c34a35{\nheight:10px;\n}\n<\/style>\n<div  class='hr av-78tude-c7daf60186109437e36b13a097c34a35 hr-invisible  avia-builder-el-9  el_after_av_icon_box  el_before_av_icon_box'><span class='hr-inner'><span class=\"hr-inner-style\"><\/span><\/span><\/div><br \/>\n<article  class='iconbox iconbox_top av-m5nz0emf-6b1e17ec5be23a1f92f301e0c16778f4  avia-builder-el-10  el_after_av_hr  avia-builder-el-last  main_color'  itemscope=\"itemscope\" itemtype=\"https:\/\/schema.org\/CreativeWork\" ><div class=\"iconbox_content\"><header class=\"entry-content-header\"><div class=\"iconbox_icon heading-color\" aria-hidden='true' data-av_icon='\ue81e' data-av_iconfont='entypo-fontello'><\/div><h3 class='iconbox_content_title'  itemprop=\"headline\" >Precio<\/h3><\/header><div class='iconbox_content_container'  itemprop=\"text\" ><p style=\"text-align: center;\">\u20ac<\/p>\n<\/div><\/div><footer class=\"entry-footer\"><\/footer><\/article><\/p><\/div>\n<div class='av-flex-placeholder'><\/div><div class='flex_column av-56slaq-7981afa6a6f2a003c746a167bb75f230 av_one_third  avia-builder-el-11  el_after_av_one_third  el_before_av_hr  flex_column_table_cell av-equal-height-column av-align-top column-top-margin'     ><p><article  class='iconbox iconbox_top av-m5nz048a-484415d345d77763df2c3a71b53467c8  avia-builder-el-12  el_before_av_hr  avia-builder-el-first  main_color'  itemscope=\"itemscope\" itemtype=\"https:\/\/schema.org\/CreativeWork\" ><div class=\"iconbox_content\"><header class=\"entry-content-header\"><div class=\"iconbox_icon heading-color\" aria-hidden='true' data-av_icon='\ue81e' data-av_iconfont='entypo-fontello'><\/div><h3 class='iconbox_content_title'  itemprop=\"headline\" >Horario<\/h3><\/header><div class='iconbox_content_container'  itemprop=\"text\" ><p>de 18 a 19h<\/p>\n<\/div><\/div><footer class=\"entry-footer\"><\/footer><\/article><br \/>\n\n<style type=\"text\/css\" data-created_by=\"avia_inline_auto\" id=\"style-css-av-4w9flu-a806eb263a42a50415b563603fd5effa\">\n#top .hr.hr-invisible.av-4w9flu-a806eb263a42a50415b563603fd5effa{\nheight:10px;\n}\n<\/style>\n<div  class='hr av-4w9flu-a806eb263a42a50415b563603fd5effa hr-invisible  avia-builder-el-13  el_after_av_icon_box  avia-builder-el-last'><span class='hr-inner'><span class=\"hr-inner-style\"><\/span><\/span><\/div><\/p><\/div><\/div><!--close column table wrapper. Autoclose: 1 -->\n<div  class='hr av-3xzale-bb7ffe702fdab24146832523b2561d4e hr-default  avia-builder-el-14  el_after_av_one_third  el_before_av_one_full'><span class='hr-inner'><span class=\"hr-inner-style\"><\/span><\/span><\/div>\n<div class='flex_column av-43tzdh-a937fd1e65db6b3162837c9bc10d5f27 av_one_full  avia-builder-el-15  el_after_av_hr  el_before_av_one_half  first flex_column_div'     ><style type=\"text\/css\" data-created_by=\"avia_inline_auto\" id=\"style-css-av-m5l9ko83-6898f35008d055772ca77bfe410c89bd\">\n#top .av-special-heading.av-m5l9ko83-6898f35008d055772ca77bfe410c89bd{\npadding-bottom:10px;\n}\nbody .av-special-heading.av-m5l9ko83-6898f35008d055772ca77bfe410c89bd .av-special-heading-tag .heading-char{\nfont-size:25px;\n}\n.av-special-heading.av-m5l9ko83-6898f35008d055772ca77bfe410c89bd .av-subheading{\nfont-size:15px;\n}\n<\/style>\n<div  class='av-special-heading av-m5l9ko83-6898f35008d055772ca77bfe410c89bd av-special-heading-h2 blockquote modern-quote modern-centered  avia-builder-el-16  avia-builder-el-no-sibling'><h2 class='av-special-heading-tag'  itemprop=\"headline\"  >Las artistas<\/h2><div class=\"special-heading-border\"><div class=\"special-heading-inner-border\"><\/div><\/div><\/div><\/div>\n<div class='flex_column av-2ofmpx-056834c35c60675eff7f19dd6ccbdc45 av_one_half  avia-builder-el-17  el_after_av_one_full  el_before_av_one_half  first flex_column_div column-top-margin'     ><section  class='avia-team-member av-m5l9qkvq-1dc1de28e95bf28ca019f6daeed8123f  avia-builder-el-18  avia-builder-el-no-sibling'  itemscope=\"itemscope\" itemtype=\"https:\/\/schema.org\/Person\" ><div class=\"team-img-container\"><img decoding=\"async\" class='wp-image-2445 avia-img-lazy-loading-not-2445 avia_image avia_image_team' src=\"https:\/\/festivalmusicajove.com\/wp-content\/uploads\/2025\/01\/Lucia-Herranz.jpg\" alt=''  itemprop=\"image\"   height=\"1920\" width=\"1080\" srcset=\"https:\/\/festivalmusicajove.com\/wp-content\/uploads\/2025\/01\/Lucia-Herranz.jpg 1080w, https:\/\/festivalmusicajove.com\/wp-content\/uploads\/2025\/01\/Lucia-Herranz-169x300.jpg 169w, https:\/\/festivalmusicajove.com\/wp-content\/uploads\/2025\/01\/Lucia-Herranz-579x1030.jpg 579w, https:\/\/festivalmusicajove.com\/wp-content\/uploads\/2025\/01\/Lucia-Herranz-768x1365.jpg 768w, https:\/\/festivalmusicajove.com\/wp-content\/uploads\/2025\/01\/Lucia-Herranz-864x1536.jpg 864w, https:\/\/festivalmusicajove.com\/wp-content\/uploads\/2025\/01\/Lucia-Herranz-7x12.jpg 7w, https:\/\/festivalmusicajove.com\/wp-content\/uploads\/2025\/01\/Lucia-Herranz-844x1500.jpg 844w, https:\/\/festivalmusicajove.com\/wp-content\/uploads\/2025\/01\/Lucia-Herranz-397x705.jpg 397w\" sizes=\"(max-width: 1080px) 100vw, 1080px\" \/><\/div><span class='hidden team-member-affiliation'  itemprop=\"affiliation\" >Festival M\u00fasica Jove<\/span><\/section><\/div>\n<div class='flex_column av-6gq6it-7a7a12274f540497409e2a7e4269224d av_one_half  avia-builder-el-19  el_after_av_one_half  el_before_av_one_half  flex_column_div column-top-margin'     ><section  class='avia-team-member av-3v8p45-c69d2f9bd99e20b2f8a8f63c404635f5  avia-builder-el-20  avia-builder-el-no-sibling'  itemscope=\"itemscope\" itemtype=\"https:\/\/schema.org\/Person\" ><div class=\"team-img-container\"><img decoding=\"async\" class='wp-image-2551 avia-img-lazy-loading-not-2551 avia_image avia_image_team' src=\"https:\/\/festivalmusicajove.com\/wp-content\/uploads\/2025\/01\/Rocio-Osuna.jpg\" alt=''  itemprop=\"image\"   height=\"1920\" width=\"1080\" srcset=\"https:\/\/festivalmusicajove.com\/wp-content\/uploads\/2025\/01\/Rocio-Osuna.jpg 1080w, https:\/\/festivalmusicajove.com\/wp-content\/uploads\/2025\/01\/Rocio-Osuna-169x300.jpg 169w, https:\/\/festivalmusicajove.com\/wp-content\/uploads\/2025\/01\/Rocio-Osuna-579x1030.jpg 579w, https:\/\/festivalmusicajove.com\/wp-content\/uploads\/2025\/01\/Rocio-Osuna-768x1365.jpg 768w, https:\/\/festivalmusicajove.com\/wp-content\/uploads\/2025\/01\/Rocio-Osuna-864x1536.jpg 864w, https:\/\/festivalmusicajove.com\/wp-content\/uploads\/2025\/01\/Rocio-Osuna-7x12.jpg 7w, https:\/\/festivalmusicajove.com\/wp-content\/uploads\/2025\/01\/Rocio-Osuna-844x1500.jpg 844w, https:\/\/festivalmusicajove.com\/wp-content\/uploads\/2025\/01\/Rocio-Osuna-397x705.jpg 397w\" sizes=\"(max-width: 1080px) 100vw, 1080px\" \/><\/div><span class='hidden team-member-affiliation'  itemprop=\"affiliation\" >Festival M\u00fasica Jove<\/span><\/section><\/div>\n<div class='flex_column av-9aufm-73b585df3ce9b9d7d9f99805123b4b4c av_one_half  avia-builder-el-21  el_after_av_one_half  el_before_av_one_half  first flex_column_div column-top-margin'     ><section  class='avia-team-member av-m5lifzxu-4833d09d2404139461c86202a328a49f  avia-builder-el-22  avia-builder-el-no-sibling'  itemscope=\"itemscope\" itemtype=\"https:\/\/schema.org\/Person\" ><div class=\"team-img-container\"><img decoding=\"async\" class='wp-image-2918 avia-img-lazy-loading-not-2918 avia_image avia_image_team' src=\"https:\/\/festivalmusicajove.com\/wp-content\/uploads\/2025\/01\/Elvira-Ramon-1.png\" alt=''  itemprop=\"image\"   height=\"1920\" width=\"1080\" srcset=\"https:\/\/festivalmusicajove.com\/wp-content\/uploads\/2025\/01\/Elvira-Ramon-1.png 1080w, https:\/\/festivalmusicajove.com\/wp-content\/uploads\/2025\/01\/Elvira-Ramon-1-169x300.png 169w, https:\/\/festivalmusicajove.com\/wp-content\/uploads\/2025\/01\/Elvira-Ramon-1-579x1030.png 579w, https:\/\/festivalmusicajove.com\/wp-content\/uploads\/2025\/01\/Elvira-Ramon-1-768x1365.png 768w, https:\/\/festivalmusicajove.com\/wp-content\/uploads\/2025\/01\/Elvira-Ramon-1-864x1536.png 864w, https:\/\/festivalmusicajove.com\/wp-content\/uploads\/2025\/01\/Elvira-Ramon-1-7x12.png 7w, https:\/\/festivalmusicajove.com\/wp-content\/uploads\/2025\/01\/Elvira-Ramon-1-844x1500.png 844w, https:\/\/festivalmusicajove.com\/wp-content\/uploads\/2025\/01\/Elvira-Ramon-1-397x705.png 397w\" sizes=\"(max-width: 1080px) 100vw, 1080px\" \/><\/div><span class='hidden team-member-affiliation'  itemprop=\"affiliation\" >Festival M\u00fasica Jove<\/span><\/section><\/div>\n<div class='flex_column av-2aw0sy-c5da7c95ab970fcffb3ea0376337e8d2 av_one_half  avia-builder-el-23  el_after_av_one_half  el_before_av_hr  flex_column_div column-top-margin'     ><section  class='avia-team-member av-m66yptdt-c4c613e8398d6c9b59bf42633f7552ca  avia-builder-el-24  avia-builder-el-no-sibling'  itemscope=\"itemscope\" itemtype=\"https:\/\/schema.org\/Person\" ><div class=\"team-img-container\"><img decoding=\"async\" class='wp-image-3191 avia-img-lazy-loading-not-3191 avia_image avia_image_team' src=\"https:\/\/festivalmusicajove.com\/wp-content\/uploads\/2025\/01\/Ursula-Pomar-bio.png\" alt=''  itemprop=\"image\"   height=\"1920\" width=\"1080\" srcset=\"https:\/\/festivalmusicajove.com\/wp-content\/uploads\/2025\/01\/Ursula-Pomar-bio.png 1080w, https:\/\/festivalmusicajove.com\/wp-content\/uploads\/2025\/01\/Ursula-Pomar-bio-169x300.png 169w, https:\/\/festivalmusicajove.com\/wp-content\/uploads\/2025\/01\/Ursula-Pomar-bio-579x1030.png 579w, https:\/\/festivalmusicajove.com\/wp-content\/uploads\/2025\/01\/Ursula-Pomar-bio-768x1365.png 768w, https:\/\/festivalmusicajove.com\/wp-content\/uploads\/2025\/01\/Ursula-Pomar-bio-864x1536.png 864w, https:\/\/festivalmusicajove.com\/wp-content\/uploads\/2025\/01\/Ursula-Pomar-bio-7x12.png 7w, https:\/\/festivalmusicajove.com\/wp-content\/uploads\/2025\/01\/Ursula-Pomar-bio-844x1500.png 844w, https:\/\/festivalmusicajove.com\/wp-content\/uploads\/2025\/01\/Ursula-Pomar-bio-397x705.png 397w\" sizes=\"(max-width: 1080px) 100vw, 1080px\" \/><\/div><span class='hidden team-member-affiliation'  itemprop=\"affiliation\" >Festival M\u00fasica Jove<\/span><\/section><\/div>\n<div  class='hr av-bbi6a-6640a959abc31f1267babee57da22b66 hr-default  avia-builder-el-25  el_after_av_one_half  el_before_av_button'><span class='hr-inner'><span class=\"hr-inner-style\"><\/span><\/span><\/div>\n<div  class='avia-button-wrap av-m5la4raa-9c075af7ae209aaf9086a07efe5c9cf1-wrap avia-button-center  avia-builder-el-26  el_after_av_hr  avia-builder-el-last' ><a href='https:\/\/festivalmusicajove.com\/es\/programacio-2026\/'  class='avia-button av-m5la4raa-9c075af7ae209aaf9086a07efe5c9cf1 avia-icon_select-no avia-size-small avia-position-center avia-color-theme-color-subtle' ><span class='avia_iconbox_title' >volver a programaci\u00f3n<\/span><\/a><\/div>","protected":false},"excerpt":{"rendered":"","protected":false},"author":2,"featured_media":3286,"parent":0,"menu_order":0,"comment_status":"closed","ping_status":"closed","template":"","meta":{"footnotes":""},"class_list":["post-2546","page","type-page","status-publish","has-post-thumbnail","hentry"],"yoast_head":"<!-- This site is optimized with the Yoast SEO plugin v23.7 - https:\/\/yoast.com\/wordpress\/plugins\/seo\/ -->\n<title>Les Fades dels Somnis - Festival M\u00fasica Jove<\/title>\n<meta name=\"robots\" content=\"index, follow, max-snippet:-1, max-image-preview:large, max-video-preview:-1\" \/>\n<link rel=\"canonical\" href=\"https:\/\/festivalmusicajove.com\/es\/fades-2\/\" \/>\n<meta property=\"og:locale\" content=\"es_ES\" \/>\n<meta property=\"og:type\" content=\"article\" \/>\n<meta property=\"og:title\" content=\"Les Fades dels Somnis - Festival M\u00fasica Jove\" \/>\n<meta property=\"og:url\" content=\"https:\/\/festivalmusicajove.com\/es\/fades-2\/\" \/>\n<meta property=\"og:site_name\" content=\"Festival M\u00fasica Jove\" \/>\n<meta property=\"article:modified_time\" content=\"2026-01-19T21:08:51+00:00\" \/>\n<meta property=\"og:image\" content=\"https:\/\/festivalmusicajove.com\/wp-content\/uploads\/2026\/01\/Les-fades-dels-somnis-1.png\" \/>\n\t<meta property=\"og:image:width\" content=\"1358\" \/>\n\t<meta property=\"og:image:height\" content=\"1920\" \/>\n\t<meta property=\"og:image:type\" content=\"image\/png\" \/>\n<meta name=\"twitter:card\" content=\"summary_large_image\" \/>\n<meta name=\"twitter:label1\" content=\"Tiempo de lectura\" \/>\n\t<meta name=\"twitter:data1\" content=\"10 minutos\" \/>\n<script type=\"application\/ld+json\" class=\"yoast-schema-graph\">{\"@context\":\"https:\/\/schema.org\",\"@graph\":[{\"@type\":\"WebPage\",\"@id\":\"https:\/\/festivalmusicajove.com\/fades-2\/\",\"url\":\"https:\/\/festivalmusicajove.com\/fades-2\/\",\"name\":\"Les Fades dels Somnis - Festival M\u00fasica Jove\",\"isPartOf\":{\"@id\":\"https:\/\/festivalmusicajove.com\/#website\"},\"primaryImageOfPage\":{\"@id\":\"https:\/\/festivalmusicajove.com\/fades-2\/#primaryimage\"},\"image\":{\"@id\":\"https:\/\/festivalmusicajove.com\/fades-2\/#primaryimage\"},\"thumbnailUrl\":\"https:\/\/festivalmusicajove.com\/wp-content\/uploads\/2026\/01\/Les-fades-dels-somnis-1.png\",\"datePublished\":\"2025-01-06T20:40:36+00:00\",\"dateModified\":\"2026-01-19T21:08:51+00:00\",\"breadcrumb\":{\"@id\":\"https:\/\/festivalmusicajove.com\/fades-2\/#breadcrumb\"},\"inLanguage\":\"es\",\"potentialAction\":[{\"@type\":\"ReadAction\",\"target\":[\"https:\/\/festivalmusicajove.com\/fades-2\/\"]}]},{\"@type\":\"ImageObject\",\"inLanguage\":\"es\",\"@id\":\"https:\/\/festivalmusicajove.com\/fades-2\/#primaryimage\",\"url\":\"https:\/\/festivalmusicajove.com\/wp-content\/uploads\/2026\/01\/Les-fades-dels-somnis-1.png\",\"contentUrl\":\"https:\/\/festivalmusicajove.com\/wp-content\/uploads\/2026\/01\/Les-fades-dels-somnis-1.png\",\"width\":1358,\"height\":1920},{\"@type\":\"BreadcrumbList\",\"@id\":\"https:\/\/festivalmusicajove.com\/fades-2\/#breadcrumb\",\"itemListElement\":[{\"@type\":\"ListItem\",\"position\":1,\"name\":\"Portada\",\"item\":\"https:\/\/festivalmusicajove.com\/\"},{\"@type\":\"ListItem\",\"position\":2,\"name\":\"Les Fades dels Somnis\"}]},{\"@type\":\"WebSite\",\"@id\":\"https:\/\/festivalmusicajove.com\/#website\",\"url\":\"https:\/\/festivalmusicajove.com\/\",\"name\":\"Festival M\u00fasica Jove\",\"description\":\"\",\"potentialAction\":[{\"@type\":\"SearchAction\",\"target\":{\"@type\":\"EntryPoint\",\"urlTemplate\":\"https:\/\/festivalmusicajove.com\/?s={search_term_string}\"},\"query-input\":{\"@type\":\"PropertyValueSpecification\",\"valueRequired\":true,\"valueName\":\"search_term_string\"}}],\"inLanguage\":\"es\"}]}<\/script>\n<!-- \/ Yoast SEO plugin. -->","yoast_head_json":{"title":"Les Fades dels Somnis - Festival M\u00fasica Jove","robots":{"index":"index","follow":"follow","max-snippet":"max-snippet:-1","max-image-preview":"max-image-preview:large","max-video-preview":"max-video-preview:-1"},"canonical":"https:\/\/festivalmusicajove.com\/es\/fades-2\/","og_locale":"es_ES","og_type":"article","og_title":"Les Fades dels Somnis - Festival M\u00fasica Jove","og_url":"https:\/\/festivalmusicajove.com\/es\/fades-2\/","og_site_name":"Festival M\u00fasica Jove","article_modified_time":"2026-01-19T21:08:51+00:00","og_image":[{"width":1358,"height":1920,"url":"https:\/\/festivalmusicajove.com\/wp-content\/uploads\/2026\/01\/Les-fades-dels-somnis-1.png","type":"image\/png"}],"twitter_card":"summary_large_image","twitter_misc":{"Tiempo de lectura":"10 minutos"},"schema":{"@context":"https:\/\/schema.org","@graph":[{"@type":"WebPage","@id":"https:\/\/festivalmusicajove.com\/fades-2\/","url":"https:\/\/festivalmusicajove.com\/fades-2\/","name":"Les Fades dels Somnis - Festival M\u00fasica Jove","isPartOf":{"@id":"https:\/\/festivalmusicajove.com\/#website"},"primaryImageOfPage":{"@id":"https:\/\/festivalmusicajove.com\/fades-2\/#primaryimage"},"image":{"@id":"https:\/\/festivalmusicajove.com\/fades-2\/#primaryimage"},"thumbnailUrl":"https:\/\/festivalmusicajove.com\/wp-content\/uploads\/2026\/01\/Les-fades-dels-somnis-1.png","datePublished":"2025-01-06T20:40:36+00:00","dateModified":"2026-01-19T21:08:51+00:00","breadcrumb":{"@id":"https:\/\/festivalmusicajove.com\/fades-2\/#breadcrumb"},"inLanguage":"es","potentialAction":[{"@type":"ReadAction","target":["https:\/\/festivalmusicajove.com\/fades-2\/"]}]},{"@type":"ImageObject","inLanguage":"es","@id":"https:\/\/festivalmusicajove.com\/fades-2\/#primaryimage","url":"https:\/\/festivalmusicajove.com\/wp-content\/uploads\/2026\/01\/Les-fades-dels-somnis-1.png","contentUrl":"https:\/\/festivalmusicajove.com\/wp-content\/uploads\/2026\/01\/Les-fades-dels-somnis-1.png","width":1358,"height":1920},{"@type":"BreadcrumbList","@id":"https:\/\/festivalmusicajove.com\/fades-2\/#breadcrumb","itemListElement":[{"@type":"ListItem","position":1,"name":"Portada","item":"https:\/\/festivalmusicajove.com\/"},{"@type":"ListItem","position":2,"name":"Les Fades dels Somnis"}]},{"@type":"WebSite","@id":"https:\/\/festivalmusicajove.com\/#website","url":"https:\/\/festivalmusicajove.com\/","name":"Festival M\u00fasica Jove","description":"","potentialAction":[{"@type":"SearchAction","target":{"@type":"EntryPoint","urlTemplate":"https:\/\/festivalmusicajove.com\/?s={search_term_string}"},"query-input":{"@type":"PropertyValueSpecification","valueRequired":true,"valueName":"search_term_string"}}],"inLanguage":"es"}]}},"_links":{"self":[{"href":"https:\/\/festivalmusicajove.com\/es\/wp-json\/wp\/v2\/pages\/2546","targetHints":{"allow":["GET"]}}],"collection":[{"href":"https:\/\/festivalmusicajove.com\/es\/wp-json\/wp\/v2\/pages"}],"about":[{"href":"https:\/\/festivalmusicajove.com\/es\/wp-json\/wp\/v2\/types\/page"}],"author":[{"embeddable":true,"href":"https:\/\/festivalmusicajove.com\/es\/wp-json\/wp\/v2\/users\/2"}],"replies":[{"embeddable":true,"href":"https:\/\/festivalmusicajove.com\/es\/wp-json\/wp\/v2\/comments?post=2546"}],"version-history":[{"count":35,"href":"https:\/\/festivalmusicajove.com\/es\/wp-json\/wp\/v2\/pages\/2546\/revisions"}],"predecessor-version":[{"id":3525,"href":"https:\/\/festivalmusicajove.com\/es\/wp-json\/wp\/v2\/pages\/2546\/revisions\/3525"}],"wp:featuredmedia":[{"embeddable":true,"href":"https:\/\/festivalmusicajove.com\/es\/wp-json\/wp\/v2\/media\/3286"}],"wp:attachment":[{"href":"https:\/\/festivalmusicajove.com\/es\/wp-json\/wp\/v2\/media?parent=2546"}],"curies":[{"name":"wp","href":"https:\/\/api.w.org\/{rel}","templated":true}]}}