{"id":2531,"date":"2025-01-06T20:27:54","date_gmt":"2025-01-06T20:27:54","guid":{"rendered":"https:\/\/festivalmusicajove.com\/?page_id=2531"},"modified":"2026-01-06T22:57:33","modified_gmt":"2026-01-06T22:57:33","slug":"pinpon-cantar","status":"publish","type":"page","link":"https:\/\/festivalmusicajove.com\/es\/pinpon-cantar\/","title":{"rendered":"Taller Pin Pon...a cantar!"},"content":{"rendered":"<div class='flex_column av-61frph-0dedca1f4c4628db8f8063a0d24c7684 av_one_full  avia-builder-el-0  el_before_av_one_third  avia-builder-el-first  first flex_column_div'     ><p>\n<style type=\"text\/css\" data-created_by=\"avia_inline_auto\" id=\"style-css-av-m5l9jox3-f17347b0e8ce6f7a69646f213b07b9a6\">\n#top .av-special-heading.av-m5l9jox3-f17347b0e8ce6f7a69646f213b07b9a6{\npadding-bottom:10px;\n}\nbody .av-special-heading.av-m5l9jox3-f17347b0e8ce6f7a69646f213b07b9a6 .av-special-heading-tag .heading-char{\nfont-size:25px;\n}\n.av-special-heading.av-m5l9jox3-f17347b0e8ce6f7a69646f213b07b9a6 .av-subheading{\nfont-size:15px;\n}\n<\/style>\n<div  class='av-special-heading av-m5l9jox3-f17347b0e8ce6f7a69646f213b07b9a6 av-special-heading-h2 blockquote modern-quote modern-centered  avia-builder-el-1  el_before_av_textblock  avia-builder-el-first'><h2 class='av-special-heading-tag'  itemprop=\"headline\"  >Informaci\u00f3n de la actividad<\/h2><div class=\"special-heading-border\"><div class=\"special-heading-inner-border\"><\/div><\/div><\/div><br \/>\n\n<style type=\"text\/css\" data-created_by=\"avia_inline_auto\" id=\"style-css-av-m5l9l50j-2f152922ab9a748767024d135e148437\">\n#top .av_textblock_section.av-m5l9l50j-2f152922ab9a748767024d135e148437 .avia_textblock{\nfont-size:19px;\n}\n<\/style>\n<section  class='av_textblock_section av-m5l9l50j-2f152922ab9a748767024d135e148437'  itemscope=\"itemscope\" itemtype=\"https:\/\/schema.org\/CreativeWork\" ><div class='avia_textblock'  itemprop=\"text\" ><p>El taller infantil <em><strong>Pin Pon... a cantar<\/strong><\/em> es una propuesta l\u00fadica y educativa dirigida a ni\u00f1os peque\u00f1os donde, a trav\u00e9s de juegos y canciones, se fomenta el desarrollo del lenguaje, la motricidad y la expresi\u00f3n emocional. Los participantes exploran el mundo de la m\u00fasica y el canto mientras interact\u00faan con canciones cl\u00e1sicas, como la conocida melod\u00eda de \"Pin Pon\".<\/p>\n<p>Este taller busca dar a conocer las canciones infantiles de toda la vida, adem\u00e1s de despertar la imaginaci\u00f3n de los ni\u00f1os, promover la socializaci\u00f3n y ayudarles a expresar sus sentimientos de manera divertida y educativa.<\/p>\n<\/div><\/section><\/p><\/div>\n<div class='flex_column_table av-doi8zn-c3d3231aea95629b9a63962fb036d8f4 sc-av_one_third av-equal-height-column-flextable'><div class='flex_column av-doi8zn-c3d3231aea95629b9a63962fb036d8f4 av_one_third  avia-builder-el-3  el_after_av_one_full  el_before_av_one_third  first flex_column_table_cell av-equal-height-column av-align-top column-top-margin'     ><p><article  class='iconbox iconbox_top av-m5r5x7cp-856ceeb07f01af7f3a506f2fb0c09d56  avia-builder-el-4  el_before_av_hr  avia-builder-el-first  main_color'  itemscope=\"itemscope\" itemtype=\"https:\/\/schema.org\/CreativeWork\" ><div class=\"iconbox_content\"><header class=\"entry-content-header\"><div class=\"iconbox_icon heading-color\" aria-hidden='true' data-av_icon='\ue81e' data-av_iconfont='entypo-fontello'><\/div><h3 class='iconbox_content_title'  itemprop=\"headline\" >Edad recomendada<\/h3><\/header><div class='iconbox_content_container'  itemprop=\"text\" ><p>de 3 a 6 a\u00f1os<\/p>\n<\/div><\/div><footer class=\"entry-footer\"><\/footer><\/article><br \/>\n\n<style type=\"text\/css\" data-created_by=\"avia_inline_auto\" id=\"style-css-av-cna0j7-1b4f4ae4c8a86f9af044121c868118b6\">\n#top .hr.hr-invisible.av-cna0j7-1b4f4ae4c8a86f9af044121c868118b6{\nheight:10px;\n}\n<\/style>\n<div  class='hr av-cna0j7-1b4f4ae4c8a86f9af044121c868118b6 hr-invisible  avia-builder-el-5  el_after_av_icon_box  el_before_av_icon_box'><span class='hr-inner'><span class=\"hr-inner-style\"><\/span><\/span><\/div><br \/>\n<article  class='iconbox iconbox_top av-m5r5xo57-5a9543b7dc9d9f01273ea1c2d9b622a8  avia-builder-el-6  el_after_av_hr  avia-builder-el-last  main_color'  itemscope=\"itemscope\" itemtype=\"https:\/\/schema.org\/CreativeWork\" ><div class=\"iconbox_content\"><header class=\"entry-content-header\"><div class=\"iconbox_icon heading-color\" aria-hidden='true' data-av_icon='\ue81e' data-av_iconfont='entypo-fontello'><\/div><h3 class='iconbox_content_title'  itemprop=\"headline\" >Espacio<\/h3><\/header><div class='iconbox_content_container'  itemprop=\"text\" ><p>Patronato Municipal de M\u00fasica (aula 3)<br \/>\nc\/ Pere Franc\u00e9s<\/p>\n<\/div><\/div><footer class=\"entry-footer\"><\/footer><\/article><\/p><\/div>\n<div class='av-flex-placeholder'><\/div><div class='flex_column av-bcomqb-1e27340c2a3bbbdb9cb9ebf9ed37e47e av_one_third  avia-builder-el-7  el_after_av_one_third  el_before_av_one_third  flex_column_table_cell av-equal-height-column av-align-top column-top-margin'     ><p><article  class='iconbox iconbox_top av-m5r5xee4-e28087fc15b01e0fd74b2568164af2aa  avia-builder-el-8  el_before_av_hr  avia-builder-el-first  main_color'  itemscope=\"itemscope\" itemtype=\"https:\/\/schema.org\/CreativeWork\" ><div class=\"iconbox_content\"><header class=\"entry-content-header\"><div class=\"iconbox_icon heading-color\" aria-hidden='true' data-av_icon='\ue81e' data-av_iconfont='entypo-fontello'><\/div><h3 class='iconbox_content_title'  itemprop=\"headline\" >\u00bfCu\u00e1ndo?<\/h3><\/header><div class='iconbox_content_container'  itemprop=\"text\" ><p>Domingo 1 de febrero<\/p>\n<\/div><\/div><footer class=\"entry-footer\"><\/footer><\/article><br \/>\n\n<style type=\"text\/css\" data-created_by=\"avia_inline_auto\" id=\"style-css-av-9lh1fn-e36d3357787df0ef0821bdd054bafa4d\">\n#top .hr.hr-invisible.av-9lh1fn-e36d3357787df0ef0821bdd054bafa4d{\nheight:10px;\n}\n<\/style>\n<div  class='hr av-9lh1fn-e36d3357787df0ef0821bdd054bafa4d hr-invisible  avia-builder-el-9  el_after_av_icon_box  el_before_av_icon_box'><span class='hr-inner'><span class=\"hr-inner-style\"><\/span><\/span><\/div><br \/>\n<article  class='iconbox iconbox_top av-m5r5xsl6-79cc9e5042b6db4142520bc95d423668  avia-builder-el-10  el_after_av_hr  avia-builder-el-last  main_color'  itemscope=\"itemscope\" itemtype=\"https:\/\/schema.org\/CreativeWork\" ><div class=\"iconbox_content\"><header class=\"entry-content-header\"><div class=\"iconbox_icon heading-color\" aria-hidden='true' data-av_icon='\ue81e' data-av_iconfont='entypo-fontello'><\/div><h3 class='iconbox_content_title'  itemprop=\"headline\" >Precio<\/h3><\/header><div class='iconbox_content_container'  itemprop=\"text\" ><p>Actividad Gratuita<\/p>\n<\/div><\/div><footer class=\"entry-footer\"><\/footer><\/article><\/p><\/div>\n<div class='av-flex-placeholder'><\/div><div class='flex_column av-6s7f5f-df87b4a41ffec321dab62fba012f750f av_one_third  avia-builder-el-11  el_after_av_one_third  el_before_av_hr  flex_column_table_cell av-equal-height-column av-align-top column-top-margin'     ><p><article  class='iconbox iconbox_top av-m5r5xkei-0e5aceec7cf1059e7ce809934853f960  avia-builder-el-12  el_before_av_hr  avia-builder-el-first  main_color'  itemscope=\"itemscope\" itemtype=\"https:\/\/schema.org\/CreativeWork\" ><div class=\"iconbox_content\"><header class=\"entry-content-header\"><div class=\"iconbox_icon heading-color\" aria-hidden='true' data-av_icon='\ue81e' data-av_iconfont='entypo-fontello'><\/div><h3 class='iconbox_content_title'  itemprop=\"headline\" >Horario<\/h3><\/header><div class='iconbox_content_container'  itemprop=\"text\" ><p>de 11 a 12h<\/p>\n<\/div><\/div><footer class=\"entry-footer\"><\/footer><\/article><br \/>\n\n<style type=\"text\/css\" data-created_by=\"avia_inline_auto\" id=\"style-css-av-5n55k3-87c067d7cd8282632902918dd9464df9\">\n#top .hr.hr-invisible.av-5n55k3-87c067d7cd8282632902918dd9464df9{\nheight:10px;\n}\n<\/style>\n<div  class='hr av-5n55k3-87c067d7cd8282632902918dd9464df9 hr-invisible  avia-builder-el-13  el_after_av_icon_box  avia-builder-el-last'><span class='hr-inner'><span class=\"hr-inner-style\"><\/span><\/span><\/div><\/p><\/div><\/div><!--close column table wrapper. Autoclose: 1 -->\n<div  class='hr av-6kgsab-f9c319fa1b9b4d48bd93a5b6df8bcd33 hr-default  avia-builder-el-14  el_after_av_one_third  el_before_av_one_full'><span class='hr-inner'><span class=\"hr-inner-style\"><\/span><\/span><\/div>\n<div class='flex_column av-43tzdh-a937fd1e65db6b3162837c9bc10d5f27 av_one_full  avia-builder-el-15  el_after_av_hr  el_before_av_one_half  first flex_column_div'     ><style type=\"text\/css\" data-created_by=\"avia_inline_auto\" id=\"style-css-av-m5l9ko83-5f145fc2bf13ca3e78e953c6495b0547\">\n#top .av-special-heading.av-m5l9ko83-5f145fc2bf13ca3e78e953c6495b0547{\npadding-bottom:10px;\n}\nbody .av-special-heading.av-m5l9ko83-5f145fc2bf13ca3e78e953c6495b0547 .av-special-heading-tag .heading-char{\nfont-size:25px;\n}\n.av-special-heading.av-m5l9ko83-5f145fc2bf13ca3e78e953c6495b0547 .av-subheading{\nfont-size:15px;\n}\n<\/style>\n<div  class='av-special-heading av-m5l9ko83-5f145fc2bf13ca3e78e953c6495b0547 av-special-heading-h2 blockquote modern-quote modern-centered  avia-builder-el-16  avia-builder-el-no-sibling'><h2 class='av-special-heading-tag'  itemprop=\"headline\"  >Los artistas<\/h2><div class=\"special-heading-border\"><div class=\"special-heading-inner-border\"><\/div><\/div><\/div><\/div>\n<div class='flex_column av-2ofmpx-056834c35c60675eff7f19dd6ccbdc45 av_one_half  avia-builder-el-17  el_after_av_one_full  el_before_av_one_half  first flex_column_div column-top-margin'     ><section  class='avia-team-member av-m5l9qkvq-1dc1de28e95bf28ca019f6daeed8123f  avia-builder-el-18  avia-builder-el-no-sibling'  itemscope=\"itemscope\" itemtype=\"https:\/\/schema.org\/Person\" ><div class=\"team-img-container\"><img decoding=\"async\" class='wp-image-2445 avia-img-lazy-loading-not-2445 avia_image avia_image_team' src=\"https:\/\/festivalmusicajove.com\/wp-content\/uploads\/2025\/01\/Lucia-Herranz.jpg\" alt=''  itemprop=\"image\"   height=\"1920\" width=\"1080\" srcset=\"https:\/\/festivalmusicajove.com\/wp-content\/uploads\/2025\/01\/Lucia-Herranz.jpg 1080w, https:\/\/festivalmusicajove.com\/wp-content\/uploads\/2025\/01\/Lucia-Herranz-169x300.jpg 169w, https:\/\/festivalmusicajove.com\/wp-content\/uploads\/2025\/01\/Lucia-Herranz-579x1030.jpg 579w, https:\/\/festivalmusicajove.com\/wp-content\/uploads\/2025\/01\/Lucia-Herranz-768x1365.jpg 768w, https:\/\/festivalmusicajove.com\/wp-content\/uploads\/2025\/01\/Lucia-Herranz-864x1536.jpg 864w, https:\/\/festivalmusicajove.com\/wp-content\/uploads\/2025\/01\/Lucia-Herranz-7x12.jpg 7w, https:\/\/festivalmusicajove.com\/wp-content\/uploads\/2025\/01\/Lucia-Herranz-844x1500.jpg 844w, https:\/\/festivalmusicajove.com\/wp-content\/uploads\/2025\/01\/Lucia-Herranz-397x705.jpg 397w\" sizes=\"(max-width: 1080px) 100vw, 1080px\" \/><\/div><span class='hidden team-member-affiliation'  itemprop=\"affiliation\" >Festival M\u00fasica Jove<\/span><\/section><\/div>\n<div class='flex_column av-6gq6it-7a7a12274f540497409e2a7e4269224d av_one_half  avia-builder-el-19  el_after_av_one_half  el_before_av_hr  flex_column_div column-top-margin'     ><section  class='avia-team-member av-3v8p45-366291402ef7455c58fea433f17531fa  avia-builder-el-20  avia-builder-el-no-sibling'  itemscope=\"itemscope\" itemtype=\"https:\/\/schema.org\/Person\" ><div class=\"team-img-container\"><img decoding=\"async\" class='wp-image-2539 avia-img-lazy-loading-not-2539 avia_image avia_image_team' src=\"https:\/\/festivalmusicajove.com\/wp-content\/uploads\/2025\/01\/Andres-Bretel.png\" alt=''  itemprop=\"image\"   height=\"1920\" width=\"1080\" srcset=\"https:\/\/festivalmusicajove.com\/wp-content\/uploads\/2025\/01\/Andres-Bretel.png 1080w, https:\/\/festivalmusicajove.com\/wp-content\/uploads\/2025\/01\/Andres-Bretel-169x300.png 169w, https:\/\/festivalmusicajove.com\/wp-content\/uploads\/2025\/01\/Andres-Bretel-579x1030.png 579w, https:\/\/festivalmusicajove.com\/wp-content\/uploads\/2025\/01\/Andres-Bretel-768x1365.png 768w, https:\/\/festivalmusicajove.com\/wp-content\/uploads\/2025\/01\/Andres-Bretel-864x1536.png 864w, https:\/\/festivalmusicajove.com\/wp-content\/uploads\/2025\/01\/Andres-Bretel-7x12.png 7w, https:\/\/festivalmusicajove.com\/wp-content\/uploads\/2025\/01\/Andres-Bretel-844x1500.png 844w, https:\/\/festivalmusicajove.com\/wp-content\/uploads\/2025\/01\/Andres-Bretel-397x705.png 397w\" sizes=\"(max-width: 1080px) 100vw, 1080px\" \/><\/div><span class='hidden team-member-affiliation'  itemprop=\"affiliation\" >Festival M\u00fasica Jove<\/span><\/section><\/div>\n<div  class='hr av-4y60qb-4c7176d080ca5e0369da36ea945888a7 hr-default  avia-builder-el-21  el_after_av_one_half  el_before_av_one_fourth'><span class='hr-inner'><span class=\"hr-inner-style\"><\/span><\/span><\/div>\n<div class='flex_column av-3yo5n7-e7c462e5d551ffe3a266a44aea6b108b av_one_fourth  avia-builder-el-22  el_after_av_hr  el_before_av_one_half  first flex_column_div'     ><\/div>\n<div class='flex_column av-5n0yt-132a2dea76665ca40c8a590a0411f4fd av_one_half  avia-builder-el-23  el_after_av_one_fourth  el_before_av_one_fourth  flex_column_div'     ><div  class='avia-button-wrap av-mk2xigb4-143e43598d4cd881e97daf06980c0341-wrap avia-button-center  avia-builder-el-24  avia-builder-el-no-sibling' ><a href='https:\/\/forms.gle\/AP3ZB7wntexNqdnx8'  class='avia-button av-mk2xigb4-143e43598d4cd881e97daf06980c0341 avia-icon_select-no avia-size-small avia-position-center avia-color-theme-color' ><span class='avia_iconbox_title' >Inscripci\u00f3n al Taller<\/span><\/a><\/div><\/div>\n<div class='flex_column av-2yzv2r-3ef5f1f8944ab5b0de4e3b0ac649eb24 av_one_fourth  avia-builder-el-25  el_after_av_one_half  el_before_av_hr  flex_column_div'     ><\/div>\n<div  class='hr av-9czkz-1ca78cdc36688dca86a638eae0ff380c hr-default  avia-builder-el-26  el_after_av_one_fourth  el_before_av_button'><span class='hr-inner'><span class=\"hr-inner-style\"><\/span><\/span><\/div>\n<div  class='avia-button-wrap av-m5la4raa-9c075af7ae209aaf9086a07efe5c9cf1-wrap avia-button-center  avia-builder-el-27  el_after_av_hr  avia-builder-el-last' ><a href='https:\/\/festivalmusicajove.com\/es\/programacio-2026\/'  class='avia-button av-m5la4raa-9c075af7ae209aaf9086a07efe5c9cf1 avia-icon_select-no avia-size-small avia-position-center avia-color-theme-color-subtle' ><span class='avia_iconbox_title' >volver a programaci\u00f3n<\/span><\/a><\/div>","protected":false},"excerpt":{"rendered":"","protected":false},"author":2,"featured_media":3290,"parent":0,"menu_order":0,"comment_status":"closed","ping_status":"closed","template":"","meta":{"footnotes":""},"class_list":["post-2531","page","type-page","status-publish","has-post-thumbnail","hentry"],"yoast_head":"<!-- This site is optimized with the Yoast SEO plugin v23.7 - https:\/\/yoast.com\/wordpress\/plugins\/seo\/ -->\n<title>Taller Pin Pon... a cantar! - Festival M\u00fasica Jove<\/title>\n<meta name=\"robots\" content=\"index, follow, max-snippet:-1, max-image-preview:large, max-video-preview:-1\" \/>\n<link rel=\"canonical\" href=\"https:\/\/festivalmusicajove.com\/es\/pinpon-cantar\/\" \/>\n<meta property=\"og:locale\" content=\"es_ES\" \/>\n<meta property=\"og:type\" content=\"article\" \/>\n<meta property=\"og:title\" content=\"Taller Pin Pon... a cantar! - Festival M\u00fasica Jove\" \/>\n<meta property=\"og:url\" content=\"https:\/\/festivalmusicajove.com\/es\/pinpon-cantar\/\" \/>\n<meta property=\"og:site_name\" content=\"Festival M\u00fasica Jove\" \/>\n<meta property=\"article:modified_time\" content=\"2026-01-06T22:57:33+00:00\" \/>\n<meta property=\"og:image\" content=\"https:\/\/festivalmusicajove.com\/wp-content\/uploads\/2026\/01\/Pin-Pon.a-cantar.png\" \/>\n\t<meta property=\"og:image:width\" content=\"1786\" \/>\n\t<meta property=\"og:image:height\" content=\"2526\" \/>\n\t<meta property=\"og:image:type\" content=\"image\/png\" \/>\n<meta name=\"twitter:card\" content=\"summary_large_image\" \/>\n<meta name=\"twitter:label1\" content=\"Tiempo de lectura\" \/>\n\t<meta name=\"twitter:data1\" content=\"10 minutos\" \/>\n<script type=\"application\/ld+json\" class=\"yoast-schema-graph\">{\"@context\":\"https:\/\/schema.org\",\"@graph\":[{\"@type\":\"WebPage\",\"@id\":\"https:\/\/festivalmusicajove.com\/pinpon-cantar\/\",\"url\":\"https:\/\/festivalmusicajove.com\/pinpon-cantar\/\",\"name\":\"Taller Pin Pon... a cantar! - Festival M\u00fasica Jove\",\"isPartOf\":{\"@id\":\"https:\/\/festivalmusicajove.com\/#website\"},\"primaryImageOfPage\":{\"@id\":\"https:\/\/festivalmusicajove.com\/pinpon-cantar\/#primaryimage\"},\"image\":{\"@id\":\"https:\/\/festivalmusicajove.com\/pinpon-cantar\/#primaryimage\"},\"thumbnailUrl\":\"https:\/\/festivalmusicajove.com\/wp-content\/uploads\/2026\/01\/Pin-Pon.a-cantar.png\",\"datePublished\":\"2025-01-06T20:27:54+00:00\",\"dateModified\":\"2026-01-06T22:57:33+00:00\",\"breadcrumb\":{\"@id\":\"https:\/\/festivalmusicajove.com\/pinpon-cantar\/#breadcrumb\"},\"inLanguage\":\"es\",\"potentialAction\":[{\"@type\":\"ReadAction\",\"target\":[\"https:\/\/festivalmusicajove.com\/pinpon-cantar\/\"]}]},{\"@type\":\"ImageObject\",\"inLanguage\":\"es\",\"@id\":\"https:\/\/festivalmusicajove.com\/pinpon-cantar\/#primaryimage\",\"url\":\"https:\/\/festivalmusicajove.com\/wp-content\/uploads\/2026\/01\/Pin-Pon.a-cantar.png\",\"contentUrl\":\"https:\/\/festivalmusicajove.com\/wp-content\/uploads\/2026\/01\/Pin-Pon.a-cantar.png\",\"width\":1786,\"height\":2526},{\"@type\":\"BreadcrumbList\",\"@id\":\"https:\/\/festivalmusicajove.com\/pinpon-cantar\/#breadcrumb\",\"itemListElement\":[{\"@type\":\"ListItem\",\"position\":1,\"name\":\"Portada\",\"item\":\"https:\/\/festivalmusicajove.com\/\"},{\"@type\":\"ListItem\",\"position\":2,\"name\":\"Taller Pin Pon&#8230; a cantar!\"}]},{\"@type\":\"WebSite\",\"@id\":\"https:\/\/festivalmusicajove.com\/#website\",\"url\":\"https:\/\/festivalmusicajove.com\/\",\"name\":\"Festival M\u00fasica Jove\",\"description\":\"\",\"potentialAction\":[{\"@type\":\"SearchAction\",\"target\":{\"@type\":\"EntryPoint\",\"urlTemplate\":\"https:\/\/festivalmusicajove.com\/?s={search_term_string}\"},\"query-input\":{\"@type\":\"PropertyValueSpecification\",\"valueRequired\":true,\"valueName\":\"search_term_string\"}}],\"inLanguage\":\"es\"}]}<\/script>\n<!-- \/ Yoast SEO plugin. -->","yoast_head_json":{"title":"Taller Pin Pon... a cantar! - Festival M\u00fasica Jove","robots":{"index":"index","follow":"follow","max-snippet":"max-snippet:-1","max-image-preview":"max-image-preview:large","max-video-preview":"max-video-preview:-1"},"canonical":"https:\/\/festivalmusicajove.com\/es\/pinpon-cantar\/","og_locale":"es_ES","og_type":"article","og_title":"Taller Pin Pon... a cantar! - Festival M\u00fasica Jove","og_url":"https:\/\/festivalmusicajove.com\/es\/pinpon-cantar\/","og_site_name":"Festival M\u00fasica Jove","article_modified_time":"2026-01-06T22:57:33+00:00","og_image":[{"width":1786,"height":2526,"url":"https:\/\/festivalmusicajove.com\/wp-content\/uploads\/2026\/01\/Pin-Pon.a-cantar.png","type":"image\/png"}],"twitter_card":"summary_large_image","twitter_misc":{"Tiempo de lectura":"10 minutos"},"schema":{"@context":"https:\/\/schema.org","@graph":[{"@type":"WebPage","@id":"https:\/\/festivalmusicajove.com\/pinpon-cantar\/","url":"https:\/\/festivalmusicajove.com\/pinpon-cantar\/","name":"Taller Pin Pon... a cantar! - Festival M\u00fasica Jove","isPartOf":{"@id":"https:\/\/festivalmusicajove.com\/#website"},"primaryImageOfPage":{"@id":"https:\/\/festivalmusicajove.com\/pinpon-cantar\/#primaryimage"},"image":{"@id":"https:\/\/festivalmusicajove.com\/pinpon-cantar\/#primaryimage"},"thumbnailUrl":"https:\/\/festivalmusicajove.com\/wp-content\/uploads\/2026\/01\/Pin-Pon.a-cantar.png","datePublished":"2025-01-06T20:27:54+00:00","dateModified":"2026-01-06T22:57:33+00:00","breadcrumb":{"@id":"https:\/\/festivalmusicajove.com\/pinpon-cantar\/#breadcrumb"},"inLanguage":"es","potentialAction":[{"@type":"ReadAction","target":["https:\/\/festivalmusicajove.com\/pinpon-cantar\/"]}]},{"@type":"ImageObject","inLanguage":"es","@id":"https:\/\/festivalmusicajove.com\/pinpon-cantar\/#primaryimage","url":"https:\/\/festivalmusicajove.com\/wp-content\/uploads\/2026\/01\/Pin-Pon.a-cantar.png","contentUrl":"https:\/\/festivalmusicajove.com\/wp-content\/uploads\/2026\/01\/Pin-Pon.a-cantar.png","width":1786,"height":2526},{"@type":"BreadcrumbList","@id":"https:\/\/festivalmusicajove.com\/pinpon-cantar\/#breadcrumb","itemListElement":[{"@type":"ListItem","position":1,"name":"Portada","item":"https:\/\/festivalmusicajove.com\/"},{"@type":"ListItem","position":2,"name":"Taller Pin Pon&#8230; a cantar!"}]},{"@type":"WebSite","@id":"https:\/\/festivalmusicajove.com\/#website","url":"https:\/\/festivalmusicajove.com\/","name":"Festival M\u00fasica Jove","description":"","potentialAction":[{"@type":"SearchAction","target":{"@type":"EntryPoint","urlTemplate":"https:\/\/festivalmusicajove.com\/?s={search_term_string}"},"query-input":{"@type":"PropertyValueSpecification","valueRequired":true,"valueName":"search_term_string"}}],"inLanguage":"es"}]}},"_links":{"self":[{"href":"https:\/\/festivalmusicajove.com\/es\/wp-json\/wp\/v2\/pages\/2531","targetHints":{"allow":["GET"]}}],"collection":[{"href":"https:\/\/festivalmusicajove.com\/es\/wp-json\/wp\/v2\/pages"}],"about":[{"href":"https:\/\/festivalmusicajove.com\/es\/wp-json\/wp\/v2\/types\/page"}],"author":[{"embeddable":true,"href":"https:\/\/festivalmusicajove.com\/es\/wp-json\/wp\/v2\/users\/2"}],"replies":[{"embeddable":true,"href":"https:\/\/festivalmusicajove.com\/es\/wp-json\/wp\/v2\/comments?post=2531"}],"version-history":[{"count":11,"href":"https:\/\/festivalmusicajove.com\/es\/wp-json\/wp\/v2\/pages\/2531\/revisions"}],"predecessor-version":[{"id":3548,"href":"https:\/\/festivalmusicajove.com\/es\/wp-json\/wp\/v2\/pages\/2531\/revisions\/3548"}],"wp:featuredmedia":[{"embeddable":true,"href":"https:\/\/festivalmusicajove.com\/es\/wp-json\/wp\/v2\/media\/3290"}],"wp:attachment":[{"href":"https:\/\/festivalmusicajove.com\/es\/wp-json\/wp\/v2\/media?parent=2531"}],"curies":[{"name":"wp","href":"https:\/\/api.w.org\/{rel}","templated":true}]}}