{"id":19,"date":"2022-07-03T13:40:32","date_gmt":"2022-07-03T13:40:32","guid":{"rendered":"https:\/\/festivalmusicajove.com\/?page_id=19"},"modified":"2026-01-06T22:50:44","modified_gmt":"2026-01-06T22:50:44","slug":"inicio","status":"publish","type":"page","link":"https:\/\/festivalmusicajove.com\/es\/","title":{"rendered":"Inicio"},"content":{"rendered":"<div   class='avia-fullscreen-slider main_color   avia-builder-el-0  el_before_av_one_full  avia-builder-el-first  container_wrap fullsize'  ><div  class='avia-slideshow av-15rkb-73d48adf5af6b615426329eb269c4491 avia-slideshow-no scaling av_fullscreen avia-slide-slider av-slideshow-ui av-control-default av-slideshow-manual av-loop-once av-loop-manual-endless av-default-height-applied   avia-slideshow-1' data-slideshow-options=\"{&quot;animation&quot;:&quot;slide&quot;,&quot;autoplay&quot;:false,&quot;loop_autoplay&quot;:&quot;once&quot;,&quot;interval&quot;:5,&quot;loop_manual&quot;:&quot;manual-endless&quot;,&quot;autoplay_stopper&quot;:false,&quot;noNavigation&quot;:false,&quot;bg_slider&quot;:true,&quot;keep_padding&quot;:false,&quot;hoverpause&quot;:false,&quot;show_slide_delay&quot;:0,&quot;slide_height&quot;:&quot;100&quot;,&quot;image_attachment&quot;:&quot;&quot;}\"  itemprop=\"image\" itemscope=\"itemscope\" itemtype=\"https:\/\/schema.org\/ImageObject\" ><ul class='avia-slideshow-inner' style='padding-bottom: 56.25%;'><li style='background-position:center center;' data-img-url='https:\/\/festivalmusicajove.com\/wp-content\/uploads\/2026\/01\/Banner-II-Festival-Musica-Jove-2.png' class='avia-slideshow-slide av-15rkb-73d48adf5af6b615426329eb269c4491__0  av-single-slide slide-1 slide-odd'><div data-rel='slideshow-1' class='avia-slide-wrap'   ><\/div><\/li><\/ul><\/div><\/div><div id='after_full_slider_1'  class='main_color av_default_container_wrap container_wrap fullsize'  ><div class='container av-section-cont-open' ><div class='template-page content  av-content-full alpha units'><div class='post-entry post-entry-type-page post-entry-19'><div class='entry-content-wrapper clearfix'>\n<div class='flex_column av-36lj-0fedbc31668f748ce3e42faca702a7ff av_one_full  avia-builder-el-1  el_after_av_fullscreen  el_before_av_one_full  avia-builder-el-first  first flex_column_div'     ><\/div>\n<div class='flex_column av-1h57j-e108454efa2d8d1960ac0126f0d3f76e av_one_full  avia-builder-el-2  el_after_av_one_full  el_before_av_one_fifth  first flex_column_div column-top-margin'     ><p>\n<style type=\"text\/css\" data-created_by=\"avia_inline_auto\" id=\"style-css-av-m2awqp1e-f4e10373697b1d1b3d6cd7144ff1ef21\">\n#top .av-special-heading.av-m2awqp1e-f4e10373697b1d1b3d6cd7144ff1ef21{\npadding-bottom:10px;\ncolor:#edae44;\n}\nbody .av-special-heading.av-m2awqp1e-f4e10373697b1d1b3d6cd7144ff1ef21 .av-special-heading-tag .heading-char{\nfont-size:25px;\n}\n.av-special-heading.av-m2awqp1e-f4e10373697b1d1b3d6cd7144ff1ef21 .special-heading-inner-border{\nborder-color:#edae44;\n}\n.av-special-heading.av-m2awqp1e-f4e10373697b1d1b3d6cd7144ff1ef21 .av-subheading{\nfont-size:15px;\n}\n<\/style>\n<div  class='av-special-heading av-m2awqp1e-f4e10373697b1d1b3d6cd7144ff1ef21 av-special-heading-h2 custom-color-heading blockquote elegant-quote elegant-centered  avia-builder-el-3  el_before_av_textblock  avia-builder-el-first'><h2 class='av-special-heading-tag'  itemprop=\"headline\"  ><span class=\"heading-wrap\">Presentaci\u00f3n<\/span><\/h2><div class=\"special-heading-border\"><div class=\"special-heading-inner-border\"><\/div><\/div><\/div><br \/>\n\n<style type=\"text\/css\" data-created_by=\"avia_inline_auto\" id=\"style-css-av-m5k3d7a5-948726a04fc3a2876a306c03be567585\">\n#top .av_textblock_section.av-m5k3d7a5-948726a04fc3a2876a306c03be567585 .avia_textblock{\nfont-size:19px;\ntext-align:center;\n}\n<\/style>\n<section  class='av_textblock_section av-m5k3d7a5-948726a04fc3a2876a306c03be567585'  itemscope=\"itemscope\" itemtype=\"https:\/\/schema.org\/CreativeWork\" ><div class='avia_textblock'  itemprop=\"text\" ><p style=\"text-align: left;\">El <strong>Festival M\u00fasica Jove<\/strong> es una propuesta cultural y educativa que ofrece talleres musicales y conciertos did\u00e1cticos pensados y dise\u00f1ados especialmente para ni\u00f1os y j\u00f3venes de 0 a 18 a\u00f1os. El festival nace con la voluntad de acercar la m\u00fasica a los m\u00e1s j\u00f3venes de una manera pr\u00f3xima, l\u00fadica y adaptada en cada etapa del desarrollo.<\/p>\n<p style=\"text-align: left;\">La participaci\u00f3n en las actividades no requiere conocimientos previos de m\u00fasica ni de lenguaje musical, puesto que todas las propuestas est\u00e1n concebidas para que el p\u00fablico pueda descubrir, aprender, experimentar y disfrutar de la m\u00fasica a trav\u00e9s de la escucha, el cuerpo, la voz, el movimiento y la participaci\u00f3n activa.<\/p>\n<p style=\"text-align: left;\">A lo largo del festival, los ni\u00f1os y j\u00f3venes tienen la oportunidad de adentrarse en una gran variedad de estilos musicales, como el pop, el jazz, el gospel, la \u00f3pera, la zarzuela, las bandas sonoras, la percusi\u00f3n corporal, la sensibilizaci\u00f3n musical, la batucada o el canto, siempre desde un enfoque creativo, did\u00e1ctico y vivencial.<\/p>\n<p style=\"text-align: left;\">La III edici\u00f3n del Festival M\u00fasica Jove se celebra del 18 de enero al 22 de marzo, con actividades todos los domingos, y ofrece un amplio abanico de <strong>talleres<\/strong> y <strong>conciertos did\u00e1cticos<\/strong> para que cada ni\u00f1o y joven pueda encontrar aquellas propuestas que mejor se adapten a sus intereses y a su edad. El festival pone un \u00e9nfasis especial en la primera infancia, con actividades espec\u00edficas para beb\u00e9s y ni\u00f1os peque\u00f1os, as\u00ed como en la diversidad de formatos y experiencias musicales.<\/p>\n<p style=\"text-align: left;\">Organizado por la <strong>Concejal\u00eda de Cultura del Ayuntamiento de Ibiza<\/strong> y coordinado por la pianista ibicenca <strong>Elvira Ram\u00f3n<\/strong>, el Festival M\u00fasica Jove presenta este a\u00f1o una programaci\u00f3n formada por 4 conciertos did\u00e1cticos y 8 talleres musicales, a cargo de m\u00fasicos, artistas y profesionales de reconocida trayectoria.<\/p>\n<p style=\"text-align: left;\">El Festival M\u00fasica Jove invita ni\u00f1os, j\u00f3venes y familias a vivir la m\u00fasica como una experiencia compartida, abierta, enriquecedora y llena de descubrimientos.<\/p>\n<p style=\"text-align: left;\">\u00a1Todo el mundo est\u00e1 invitado!<\/p>\n<\/div><\/section><\/p><\/div><div class='flex_column av-sutr-613016e487a1e1ebba31e042dfed6abc av_one_fifth  avia-builder-el-5  el_after_av_one_full  el_before_av_three_fifth  first flex_column_div column-top-margin'     ><\/div><\/p>\n<div class='flex_column av-24rwj-9583177a20f8621abd8d11d704d5323a av_three_fifth  avia-builder-el-6  el_after_av_one_fifth  el_before_av_one_fifth  flex_column_div column-top-margin'     ><section  class='avia-team-member av-1adjb-aff6444eaa76d73bf38a9c8a8357b2cf  avia-builder-el-7  avia-builder-el-no-sibling'  itemscope=\"itemscope\" itemtype=\"https:\/\/schema.org\/Person\" ><div class=\"team-img-container\"><img decoding=\"async\" class='wp-image-3362 avia-img-lazy-loading-not-3362 avia_image avia_image_team' src=\"https:\/\/festivalmusicajove.com\/wp-content\/uploads\/2026\/01\/PHOTO-2026-01-06-11-32-29.jpg\" alt=''  itemprop=\"image\"   height=\"846\" width=\"1392\" srcset=\"https:\/\/festivalmusicajove.com\/wp-content\/uploads\/2026\/01\/PHOTO-2026-01-06-11-32-29.jpg 1392w, https:\/\/festivalmusicajove.com\/wp-content\/uploads\/2026\/01\/PHOTO-2026-01-06-11-32-29-300x182.jpg 300w, https:\/\/festivalmusicajove.com\/wp-content\/uploads\/2026\/01\/PHOTO-2026-01-06-11-32-29-1030x626.jpg 1030w, https:\/\/festivalmusicajove.com\/wp-content\/uploads\/2026\/01\/PHOTO-2026-01-06-11-32-29-768x467.jpg 768w, https:\/\/festivalmusicajove.com\/wp-content\/uploads\/2026\/01\/PHOTO-2026-01-06-11-32-29-18x12.jpg 18w, https:\/\/festivalmusicajove.com\/wp-content\/uploads\/2026\/01\/PHOTO-2026-01-06-11-32-29-705x428.jpg 705w\" sizes=\"(max-width: 1392px) 100vw, 1392px\" \/><\/div><span class='hidden team-member-affiliation'  itemprop=\"affiliation\" >Festival M\u00fasica Jove<\/span><\/section><\/div>\n<div class='flex_column av-qo9z-bb9e486ce2d22f026c4c84d3b10b9e10 av_one_fifth  avia-builder-el-8  el_after_av_three_fifth  el_before_av_textblock  flex_column_div column-top-margin'     ><\/div>\n<section  class='av_textblock_section av-mk2gfcox-fef13018fc9417a24a482f73c6572057'  itemscope=\"itemscope\" itemtype=\"https:\/\/schema.org\/CreativeWork\" ><div class='avia_textblock'  itemprop=\"text\" ><p style=\"text-align: center;\">Carmen Dom\u00ednguez y Elvira Ramon<\/p>\n<\/div><\/section>\n<div class='flex_column av-4lwr-fefec97dd0da8f1db1174af75a6fc8db av_one_full  avia-builder-el-10  el_after_av_textblock  el_before_av_one_full  first flex_column_div column-top-margin'     ><\/div>\n<div class='flex_column av-wb7j-92eca6df6bd1119ee95fde315fecdfaa av_one_full  avia-builder-el-11  el_after_av_one_full  el_before_av_section  avia-builder-el-last  first flex_column_div column-top-margin'     ><\/div>\n<\/div><\/div><\/div><!-- close content main div --><\/div><\/div><div id='av_section_1'  class='avia-section av-nmjz-f000a88bf723b86c2f84bdbc74efdeaa main_color avia-section-default avia-no-border-styling  avia-builder-el-12  el_after_av_one_full  el_before_av_one_full  avia-bg-style-scroll container_wrap fullsize'  ><div class='container av-section-cont-open' ><div class='template-page content  av-content-full alpha units'><div class='post-entry post-entry-type-page post-entry-19'><div class='entry-content-wrapper clearfix'>\n<div class='flex_column av-1hee3-605bb921c778753cbf6be2501786135a av_one_full  avia-builder-el-13  el_before_av_one_full  avia-builder-el-first  first flex_column_div'     ><style type=\"text\/css\" data-created_by=\"avia_inline_auto\" id=\"style-css-av-m2f45mdw-ac5bc2a617bee1d2df264dfa91238b5d\">\n#top .av-special-heading.av-m2f45mdw-ac5bc2a617bee1d2df264dfa91238b5d{\npadding-bottom:10px;\ncolor:#edae44;\n}\nbody .av-special-heading.av-m2f45mdw-ac5bc2a617bee1d2df264dfa91238b5d .av-special-heading-tag .heading-char{\nfont-size:25px;\n}\n.av-special-heading.av-m2f45mdw-ac5bc2a617bee1d2df264dfa91238b5d .special-heading-inner-border{\nborder-color:#edae44;\n}\n.av-special-heading.av-m2f45mdw-ac5bc2a617bee1d2df264dfa91238b5d .av-subheading{\nfont-size:15px;\n}\n<\/style>\n<div  class='av-special-heading av-m2f45mdw-ac5bc2a617bee1d2df264dfa91238b5d av-special-heading-h2 custom-color-heading blockquote modern-quote modern-centered  avia-builder-el-14  avia-builder-el-no-sibling'><h2 class='av-special-heading-tag'  itemprop=\"headline\"  >programaci\u00f3n III edici\u00f3n<\/h2><div class='av_custom_color av-subheading av-subheading_below'><p>del 18 de enero al 22 de marzo de 2026<\/p>\n<\/div><div class=\"special-heading-border\"><div class=\"special-heading-inner-border\"><\/div><\/div><\/div><\/div><div class='flex_column av-1w2pj-6209e65ca68dfc115e7af4bee89991d7 av_one_full  avia-builder-el-15  el_after_av_one_full  avia-builder-el-last  first flex_column_div column-top-margin'     ><div  class='avia-button-wrap avia-button-center  avia-builder-el-16  avia-builder-el-no-sibling' >\n<style type=\"text\/css\" data-created_by=\"avia_inline_auto\" id=\"style-css-av-mk1d0jtw-e49e1793fd4eb59d242677d877fe2e67\">\n#top #wrap_all .avia-button.av-mk1d0jtw-e49e1793fd4eb59d242677d877fe2e67:hover{\ncolor:white;\n-webkit-transition:all 0.4s ease-in-out;\n-moz-transition:all 0.4s ease-in-out;\n-ms-transition:all 0.4s ease-in-out;\n-o-transition:all 0.4s ease-in-out;\ntransition:all 0.4s ease-in-out;\n}\n<\/style>\n<a href='https:\/\/festivalmusicajove.com\/es\/programacio-2026\/' class='avia-color-theme-color avia-font-color-theme-color avia-button avia-button-fullwidth av-mk1d0jtw-e49e1793fd4eb59d242677d877fe2e67 avia-icon_select-no avia-color-theme-color' ><span class='avia_iconbox_title' >haz clic para ver toda la programaci\u00f3n<\/span><span class='avia_button_background avia-button avia-button-fullwidth avia-color-theme-color-highlight'><\/span><\/a><\/div><\/div>\n<\/div><\/div><\/div><!-- close content main div --><\/div><\/div><div id='after_section_1'  class='main_color av_default_container_wrap container_wrap fullsize'  ><div class='container av-section-cont-open' ><div class='template-page content  av-content-full alpha units'><div class='post-entry post-entry-type-page post-entry-19'><div class='entry-content-wrapper clearfix'>\n<div class='flex_column av-117ir-7585bf944c5bc6ef2638601bf8407a48 av_one_full  avia-builder-el-17  el_after_av_section  avia-builder-el-no-sibling  first flex_column_div'     ><\/div>","protected":false},"excerpt":{"rendered":"","protected":false},"author":1,"featured_media":0,"parent":0,"menu_order":0,"comment_status":"closed","ping_status":"closed","template":"","meta":{"footnotes":""},"class_list":["post-19","page","type-page","status-publish","hentry"],"yoast_head":"<!-- This site is optimized with the Yoast SEO plugin v23.7 - https:\/\/yoast.com\/wordpress\/plugins\/seo\/ -->\n<title>Inicio - Festival M\u00fasica Jove<\/title>\n<meta name=\"robots\" content=\"index, follow, max-snippet:-1, max-image-preview:large, max-video-preview:-1\" \/>\n<link rel=\"canonical\" href=\"https:\/\/festivalmusicajove.com\/es\/\" \/>\n<meta property=\"og:locale\" content=\"es_ES\" \/>\n<meta property=\"og:type\" content=\"article\" \/>\n<meta property=\"og:title\" content=\"Inicio - Festival M\u00fasica Jove\" \/>\n<meta property=\"og:url\" content=\"https:\/\/festivalmusicajove.com\/es\/\" \/>\n<meta property=\"og:site_name\" content=\"Festival M\u00fasica Jove\" \/>\n<meta property=\"article:modified_time\" content=\"2026-01-06T22:50:44+00:00\" \/>\n<meta name=\"twitter:card\" content=\"summary_large_image\" \/>\n<meta name=\"twitter:label1\" content=\"Tiempo de lectura\" \/>\n\t<meta name=\"twitter:data1\" content=\"8 minutos\" \/>\n<script type=\"application\/ld+json\" class=\"yoast-schema-graph\">{\"@context\":\"https:\/\/schema.org\",\"@graph\":[{\"@type\":\"WebPage\",\"@id\":\"https:\/\/festivalmusicajove.com\/\",\"url\":\"https:\/\/festivalmusicajove.com\/\",\"name\":\"Inicio - Festival M\u00fasica Jove\",\"isPartOf\":{\"@id\":\"https:\/\/festivalmusicajove.com\/#website\"},\"datePublished\":\"2022-07-03T13:40:32+00:00\",\"dateModified\":\"2026-01-06T22:50:44+00:00\",\"breadcrumb\":{\"@id\":\"https:\/\/festivalmusicajove.com\/#breadcrumb\"},\"inLanguage\":\"es\",\"potentialAction\":[{\"@type\":\"ReadAction\",\"target\":[\"https:\/\/festivalmusicajove.com\/\"]}]},{\"@type\":\"BreadcrumbList\",\"@id\":\"https:\/\/festivalmusicajove.com\/#breadcrumb\",\"itemListElement\":[{\"@type\":\"ListItem\",\"position\":1,\"name\":\"Portada\",\"item\":\"https:\/\/festivalmusicajove.com\/\"},{\"@type\":\"ListItem\",\"position\":2,\"name\":\"Inicio\"}]},{\"@type\":\"WebSite\",\"@id\":\"https:\/\/festivalmusicajove.com\/#website\",\"url\":\"https:\/\/festivalmusicajove.com\/\",\"name\":\"Festival M\u00fasica Jove\",\"description\":\"\",\"potentialAction\":[{\"@type\":\"SearchAction\",\"target\":{\"@type\":\"EntryPoint\",\"urlTemplate\":\"https:\/\/festivalmusicajove.com\/?s={search_term_string}\"},\"query-input\":{\"@type\":\"PropertyValueSpecification\",\"valueRequired\":true,\"valueName\":\"search_term_string\"}}],\"inLanguage\":\"es\"}]}<\/script>\n<!-- \/ Yoast SEO plugin. -->","yoast_head_json":{"title":"Inicio - Festival M\u00fasica Jove","robots":{"index":"index","follow":"follow","max-snippet":"max-snippet:-1","max-image-preview":"max-image-preview:large","max-video-preview":"max-video-preview:-1"},"canonical":"https:\/\/festivalmusicajove.com\/es\/","og_locale":"es_ES","og_type":"article","og_title":"Inicio - Festival M\u00fasica Jove","og_url":"https:\/\/festivalmusicajove.com\/es\/","og_site_name":"Festival M\u00fasica Jove","article_modified_time":"2026-01-06T22:50:44+00:00","twitter_card":"summary_large_image","twitter_misc":{"Tiempo de lectura":"8 minutos"},"schema":{"@context":"https:\/\/schema.org","@graph":[{"@type":"WebPage","@id":"https:\/\/festivalmusicajove.com\/","url":"https:\/\/festivalmusicajove.com\/","name":"Inicio - Festival M\u00fasica Jove","isPartOf":{"@id":"https:\/\/festivalmusicajove.com\/#website"},"datePublished":"2022-07-03T13:40:32+00:00","dateModified":"2026-01-06T22:50:44+00:00","breadcrumb":{"@id":"https:\/\/festivalmusicajove.com\/#breadcrumb"},"inLanguage":"es","potentialAction":[{"@type":"ReadAction","target":["https:\/\/festivalmusicajove.com\/"]}]},{"@type":"BreadcrumbList","@id":"https:\/\/festivalmusicajove.com\/#breadcrumb","itemListElement":[{"@type":"ListItem","position":1,"name":"Portada","item":"https:\/\/festivalmusicajove.com\/"},{"@type":"ListItem","position":2,"name":"Inicio"}]},{"@type":"WebSite","@id":"https:\/\/festivalmusicajove.com\/#website","url":"https:\/\/festivalmusicajove.com\/","name":"Festival M\u00fasica Jove","description":"","potentialAction":[{"@type":"SearchAction","target":{"@type":"EntryPoint","urlTemplate":"https:\/\/festivalmusicajove.com\/?s={search_term_string}"},"query-input":{"@type":"PropertyValueSpecification","valueRequired":true,"valueName":"search_term_string"}}],"inLanguage":"es"}]}},"_links":{"self":[{"href":"https:\/\/festivalmusicajove.com\/es\/wp-json\/wp\/v2\/pages\/19","targetHints":{"allow":["GET"]}}],"collection":[{"href":"https:\/\/festivalmusicajove.com\/es\/wp-json\/wp\/v2\/pages"}],"about":[{"href":"https:\/\/festivalmusicajove.com\/es\/wp-json\/wp\/v2\/types\/page"}],"author":[{"embeddable":true,"href":"https:\/\/festivalmusicajove.com\/es\/wp-json\/wp\/v2\/users\/1"}],"replies":[{"embeddable":true,"href":"https:\/\/festivalmusicajove.com\/es\/wp-json\/wp\/v2\/comments?post=19"}],"version-history":[{"count":300,"href":"https:\/\/festivalmusicajove.com\/es\/wp-json\/wp\/v2\/pages\/19\/revisions"}],"predecessor-version":[{"id":3556,"href":"https:\/\/festivalmusicajove.com\/es\/wp-json\/wp\/v2\/pages\/19\/revisions\/3556"}],"wp:attachment":[{"href":"https:\/\/festivalmusicajove.com\/es\/wp-json\/wp\/v2\/media?parent=19"}],"curies":[{"name":"wp","href":"https:\/\/api.w.org\/{rel}","templated":true}]}}